{"id":20810,"date":"2020-06-20T22:47:08","date_gmt":"2020-06-20T19:47:08","guid":{"rendered":"https:\/\/woodinout.net\/product\/legetoej-i-traemaanefase\/"},"modified":"2022-04-28T11:27:54","modified_gmt":"2022-04-28T08:27:54","slug":"manefase","status":"publish","type":"product","link":"https:\/\/woodinout.net\/da\/product\/manefase\/","title":{"rendered":"Leget\u00f8j i tr\u00e6m\u00e5nefase"},"content":{"rendered":"<p>Inspireret af Montessori er vores tr\u00e6m\u00e5nefaseleget\u00f8j H\u00c5NDLAVET, milj\u00f8venligt og g\u00f8r det nemt at l\u00e6re. F\u00e5 denne m\u00e5ne fase indstillet som julegave til b\u00f8rn eller en af l\u00e6reren gaver. For\u00e6ldre vil s\u00e6tte pris p\u00e5 det p\u00e5 hjemmeskole, absolut stilfuld derfor ser godt ud i hvert klassev\u00e6relse. Moon fase puslespil er en af de mest foretrukne blandt vores b\u00f8rn, da de elsker at sammenligne det med den virkelige m\u00e5ne uden for vinduet.<\/p>\n<p>Vil forbedre <a href=\"https:\/\/woodinout.net\/product-tag\/fine-motor-skills-activities\/\">motoriske f\u00e6rdigheder<\/a><\/p>\n<p>L\u00e6ngde: ~7 tommer<br \/>\nH\u00f8jde: ~7,9 tommer<br \/>\nTykkelse: ~0,6 tommer<\/p>\n<p>FARVER OG MATERIALE<br \/>\nFarve: naturlig og brun olieret.<br \/>\nLeget\u00f8jet er lavet af naturligt massivt tr\u00e6 og krydsfiner.<br \/>\nBem\u00e6rk, at farverne kan variere p\u00e5 grund af indstillinger for computersk\u00e6rm og lettelse.<\/p>\n<p>For flere ideer, f\u00f8lg os p\u00e5 <a href=\"https:\/\/www.instagram.com\/woodinout\/\">INSTAGRAM<\/a> &amp; <a href=\"https:\/\/www.facebook.com\/Woodinout.net\">FACEBOOK<\/a><\/p>\n","protected":false},"excerpt":{"rendered":"<p>Inspireret af Montessori er vores tr\u00e6m\u00e5nefaseleget\u00f8j H\u00c5NDLAVET, milj\u00f8venligt og g\u00f8r det nemt at l\u00e6re. F\u00e5 denne m\u00e5ne fase indstillet som julegave til b\u00f8rn eller en af l\u00e6reren gaver. For\u00e6ldre vil s\u00e6tte pris p\u00e5 det p\u00e5 hjemmeskole, absolut stilfuld derfor ser godt ud i hvert klassev\u00e6relse. Moon fase puslespil er en af de mest foretrukne blandt [&hellip;]<\/p>\n","protected":false},"featured_media":17021,"template":"","meta":{"_monsterinsights_skip_tracking":false,"_monsterinsights_sitenote_active":false,"_monsterinsights_sitenote_note":"","_monsterinsights_sitenote_category":0},"product_cat":[1431,1435],"product_tag":[1488,1483,1439,1479,1506,1495,1501,1472,1452,1460,1512,1517],"yoast_head":"<!-- This site is optimized with the Yoast SEO plugin v22.1 - https:\/\/yoast.com\/wordpress\/plugins\/seo\/ -->\n<title>Leget\u00f8j i tr\u00e6m\u00e5nefase - Woodinout \u00a9 Learning leget\u00f8j<\/title>\n<meta name=\"description\" content=\"Tr\u00e6m\u00e5nefaser til b\u00f8rn - Stilfuldt leget\u00f8j til videnskabsl\u00e6ring. H\u00e5ndlavet af massivt tr\u00e6 dette puslespil er perfekt b\u00f8rn gave!\" \/>\n<meta name=\"robots\" content=\"index, follow, max-snippet:-1, max-image-preview:large, max-video-preview:-1\" \/>\n<link rel=\"canonical\" href=\"https:\/\/woodinout.net\/da\/product\/manefase\/\" \/>\n<meta property=\"og:locale\" content=\"da_DK\" \/>\n<meta property=\"og:type\" content=\"article\" \/>\n<meta property=\"og:title\" content=\"Leget\u00f8j i tr\u00e6m\u00e5nefase - Woodinout \u00a9 Learning leget\u00f8j\" \/>\n<meta property=\"og:description\" content=\"Tr\u00e6m\u00e5nefaser til b\u00f8rn - Stilfuldt leget\u00f8j til videnskabsl\u00e6ring. H\u00e5ndlavet af massivt tr\u00e6 dette puslespil er perfekt b\u00f8rn gave!\" \/>\n<meta property=\"og:url\" content=\"https:\/\/woodinout.net\/da\/product\/manefase\/\" \/>\n<meta property=\"og:site_name\" content=\"Woodinout \u00a9\" \/>\n<meta property=\"article:modified_time\" content=\"2022-04-28T08:27:54+00:00\" \/>\n<meta property=\"og:image\" content=\"https:\/\/woodinout.net\/wp-content\/uploads\/2020\/06\/Moon-phase-1.jpg\" \/>\n\t<meta property=\"og:image:width\" content=\"853\" \/>\n\t<meta property=\"og:image:height\" content=\"1280\" \/>\n\t<meta property=\"og:image:type\" content=\"image\/jpeg\" \/>\n<meta name=\"twitter:card\" content=\"summary_large_image\" \/>\n<meta name=\"twitter:label1\" content=\"Estimeret l\u00e6setid\" \/>\n\t<meta name=\"twitter:data1\" content=\"1 minut\" \/>\n<script type=\"application\/ld+json\" class=\"yoast-schema-graph\">{\"@context\":\"https:\/\/schema.org\",\"@graph\":[{\"@type\":\"WebPage\",\"@id\":\"https:\/\/woodinout.net\/da\/product\/manefase\/\",\"url\":\"https:\/\/woodinout.net\/da\/product\/manefase\/\",\"name\":\"Leget\u00f8j i tr\u00e6m\u00e5nefase - Woodinout \u00a9 Learning leget\u00f8j\",\"isPartOf\":{\"@id\":\"https:\/\/woodinout.net\/da\/#website\"},\"datePublished\":\"2020-06-20T19:47:08+00:00\",\"dateModified\":\"2022-04-28T08:27:54+00:00\",\"description\":\"Tr\u00e6m\u00e5nefaser til b\u00f8rn - Stilfuldt leget\u00f8j til videnskabsl\u00e6ring. H\u00e5ndlavet af massivt tr\u00e6 dette puslespil er perfekt b\u00f8rn gave!\",\"breadcrumb\":{\"@id\":\"https:\/\/woodinout.net\/da\/product\/manefase\/#breadcrumb\"},\"inLanguage\":\"da-DK\",\"potentialAction\":[{\"@type\":\"ReadAction\",\"target\":[\"https:\/\/woodinout.net\/da\/product\/manefase\/\"]}]},{\"@type\":\"BreadcrumbList\",\"@id\":\"https:\/\/woodinout.net\/da\/product\/manefase\/#breadcrumb\",\"itemListElement\":[{\"@type\":\"ListItem\",\"position\":1,\"name\":\"Home\",\"item\":\"https:\/\/woodinout.net\/da\/\"},{\"@type\":\"ListItem\",\"position\":2,\"name\":\"Shop\",\"item\":\"https:\/\/woodinout.net\/shop\/\"},{\"@type\":\"ListItem\",\"position\":3,\"name\":\"Leget\u00f8j i tr\u00e6m\u00e5nefase\"}]},{\"@type\":\"WebSite\",\"@id\":\"https:\/\/woodinout.net\/da\/#website\",\"url\":\"https:\/\/woodinout.net\/da\/\",\"name\":\"Woodinout \u00a9\",\"description\":\"Wooden Montessori toys, gifts, home and events decor details\",\"potentialAction\":[{\"@type\":\"SearchAction\",\"target\":{\"@type\":\"EntryPoint\",\"urlTemplate\":\"https:\/\/woodinout.net\/da\/?s={search_term_string}\"},\"query-input\":\"required name=search_term_string\"}],\"inLanguage\":\"da-DK\"}]}<\/script>\n<!-- \/ Yoast SEO plugin. -->","yoast_head_json":{"title":"Leget\u00f8j i tr\u00e6m\u00e5nefase - Woodinout \u00a9 Learning leget\u00f8j","description":"Tr\u00e6m\u00e5nefaser til b\u00f8rn - Stilfuldt leget\u00f8j til videnskabsl\u00e6ring. H\u00e5ndlavet af massivt tr\u00e6 dette puslespil er perfekt b\u00f8rn gave!","robots":{"index":"index","follow":"follow","max-snippet":"max-snippet:-1","max-image-preview":"max-image-preview:large","max-video-preview":"max-video-preview:-1"},"canonical":"https:\/\/woodinout.net\/da\/product\/manefase\/","og_locale":"da_DK","og_type":"article","og_title":"Leget\u00f8j i tr\u00e6m\u00e5nefase - Woodinout \u00a9 Learning leget\u00f8j","og_description":"Tr\u00e6m\u00e5nefaser til b\u00f8rn - Stilfuldt leget\u00f8j til videnskabsl\u00e6ring. H\u00e5ndlavet af massivt tr\u00e6 dette puslespil er perfekt b\u00f8rn gave!","og_url":"https:\/\/woodinout.net\/da\/product\/manefase\/","og_site_name":"Woodinout \u00a9","article_modified_time":"2022-04-28T08:27:54+00:00","og_image":[{"width":853,"height":1280,"url":"https:\/\/woodinout.net\/wp-content\/uploads\/2020\/06\/Moon-phase-1.jpg","type":"image\/jpeg"}],"twitter_card":"summary_large_image","twitter_misc":{"Estimeret l\u00e6setid":"1 minut"},"schema":{"@context":"https:\/\/schema.org","@graph":[{"@type":"WebPage","@id":"https:\/\/woodinout.net\/da\/product\/manefase\/","url":"https:\/\/woodinout.net\/da\/product\/manefase\/","name":"Leget\u00f8j i tr\u00e6m\u00e5nefase - Woodinout \u00a9 Learning leget\u00f8j","isPartOf":{"@id":"https:\/\/woodinout.net\/da\/#website"},"datePublished":"2020-06-20T19:47:08+00:00","dateModified":"2022-04-28T08:27:54+00:00","description":"Tr\u00e6m\u00e5nefaser til b\u00f8rn - Stilfuldt leget\u00f8j til videnskabsl\u00e6ring. H\u00e5ndlavet af massivt tr\u00e6 dette puslespil er perfekt b\u00f8rn gave!","breadcrumb":{"@id":"https:\/\/woodinout.net\/da\/product\/manefase\/#breadcrumb"},"inLanguage":"da-DK","potentialAction":[{"@type":"ReadAction","target":["https:\/\/woodinout.net\/da\/product\/manefase\/"]}]},{"@type":"BreadcrumbList","@id":"https:\/\/woodinout.net\/da\/product\/manefase\/#breadcrumb","itemListElement":[{"@type":"ListItem","position":1,"name":"Home","item":"https:\/\/woodinout.net\/da\/"},{"@type":"ListItem","position":2,"name":"Shop","item":"https:\/\/woodinout.net\/shop\/"},{"@type":"ListItem","position":3,"name":"Leget\u00f8j i tr\u00e6m\u00e5nefase"}]},{"@type":"WebSite","@id":"https:\/\/woodinout.net\/da\/#website","url":"https:\/\/woodinout.net\/da\/","name":"Woodinout \u00a9","description":"Wooden Montessori toys, gifts, home and events decor details","potentialAction":[{"@type":"SearchAction","target":{"@type":"EntryPoint","urlTemplate":"https:\/\/woodinout.net\/da\/?s={search_term_string}"},"query-input":"required name=search_term_string"}],"inLanguage":"da-DK"}]}},"_links":{"self":[{"href":"https:\/\/woodinout.net\/da\/wp-json\/wp\/v2\/product\/20810"}],"collection":[{"href":"https:\/\/woodinout.net\/da\/wp-json\/wp\/v2\/product"}],"about":[{"href":"https:\/\/woodinout.net\/da\/wp-json\/wp\/v2\/types\/product"}],"wp:featuredmedia":[{"embeddable":true,"href":"https:\/\/woodinout.net\/da\/wp-json\/wp\/v2\/media\/17021"}],"wp:attachment":[{"href":"https:\/\/woodinout.net\/da\/wp-json\/wp\/v2\/media?parent=20810"}],"wp:term":[{"taxonomy":"product_cat","embeddable":true,"href":"https:\/\/woodinout.net\/da\/wp-json\/wp\/v2\/product_cat?post=20810"},{"taxonomy":"product_tag","embeddable":true,"href":"https:\/\/woodinout.net\/da\/wp-json\/wp\/v2\/product_tag?post=20810"}],"curies":[{"name":"wp","href":"https:\/\/api.w.org\/{rel}","templated":true}]}}