{"id":20805,"date":"2021-03-22T13:33:33","date_gmt":"2021-03-22T11:33:33","guid":{"rendered":"https:\/\/woodinout.net\/product\/farverige-elastikker\/"},"modified":"2022-04-19T16:09:53","modified_gmt":"2022-04-19T13:09:53","slug":"farverige-gummiband","status":"publish","type":"product","link":"https:\/\/woodinout.net\/da\/product\/farverige-gummiband\/","title":{"rendered":"Farverige elastikker"},"content":{"rendered":"<p>Simple farverige gummib\u00e5nd som supplement til tr\u00e6 geoboard &#8211; pegboard til b\u00f8rn. Dette kunne v\u00e6re en perfekt stress eller terapi leget\u00f8j til rolig og kreativ leg enten for b\u00f8rn og voksne.<\/p>\n<p>28 stk. Af farverige elastikker<\/p>\n<p>FARVER OG MATERIALE<br \/>\nFarve: tilf\u00e6ldigt plukket<br \/>\nLeget\u00f8j er lavet af gummi<br \/>\nBem\u00e6rk, at farverne kan variere p\u00e5 grund af indstillinger for computersk\u00e6rm og lettelse.<\/p>\n","protected":false},"excerpt":{"rendered":"<p>Simple farverige gummib\u00e5nd som supplement til tr\u00e6 geoboard &#8211; pegboard til b\u00f8rn. Dette kunne v\u00e6re en perfekt stress eller terapi leget\u00f8j til rolig og kreativ leg enten for b\u00f8rn og voksne. 28 stk. Af farverige elastikker FARVER OG MATERIALE Farve: tilf\u00e6ldigt plukket Leget\u00f8j er lavet af gummi Bem\u00e6rk, at farverne kan variere p\u00e5 grund af [&hellip;]<\/p>\n","protected":false},"featured_media":20357,"template":"","meta":{"_monsterinsights_skip_tracking":false,"_monsterinsights_sitenote_active":false,"_monsterinsights_sitenote_note":"","_monsterinsights_sitenote_category":0},"product_cat":[1463,1431],"product_tag":[1488,1483,1515,1510,1522,1439,1479,1498,1472,1452,1460,1504],"yoast_head":"<!-- This site is optimized with the Yoast SEO plugin v22.1 - https:\/\/yoast.com\/wordpress\/plugins\/seo\/ -->\n<title>Farverige elastikker - Woodinout \u00a9 Montessori leget\u00f8j<\/title>\n<meta name=\"description\" content=\"Simple farverige elastikker som supplement til tr\u00e6 geoboard. Dette kunne v\u00e6re en perfekt stress eller terapi leget\u00f8j til rolig og kreativ leg.\" \/>\n<meta name=\"robots\" content=\"index, follow, max-snippet:-1, max-image-preview:large, max-video-preview:-1\" \/>\n<link rel=\"canonical\" href=\"https:\/\/woodinout.net\/da\/product\/farverige-gummiband\/\" \/>\n<meta property=\"og:locale\" content=\"da_DK\" \/>\n<meta property=\"og:type\" content=\"article\" \/>\n<meta property=\"og:title\" content=\"Farverige elastikker - Woodinout \u00a9 Montessori leget\u00f8j\" \/>\n<meta property=\"og:description\" content=\"Simple farverige elastikker som supplement til tr\u00e6 geoboard. Dette kunne v\u00e6re en perfekt stress eller terapi leget\u00f8j til rolig og kreativ leg.\" \/>\n<meta property=\"og:url\" content=\"https:\/\/woodinout.net\/da\/product\/farverige-gummiband\/\" \/>\n<meta property=\"og:site_name\" content=\"Woodinout \u00a9\" \/>\n<meta property=\"article:modified_time\" content=\"2022-04-19T13:09:53+00:00\" \/>\n<meta property=\"og:image\" content=\"https:\/\/woodinout.net\/wp-content\/uploads\/2021\/03\/Colorful-rubber-bands.jpg\" \/>\n\t<meta property=\"og:image:width\" content=\"1140\" \/>\n\t<meta property=\"og:image:height\" content=\"974\" \/>\n\t<meta property=\"og:image:type\" content=\"image\/jpeg\" \/>\n<meta name=\"twitter:card\" content=\"summary_large_image\" \/>\n<script type=\"application\/ld+json\" class=\"yoast-schema-graph\">{\"@context\":\"https:\/\/schema.org\",\"@graph\":[{\"@type\":\"WebPage\",\"@id\":\"https:\/\/woodinout.net\/da\/product\/farverige-gummiband\/\",\"url\":\"https:\/\/woodinout.net\/da\/product\/farverige-gummiband\/\",\"name\":\"Farverige elastikker - Woodinout \u00a9 Montessori leget\u00f8j\",\"isPartOf\":{\"@id\":\"https:\/\/woodinout.net\/da\/#website\"},\"datePublished\":\"2021-03-22T11:33:33+00:00\",\"dateModified\":\"2022-04-19T13:09:53+00:00\",\"description\":\"Simple farverige elastikker som supplement til tr\u00e6 geoboard. Dette kunne v\u00e6re en perfekt stress eller terapi leget\u00f8j til rolig og kreativ leg.\",\"breadcrumb\":{\"@id\":\"https:\/\/woodinout.net\/da\/product\/farverige-gummiband\/#breadcrumb\"},\"inLanguage\":\"da-DK\",\"potentialAction\":[{\"@type\":\"ReadAction\",\"target\":[\"https:\/\/woodinout.net\/da\/product\/farverige-gummiband\/\"]}]},{\"@type\":\"BreadcrumbList\",\"@id\":\"https:\/\/woodinout.net\/da\/product\/farverige-gummiband\/#breadcrumb\",\"itemListElement\":[{\"@type\":\"ListItem\",\"position\":1,\"name\":\"Home\",\"item\":\"https:\/\/woodinout.net\/da\/\"},{\"@type\":\"ListItem\",\"position\":2,\"name\":\"Shop\",\"item\":\"https:\/\/woodinout.net\/shop\/\"},{\"@type\":\"ListItem\",\"position\":3,\"name\":\"Farverige elastikker\"}]},{\"@type\":\"WebSite\",\"@id\":\"https:\/\/woodinout.net\/da\/#website\",\"url\":\"https:\/\/woodinout.net\/da\/\",\"name\":\"Woodinout \u00a9\",\"description\":\"Wooden Montessori toys, gifts, home and events decor details\",\"potentialAction\":[{\"@type\":\"SearchAction\",\"target\":{\"@type\":\"EntryPoint\",\"urlTemplate\":\"https:\/\/woodinout.net\/da\/?s={search_term_string}\"},\"query-input\":\"required name=search_term_string\"}],\"inLanguage\":\"da-DK\"}]}<\/script>\n<!-- \/ Yoast SEO plugin. -->","yoast_head_json":{"title":"Farverige elastikker - Woodinout \u00a9 Montessori leget\u00f8j","description":"Simple farverige elastikker som supplement til tr\u00e6 geoboard. Dette kunne v\u00e6re en perfekt stress eller terapi leget\u00f8j til rolig og kreativ leg.","robots":{"index":"index","follow":"follow","max-snippet":"max-snippet:-1","max-image-preview":"max-image-preview:large","max-video-preview":"max-video-preview:-1"},"canonical":"https:\/\/woodinout.net\/da\/product\/farverige-gummiband\/","og_locale":"da_DK","og_type":"article","og_title":"Farverige elastikker - Woodinout \u00a9 Montessori leget\u00f8j","og_description":"Simple farverige elastikker som supplement til tr\u00e6 geoboard. Dette kunne v\u00e6re en perfekt stress eller terapi leget\u00f8j til rolig og kreativ leg.","og_url":"https:\/\/woodinout.net\/da\/product\/farverige-gummiband\/","og_site_name":"Woodinout \u00a9","article_modified_time":"2022-04-19T13:09:53+00:00","og_image":[{"width":1140,"height":974,"url":"https:\/\/woodinout.net\/wp-content\/uploads\/2021\/03\/Colorful-rubber-bands.jpg","type":"image\/jpeg"}],"twitter_card":"summary_large_image","schema":{"@context":"https:\/\/schema.org","@graph":[{"@type":"WebPage","@id":"https:\/\/woodinout.net\/da\/product\/farverige-gummiband\/","url":"https:\/\/woodinout.net\/da\/product\/farverige-gummiband\/","name":"Farverige elastikker - Woodinout \u00a9 Montessori leget\u00f8j","isPartOf":{"@id":"https:\/\/woodinout.net\/da\/#website"},"datePublished":"2021-03-22T11:33:33+00:00","dateModified":"2022-04-19T13:09:53+00:00","description":"Simple farverige elastikker som supplement til tr\u00e6 geoboard. Dette kunne v\u00e6re en perfekt stress eller terapi leget\u00f8j til rolig og kreativ leg.","breadcrumb":{"@id":"https:\/\/woodinout.net\/da\/product\/farverige-gummiband\/#breadcrumb"},"inLanguage":"da-DK","potentialAction":[{"@type":"ReadAction","target":["https:\/\/woodinout.net\/da\/product\/farverige-gummiband\/"]}]},{"@type":"BreadcrumbList","@id":"https:\/\/woodinout.net\/da\/product\/farverige-gummiband\/#breadcrumb","itemListElement":[{"@type":"ListItem","position":1,"name":"Home","item":"https:\/\/woodinout.net\/da\/"},{"@type":"ListItem","position":2,"name":"Shop","item":"https:\/\/woodinout.net\/shop\/"},{"@type":"ListItem","position":3,"name":"Farverige elastikker"}]},{"@type":"WebSite","@id":"https:\/\/woodinout.net\/da\/#website","url":"https:\/\/woodinout.net\/da\/","name":"Woodinout \u00a9","description":"Wooden Montessori toys, gifts, home and events decor details","potentialAction":[{"@type":"SearchAction","target":{"@type":"EntryPoint","urlTemplate":"https:\/\/woodinout.net\/da\/?s={search_term_string}"},"query-input":"required name=search_term_string"}],"inLanguage":"da-DK"}]}},"_links":{"self":[{"href":"https:\/\/woodinout.net\/da\/wp-json\/wp\/v2\/product\/20805"}],"collection":[{"href":"https:\/\/woodinout.net\/da\/wp-json\/wp\/v2\/product"}],"about":[{"href":"https:\/\/woodinout.net\/da\/wp-json\/wp\/v2\/types\/product"}],"wp:featuredmedia":[{"embeddable":true,"href":"https:\/\/woodinout.net\/da\/wp-json\/wp\/v2\/media\/20357"}],"wp:attachment":[{"href":"https:\/\/woodinout.net\/da\/wp-json\/wp\/v2\/media?parent=20805"}],"wp:term":[{"taxonomy":"product_cat","embeddable":true,"href":"https:\/\/woodinout.net\/da\/wp-json\/wp\/v2\/product_cat?post=20805"},{"taxonomy":"product_tag","embeddable":true,"href":"https:\/\/woodinout.net\/da\/wp-json\/wp\/v2\/product_tag?post=20805"}],"curies":[{"name":"wp","href":"https:\/\/api.w.org\/{rel}","templated":true}]}}