{"id":20803,"date":"2018-07-23T16:01:24","date_gmt":"2018-07-23T13:01:24","guid":{"rendered":"https:\/\/woodinout.net\/product\/trae-navn-puslespil\/"},"modified":"2022-04-28T11:35:46","modified_gmt":"2022-04-28T08:35:46","slug":"natur-trae-navn-puslespil","status":"publish","type":"product","link":"https:\/\/woodinout.net\/da\/product\/natur-trae-navn-puslespil\/","title":{"rendered":"Tr\u00e6 navn puslespil"},"content":{"rendered":"<p>HVIS DU ER P\u00c5 UDKIG EFTER:<\/p>\n<p>Naturligt tr\u00e6 navn puslespil? Naturligt milj\u00f8venligt leget\u00f8j? Lille pige eller lille dreng julegave? F\u00f8dselsdagsgave til lille barn? Personlig gave? Custom planteskole indretning?<\/p>\n<p>DU ER P\u00c5 EN GOD M\u00c5DE! \ud83d\ude42<\/p>\n<p>Dette navn puslespil er en perfekt gave til din elskede baby. Bogstaver i navnet vil lade dit barn til at g\u00f8re f\u00f8rste skridt i retning af at l\u00e6re at l\u00e6se. For at g\u00f8re dit p\u00e6dagogiske leget\u00f8j mere personligt er du velkommen til at efterlade en kort besked, der kunne indgraveres p\u00e5 bagsiden af puslespillet. Vi er sikre p\u00e5, at s\u00e5danne tr\u00e6navn puslespil vil vare i \u00e5revis og vil bringe masser af gode minder.<br \/>\nFordele, du kan forvente &#8211; din baby vil forbedre motoriske f\u00e6rdigheder ved at gribe hvert bogstav og s\u00e6tte til et passende hul, starte separate farver og fors\u00f8ge at stave hans \/ hendes navn.<\/p>\n<p>MERE PERSONLIGE ELEMENTER FINDE <a href=\"https:\/\/woodinout.net\/product-tag\/kids-presents\/\">HER.<\/a><\/p>\n<p>Tr\u00e6 puslespil er lavet af naturligt massivt tr\u00e6!<\/p>\n<p>St\u00f8rrelsen af tr\u00e6 navn puslespil:<br \/>\nH\u00f8jde \u2013 12 cm (~4,7 tommer), l\u00e6ngde &#8211; afh\u00e6nger af bogstaver m\u00e6ngde, tykkelse &#8211; ~ 2 cm (0,8 inches).<br \/>\nLommedybde: 1 cm.000 tommer).<br \/>\nDimensioner af bogstaver (h\u00f8jde x tykkelse): 7 cm x 2 cm ( ~0,8 tommer) &#8211; (bredde afh\u00e6nger af bogstavets form).<br \/>\nHvert bogstav er omhyggeligt h\u00e5ndmalet med milj\u00f8venligt bl\u00e6k.<\/p>\n<p>Bem\u00e6rk, at farverne kan variere p\u00e5 grund af indstillinger for computersk\u00e6rm og lettelse.<\/p>\n<p>Vi elsker tilpassede ordrer, s\u00e5 hvis du ikke kan finde det, du \u00f8nsker, bedes du kontakte os direkte.<\/p>\n<p>For flere ideer, f\u00f8lg os p\u00e5 <a href=\"https:\/\/www.instagram.com\/woodinout\/\">INSTAGRAM<\/a> &amp; <a href=\"https:\/\/www.facebook.com\/Woodinout.net\">FACEBOOK<\/a><\/p>\n","protected":false},"excerpt":{"rendered":"<p>HVIS DU ER P\u00c5 UDKIG EFTER: Naturligt tr\u00e6 navn puslespil? Naturligt milj\u00f8venligt leget\u00f8j? Lille pige eller lille dreng julegave? F\u00f8dselsdagsgave til lille barn? Personlig gave? Custom planteskole indretning? DU ER P\u00c5 EN GOD M\u00c5DE! \ud83d\ude42 Dette navn puslespil er en perfekt gave til din elskede baby. Bogstaver i navnet vil lade dit barn til at [&hellip;]<\/p>\n","protected":false},"featured_media":16869,"template":"","meta":{"_monsterinsights_skip_tracking":false,"_monsterinsights_sitenote_active":false,"_monsterinsights_sitenote_note":"","_monsterinsights_sitenote_category":0},"product_cat":[1448,1443,1431],"product_tag":[1534,1488,1483,1537,1439,1535,1479,1472,1464,1531,1452,1460,1493,1527,1529,1490,1499,1485],"yoast_head":"<!-- This site is optimized with the Yoast SEO plugin v22.1 - https:\/\/yoast.com\/wordpress\/plugins\/seo\/ -->\n<title>Tr\u00e6 navn puslespil - Woodinout \u00a9 Montessori leget\u00f8j butik<\/title>\n<meta name=\"description\" content=\"Perfekt b\u00f8rn gave - Montessori inspireret Custom navn puslespil. H\u00e5ndlavet, milj\u00f8venlig, sikker til baby og sm\u00e5b\u00f8rn. Lavet af massivt tr\u00e6.\" \/>\n<meta name=\"robots\" content=\"index, follow, max-snippet:-1, max-image-preview:large, max-video-preview:-1\" \/>\n<link rel=\"canonical\" href=\"https:\/\/woodinout.net\/da\/product\/natur-trae-navn-puslespil\/\" \/>\n<meta property=\"og:locale\" content=\"da_DK\" \/>\n<meta property=\"og:type\" content=\"article\" \/>\n<meta property=\"og:title\" content=\"Tr\u00e6 navn puslespil - Woodinout \u00a9 Montessori leget\u00f8j butik\" \/>\n<meta property=\"og:description\" content=\"Perfekt b\u00f8rn gave - Montessori inspireret Custom navn puslespil. H\u00e5ndlavet, milj\u00f8venlig, sikker til baby og sm\u00e5b\u00f8rn. Lavet af massivt tr\u00e6.\" \/>\n<meta property=\"og:url\" content=\"https:\/\/woodinout.net\/da\/product\/natur-trae-navn-puslespil\/\" \/>\n<meta property=\"og:site_name\" content=\"Woodinout \u00a9\" \/>\n<meta property=\"article:modified_time\" content=\"2022-04-28T08:35:46+00:00\" \/>\n<meta property=\"og:image\" content=\"https:\/\/woodinout.net\/wp-content\/uploads\/2018\/07\/MAX-1-NXPowerLite-Copy-scaled.jpg\" \/>\n\t<meta property=\"og:image:width\" content=\"1707\" \/>\n\t<meta property=\"og:image:height\" content=\"2560\" \/>\n\t<meta property=\"og:image:type\" content=\"image\/jpeg\" \/>\n<meta name=\"twitter:card\" content=\"summary_large_image\" \/>\n<meta name=\"twitter:label1\" content=\"Estimeret l\u00e6setid\" \/>\n\t<meta name=\"twitter:data1\" content=\"1 minut\" \/>\n<script type=\"application\/ld+json\" class=\"yoast-schema-graph\">{\"@context\":\"https:\/\/schema.org\",\"@graph\":[{\"@type\":\"WebPage\",\"@id\":\"https:\/\/woodinout.net\/da\/product\/natur-trae-navn-puslespil\/\",\"url\":\"https:\/\/woodinout.net\/da\/product\/natur-trae-navn-puslespil\/\",\"name\":\"Tr\u00e6 navn puslespil - Woodinout \u00a9 Montessori leget\u00f8j butik\",\"isPartOf\":{\"@id\":\"https:\/\/woodinout.net\/da\/#website\"},\"datePublished\":\"2018-07-23T13:01:24+00:00\",\"dateModified\":\"2022-04-28T08:35:46+00:00\",\"description\":\"Perfekt b\u00f8rn gave - Montessori inspireret Custom navn puslespil. H\u00e5ndlavet, milj\u00f8venlig, sikker til baby og sm\u00e5b\u00f8rn. Lavet af massivt tr\u00e6.\",\"breadcrumb\":{\"@id\":\"https:\/\/woodinout.net\/da\/product\/natur-trae-navn-puslespil\/#breadcrumb\"},\"inLanguage\":\"da-DK\",\"potentialAction\":[{\"@type\":\"ReadAction\",\"target\":[\"https:\/\/woodinout.net\/da\/product\/natur-trae-navn-puslespil\/\"]}]},{\"@type\":\"BreadcrumbList\",\"@id\":\"https:\/\/woodinout.net\/da\/product\/natur-trae-navn-puslespil\/#breadcrumb\",\"itemListElement\":[{\"@type\":\"ListItem\",\"position\":1,\"name\":\"Home\",\"item\":\"https:\/\/woodinout.net\/da\/\"},{\"@type\":\"ListItem\",\"position\":2,\"name\":\"Shop\",\"item\":\"https:\/\/woodinout.net\/shop\/\"},{\"@type\":\"ListItem\",\"position\":3,\"name\":\"Tr\u00e6 navn puslespil\"}]},{\"@type\":\"WebSite\",\"@id\":\"https:\/\/woodinout.net\/da\/#website\",\"url\":\"https:\/\/woodinout.net\/da\/\",\"name\":\"Woodinout \u00a9\",\"description\":\"Wooden Montessori toys, gifts, home and events decor details\",\"potentialAction\":[{\"@type\":\"SearchAction\",\"target\":{\"@type\":\"EntryPoint\",\"urlTemplate\":\"https:\/\/woodinout.net\/da\/?s={search_term_string}\"},\"query-input\":\"required name=search_term_string\"}],\"inLanguage\":\"da-DK\"}]}<\/script>\n<!-- \/ Yoast SEO plugin. -->","yoast_head_json":{"title":"Tr\u00e6 navn puslespil - Woodinout \u00a9 Montessori leget\u00f8j butik","description":"Perfekt b\u00f8rn gave - Montessori inspireret Custom navn puslespil. H\u00e5ndlavet, milj\u00f8venlig, sikker til baby og sm\u00e5b\u00f8rn. Lavet af massivt tr\u00e6.","robots":{"index":"index","follow":"follow","max-snippet":"max-snippet:-1","max-image-preview":"max-image-preview:large","max-video-preview":"max-video-preview:-1"},"canonical":"https:\/\/woodinout.net\/da\/product\/natur-trae-navn-puslespil\/","og_locale":"da_DK","og_type":"article","og_title":"Tr\u00e6 navn puslespil - Woodinout \u00a9 Montessori leget\u00f8j butik","og_description":"Perfekt b\u00f8rn gave - Montessori inspireret Custom navn puslespil. H\u00e5ndlavet, milj\u00f8venlig, sikker til baby og sm\u00e5b\u00f8rn. Lavet af massivt tr\u00e6.","og_url":"https:\/\/woodinout.net\/da\/product\/natur-trae-navn-puslespil\/","og_site_name":"Woodinout \u00a9","article_modified_time":"2022-04-28T08:35:46+00:00","og_image":[{"width":1707,"height":2560,"url":"https:\/\/woodinout.net\/wp-content\/uploads\/2018\/07\/MAX-1-NXPowerLite-Copy-scaled.jpg","type":"image\/jpeg"}],"twitter_card":"summary_large_image","twitter_misc":{"Estimeret l\u00e6setid":"1 minut"},"schema":{"@context":"https:\/\/schema.org","@graph":[{"@type":"WebPage","@id":"https:\/\/woodinout.net\/da\/product\/natur-trae-navn-puslespil\/","url":"https:\/\/woodinout.net\/da\/product\/natur-trae-navn-puslespil\/","name":"Tr\u00e6 navn puslespil - Woodinout \u00a9 Montessori leget\u00f8j butik","isPartOf":{"@id":"https:\/\/woodinout.net\/da\/#website"},"datePublished":"2018-07-23T13:01:24+00:00","dateModified":"2022-04-28T08:35:46+00:00","description":"Perfekt b\u00f8rn gave - Montessori inspireret Custom navn puslespil. H\u00e5ndlavet, milj\u00f8venlig, sikker til baby og sm\u00e5b\u00f8rn. Lavet af massivt tr\u00e6.","breadcrumb":{"@id":"https:\/\/woodinout.net\/da\/product\/natur-trae-navn-puslespil\/#breadcrumb"},"inLanguage":"da-DK","potentialAction":[{"@type":"ReadAction","target":["https:\/\/woodinout.net\/da\/product\/natur-trae-navn-puslespil\/"]}]},{"@type":"BreadcrumbList","@id":"https:\/\/woodinout.net\/da\/product\/natur-trae-navn-puslespil\/#breadcrumb","itemListElement":[{"@type":"ListItem","position":1,"name":"Home","item":"https:\/\/woodinout.net\/da\/"},{"@type":"ListItem","position":2,"name":"Shop","item":"https:\/\/woodinout.net\/shop\/"},{"@type":"ListItem","position":3,"name":"Tr\u00e6 navn puslespil"}]},{"@type":"WebSite","@id":"https:\/\/woodinout.net\/da\/#website","url":"https:\/\/woodinout.net\/da\/","name":"Woodinout \u00a9","description":"Wooden Montessori toys, gifts, home and events decor details","potentialAction":[{"@type":"SearchAction","target":{"@type":"EntryPoint","urlTemplate":"https:\/\/woodinout.net\/da\/?s={search_term_string}"},"query-input":"required name=search_term_string"}],"inLanguage":"da-DK"}]}},"_links":{"self":[{"href":"https:\/\/woodinout.net\/da\/wp-json\/wp\/v2\/product\/20803"}],"collection":[{"href":"https:\/\/woodinout.net\/da\/wp-json\/wp\/v2\/product"}],"about":[{"href":"https:\/\/woodinout.net\/da\/wp-json\/wp\/v2\/types\/product"}],"wp:featuredmedia":[{"embeddable":true,"href":"https:\/\/woodinout.net\/da\/wp-json\/wp\/v2\/media\/16869"}],"wp:attachment":[{"href":"https:\/\/woodinout.net\/da\/wp-json\/wp\/v2\/media?parent=20803"}],"wp:term":[{"taxonomy":"product_cat","embeddable":true,"href":"https:\/\/woodinout.net\/da\/wp-json\/wp\/v2\/product_cat?post=20803"},{"taxonomy":"product_tag","embeddable":true,"href":"https:\/\/woodinout.net\/da\/wp-json\/wp\/v2\/product_tag?post=20803"}],"curies":[{"name":"wp","href":"https:\/\/api.w.org\/{rel}","templated":true}]}}