{"id":22436,"date":"2022-03-19T18:41:32","date_gmt":"2022-03-19T16:41:32","guid":{"rendered":"https:\/\/woodinout.net\/politik-for-refusion-og-returnering\/"},"modified":"2022-03-19T18:41:32","modified_gmt":"2022-03-19T16:41:32","slug":"politik-for-refusion-og-returnering","status":"publish","type":"page","link":"https:\/\/woodinout.net\/da\/politik-for-refusion-og-returnering\/","title":{"rendered":"Politik for refusion og returnering"},"content":{"rendered":"\n<p><b>Dette er en eksempelside.<\/b><\/p>\n\n\n\n<h3>Overblik<\/h3>\n\n\n\n<p>Vores refusions- og returpolitik varer 30 dage. Hvis der er g\u00e5et 30 dage siden dit k\u00f8b, kan vi ikke tilbyde dig fuld refusion eller ombytning.<\/p>\n\n\n\n<p>For at v\u00e6re berettiget til returnering skal din vare v\u00e6re ubrugt og i samme stand, som du modtog den. Det skal ogs\u00e5 v\u00e6re i den originale emballage.<\/p>\n\n\n\n<p>Flere typer varer er fritaget for at blive returneret. Letford\u00e6rvelige varer som mad, blomster, aviser eller magasiner kan ikke returneres. Vi accepterer heller ikke produkter, der er intime eller sanit\u00e6re varer, farlige materialer eller brandfarlige v\u00e6sker eller gasser.<\/p>\n\n\n\n<p>Yderligere varer, der ikke kan returneres:<\/p>\n\n\n\n<ul>\n<li>Gavekort<\/li>\n<li>Softwareprodukter, der kan downloades<\/li>\n<li>Nogle sundheds- og personlige plejeartikler<\/li>\n<\/ul>\n\n\n\n<p>For at fuldf\u00f8re din returnering kr\u00e6ver vi en kvittering eller et k\u00f8bsbevis.<\/p>\n\n\n\n<p>Send ikke dit k\u00f8b tilbage til producenten.<\/p>\n\n\n\n<p>Der er visse situationer, hvor der kun ydes delvis refusion:<\/p>\n\n\n\n<ul>\n<li>Bog med tydelige tegn p\u00e5 brug<\/li>\n<li>CD, DVD, VHS-b\u00e5nd, software, videospil, kassetteb\u00e5nd eller vinylplade, der er blevet \u00e5bnet.<\/li>\n<li>Enhver vare, der ikke er i sin oprindelige tilstand, er beskadiget eller mangler dele af grunde, der ikke skyldes vores fejl.<\/li>\n<li>Enhver vare, der returneres mere end 30 dage efter levering<\/li>\n<\/ul>\n\n\n\n<h2>Restitutioner<\/h2>\n\n\n\n<p>N\u00e5r din returnering er modtaget og inspiceret, sender vi dig en e-mail for at underrette dig om, at vi har modtaget din returnerede vare. Vi vil ogs\u00e5 underrette dig om godkendelse eller afvisning af din refusion.<\/p>\n\n\n\n<p>Hvis du bliver godkendt, vil din refusion blive behandlet, og en kredit vil automatisk blive anvendt p\u00e5 dit kreditkort eller den oprindelige betalingsmetode inden for et bestemt antal dage.<\/p>\n\n\n\n<b>Forsinkede eller manglende refusioner<\/b>\n\n\n\n<p>Hvis du endnu ikke har modtaget en refusion, skal du f\u00f8rst tjekke din bankkonto igen.<\/p>\n\n\n\n<p>Kontakt derefter dit kreditkortselskab, det kan tage lidt tid, f\u00f8r din refusion officielt er bogf\u00f8rt.<\/p>\n\n\n\n<p>Kontakt derefter din bank. Der er ofte en vis behandlingstid, f\u00f8r en refusion bogf\u00f8res.<\/p>\n\n\n\n<p>Hvis du har gjort alt dette, og du stadig ikke har modtaget din refusion endnu, bedes du kontakte os p\u00e5 {e-mail-adresse}.<\/p>\n\n\n\n<b>Udsalg varer<\/b>\n\n\n\n<p>Kun varer til almindelige priser kan refunderes. Udsalgsvarer kan ikke refunderes.<\/p>\n\n\n\n<h2>Udvekslinger<\/h2>\n\n\n\n<p>Vi udskifter kun varer, hvis de er defekte eller beskadigede. Hvis du har brug for at bytte den til den samme vare, skal du sende os en e-mail p\u00e5 {e-mail-adresse} og sende din vare til: {fysisk adresse}.<\/p>\n\n\n\n<h2>Gaver<\/h2>\n\n\n\n<p>Hvis varen blev markeret som en gave, da den blev k\u00f8bt og sendt direkte til dig, modtager du en gavekredit for v\u00e6rdien af din returnering. N\u00e5r den returnerede vare er modtaget, vil et gavekort blive sendt til dig.<\/p>\n\n\n\n<p>Hvis varen ikke var markeret som en gave, da den blev k\u00f8bt, eller gavegiveren fik ordren sendt til sig selv for at give dig senere, sender vi en refusion til gavegiveren, og de vil finde ud af om din returnering.<\/p>\n\n\n\n<h2>Forsendelse retur<\/h2>\n\n\n\n<p>For at returnere dit produkt skal du sende dit produkt til: {fysisk adresse}.<\/p>\n\n\n\n<p>Du er ansvarlig for at betale for dine egne forsendelsesomkostninger for returnering af din vare. Forsendelsesomkostninger refunderes ikke. Hvis du modtager en refusion, tr\u00e6kkes omkostningerne ved returforsendelse fra din refusion.<\/p>\n\n\n\n<p>Afh\u00e6ngigt af hvor du bor, kan den tid, det kan tage for dit udvekslede produkt at n\u00e5 dig, variere.<\/p>\n\n\n\n<p>Hvis du returnerer dyrere varer, kan du overveje at bruge en sporbar forsendelsestjeneste eller k\u00f8be forsendelsesforsikring. Vi garanterer ikke, at vi modtager din returnerede vare.<\/p>\n\n\n\n<h2>Har du brug for hj\u00e6lp?<\/h2>\n\n\n\n<p>Kontakt os p\u00e5 {email} for sp\u00f8rgsm\u00e5l vedr\u00f8rende refusioner og returneringer.<\/p>\n","protected":false},"excerpt":{"rendered":"<p>Dette er en eksempelside. Overblik Vores refusions- og returpolitik varer 30 dage. Hvis der er g\u00e5et 30 dage siden dit k\u00f8b, kan vi ikke tilbyde dig fuld refusion eller ombytning. For at v\u00e6re berettiget til returnering skal din vare v\u00e6re ubrugt og i samme stand, som du modtog den. Det skal ogs\u00e5 v\u00e6re i den [&hellip;]<\/p>\n","protected":false},"author":1,"featured_media":0,"parent":0,"menu_order":0,"comment_status":"closed","ping_status":"closed","template":"","meta":{"_monsterinsights_skip_tracking":false,"_monsterinsights_sitenote_active":false,"_monsterinsights_sitenote_note":"","_monsterinsights_sitenote_category":0,"footnotes":""},"yoast_head":"<!-- This site is optimized with the Yoast SEO plugin v22.1 - https:\/\/yoast.com\/wordpress\/plugins\/seo\/ -->\n<title>Politik for refusion og returnering - Woodinout \u00a9<\/title>\n<meta name=\"robots\" content=\"index, follow, max-snippet:-1, max-image-preview:large, max-video-preview:-1\" \/>\n<link rel=\"canonical\" href=\"https:\/\/woodinout.net\/da\/politik-for-refusion-og-returnering\/\" \/>\n<meta property=\"og:locale\" content=\"da_DK\" \/>\n<meta property=\"og:type\" content=\"article\" \/>\n<meta property=\"og:title\" content=\"Politik for refusion og returnering - Woodinout \u00a9\" \/>\n<meta property=\"og:description\" content=\"Dette er en eksempelside. Overblik Vores refusions- og returpolitik varer 30 dage. Hvis der er g\u00e5et 30 dage siden dit k\u00f8b, kan vi ikke tilbyde dig fuld refusion eller ombytning. For at v\u00e6re berettiget til returnering skal din vare v\u00e6re ubrugt og i samme stand, som du modtog den. Det skal ogs\u00e5 v\u00e6re i den [&hellip;]\" \/>\n<meta property=\"og:url\" content=\"https:\/\/woodinout.net\/da\/politik-for-refusion-og-returnering\/\" \/>\n<meta property=\"og:site_name\" content=\"Woodinout \u00a9\" \/>\n<meta name=\"twitter:card\" content=\"summary_large_image\" \/>\n<meta name=\"twitter:label1\" content=\"Estimeret l\u00e6setid\" \/>\n\t<meta name=\"twitter:data1\" content=\"3 minutter\" \/>\n<script type=\"application\/ld+json\" class=\"yoast-schema-graph\">{\"@context\":\"https:\/\/schema.org\",\"@graph\":[{\"@type\":\"WebPage\",\"@id\":\"https:\/\/woodinout.net\/da\/politik-for-refusion-og-returnering\/\",\"url\":\"https:\/\/woodinout.net\/da\/politik-for-refusion-og-returnering\/\",\"name\":\"Politik for refusion og returnering - Woodinout \u00a9\",\"isPartOf\":{\"@id\":\"https:\/\/woodinout.net\/da\/#website\"},\"datePublished\":\"2022-03-19T16:41:32+00:00\",\"dateModified\":\"2022-03-19T16:41:32+00:00\",\"breadcrumb\":{\"@id\":\"https:\/\/woodinout.net\/da\/politik-for-refusion-og-returnering\/#breadcrumb\"},\"inLanguage\":\"da-DK\",\"potentialAction\":[{\"@type\":\"ReadAction\",\"target\":[\"https:\/\/woodinout.net\/da\/politik-for-refusion-og-returnering\/\"]}]},{\"@type\":\"BreadcrumbList\",\"@id\":\"https:\/\/woodinout.net\/da\/politik-for-refusion-og-returnering\/#breadcrumb\",\"itemListElement\":[{\"@type\":\"ListItem\",\"position\":1,\"name\":\"Home\",\"item\":\"https:\/\/woodinout.net\/da\/\"},{\"@type\":\"ListItem\",\"position\":2,\"name\":\"Politik for refusion og returnering\"}]},{\"@type\":\"WebSite\",\"@id\":\"https:\/\/woodinout.net\/da\/#website\",\"url\":\"https:\/\/woodinout.net\/da\/\",\"name\":\"Woodinout \u00a9\",\"description\":\"Wooden Montessori toys, gifts, home and events decor details\",\"potentialAction\":[{\"@type\":\"SearchAction\",\"target\":{\"@type\":\"EntryPoint\",\"urlTemplate\":\"https:\/\/woodinout.net\/da\/?s={search_term_string}\"},\"query-input\":\"required name=search_term_string\"}],\"inLanguage\":\"da-DK\"}]}<\/script>\n<!-- \/ Yoast SEO plugin. -->","yoast_head_json":{"title":"Politik for refusion og returnering - Woodinout \u00a9","robots":{"index":"index","follow":"follow","max-snippet":"max-snippet:-1","max-image-preview":"max-image-preview:large","max-video-preview":"max-video-preview:-1"},"canonical":"https:\/\/woodinout.net\/da\/politik-for-refusion-og-returnering\/","og_locale":"da_DK","og_type":"article","og_title":"Politik for refusion og returnering - Woodinout \u00a9","og_description":"Dette er en eksempelside. Overblik Vores refusions- og returpolitik varer 30 dage. Hvis der er g\u00e5et 30 dage siden dit k\u00f8b, kan vi ikke tilbyde dig fuld refusion eller ombytning. For at v\u00e6re berettiget til returnering skal din vare v\u00e6re ubrugt og i samme stand, som du modtog den. Det skal ogs\u00e5 v\u00e6re i den [&hellip;]","og_url":"https:\/\/woodinout.net\/da\/politik-for-refusion-og-returnering\/","og_site_name":"Woodinout \u00a9","twitter_card":"summary_large_image","twitter_misc":{"Estimeret l\u00e6setid":"3 minutter"},"schema":{"@context":"https:\/\/schema.org","@graph":[{"@type":"WebPage","@id":"https:\/\/woodinout.net\/da\/politik-for-refusion-og-returnering\/","url":"https:\/\/woodinout.net\/da\/politik-for-refusion-og-returnering\/","name":"Politik for refusion og returnering - Woodinout \u00a9","isPartOf":{"@id":"https:\/\/woodinout.net\/da\/#website"},"datePublished":"2022-03-19T16:41:32+00:00","dateModified":"2022-03-19T16:41:32+00:00","breadcrumb":{"@id":"https:\/\/woodinout.net\/da\/politik-for-refusion-og-returnering\/#breadcrumb"},"inLanguage":"da-DK","potentialAction":[{"@type":"ReadAction","target":["https:\/\/woodinout.net\/da\/politik-for-refusion-og-returnering\/"]}]},{"@type":"BreadcrumbList","@id":"https:\/\/woodinout.net\/da\/politik-for-refusion-og-returnering\/#breadcrumb","itemListElement":[{"@type":"ListItem","position":1,"name":"Home","item":"https:\/\/woodinout.net\/da\/"},{"@type":"ListItem","position":2,"name":"Politik for refusion og returnering"}]},{"@type":"WebSite","@id":"https:\/\/woodinout.net\/da\/#website","url":"https:\/\/woodinout.net\/da\/","name":"Woodinout \u00a9","description":"Wooden Montessori toys, gifts, home and events decor details","potentialAction":[{"@type":"SearchAction","target":{"@type":"EntryPoint","urlTemplate":"https:\/\/woodinout.net\/da\/?s={search_term_string}"},"query-input":"required name=search_term_string"}],"inLanguage":"da-DK"}]}},"_links":{"self":[{"href":"https:\/\/woodinout.net\/da\/wp-json\/wp\/v2\/pages\/22436"}],"collection":[{"href":"https:\/\/woodinout.net\/da\/wp-json\/wp\/v2\/pages"}],"about":[{"href":"https:\/\/woodinout.net\/da\/wp-json\/wp\/v2\/types\/page"}],"author":[{"embeddable":true,"href":"https:\/\/woodinout.net\/da\/wp-json\/wp\/v2\/users\/1"}],"replies":[{"embeddable":true,"href":"https:\/\/woodinout.net\/da\/wp-json\/wp\/v2\/comments?post=22436"}],"version-history":[{"count":0,"href":"https:\/\/woodinout.net\/da\/wp-json\/wp\/v2\/pages\/22436\/revisions"}],"wp:attachment":[{"href":"https:\/\/woodinout.net\/da\/wp-json\/wp\/v2\/media?parent=22436"}],"curies":[{"name":"wp","href":"https:\/\/api.w.org\/{rel}","templated":true}]}}