{"id":20796,"date":"2020-02-02T21:41:18","date_gmt":"2020-02-02T19:41:18","guid":{"rendered":"https:\/\/woodinout.net\/hjem-1\/"},"modified":"2020-02-02T21:41:18","modified_gmt":"2020-02-02T19:41:18","slug":"hjem-1","status":"publish","type":"page","link":"https:\/\/woodinout.net\/da\/hjem-1\/","title":{"rendered":"Hjem 1"},"content":{"rendered":"<p>&lt;img class=&#8221;primrose-so-hero-slide-baggrund-billede primrose-so-hero-slide-baggrund-video-plakat&#8221; src =&#8221;http:\/\/singlestroke.io\/demo\/primrose-wp\/wp-content\/uploads\/2016\/02\/hero-video.jpg&#8221; alt=&#8221;&#8221; width=&#8221;852&#8243; height=&#8221;480&#8243; \/&gt;<br \/>\n&lt;video class = &#8220;primrose-so-hero-slide-baggrund-video&#8221; autoplay = &#8220;autoplay&#8221; loop = &#8220;loop&#8221; muted =&#8221;&#8221; width=&#8221;480&#8243; height=&#8221;270&#8243;&gt;<br \/>\n&lt;source type=&#8221;video\/mp4&#8243; src=&#8221;http:\/\/singlestroke.io\/demo\/primrose-wp\/wp-content\/uploads\/2016\/02\/hero-video.mp4&#8243; \/&gt;<br \/>\n&lt;source type=&#8221;video\/ogg&#8221; src=&#8221;http:\/\/singlestroke.io\/demo\/primrose-wp\/wp-content\/uploads\/2016\/02\/hero-video.ogv&#8221; \/&gt;<br \/>\n&lt;source type=&#8221;video\/webm&#8221; src=&#8221;http:\/\/singlestroke.io\/demo\/primrose-wp\/wp-content\/uploads\/2016\/02\/hero-video.webm&#8221; \/&gt;<br \/>\n&lt;\/video&gt;<br \/>\n&lt;!&#8211; .primrose-so-hero-slide-baggrund -&gt;<br \/>\nVelkommen til Primrose<br \/>\n&lt;en class=&#8221;primrose-so-button primrose-so-button-0 button anchor-link&#8221; href=&#8221;http:\/\/singlestroke.io\/demo\/primrose-wp\/shop\/&#8221;&gt;<br \/>\nBegynd at handle nu &lt;\/a&gt;<br \/>\n&lt;!&#8211; .primrose-so-knapper -&gt;<br \/>\n&lt;!&#8211; .primrose-so-hero-slide-indhold &#8211;&gt;<br \/>\n&lt;!&#8211; .primrose-so-helt-slide -&gt;<br \/>\n&lt;!&#8211; .primrose-so-helt-skyder -&gt;<br \/>\nPrimrose er et minimalt WordPress-tema, der passer til kreative m\u00e6rker, der \u00f8nsker at fremvise deres produkter p\u00e5 den mest kreative m\u00e5de.<br \/>\n&lt;!&#8211; .primrose-so-cta -&gt;<br \/>\n&lt;h4 class=&#8221;primrose-so-feature-heading&#8221; style=&#8221;farve: #333333;&#8221;&gt; Unikt efter design&lt;\/h4&gt;<br \/>\nVivamus elementum semper nisi. Aenean vulgerede eleifend tellus. Aenean leo ligula, porttitor eu, consequat vitae, eleifend ac, enim. Aliquam lorem ante, dapibus i, viverra quis, feugiat a, tellus.<\/p>\n<p>&lt;!&#8211; .primrose-so-funktion &#8211;&gt;<br \/>\n&lt;h4 class=&#8221;primrose-so-feature-heading&#8221; style=&#8221;farve: #333333;&#8221;&gt; Enkle funktioner&lt;\/h4&gt;<br \/>\nVivamus elementum semper nisi. Aenean vulgerede eleifend tellus. Aenean leo ligula, porttitor eu, consequat vitae, eleifend ac, enim. Aliquam lorem ante, dapibus i, viverra quis, feugiat a, tellus.<\/p>\n<p>&lt;!&#8211; .primrose-so-funktion &#8211;&gt;<br \/>\n&lt;h4 class=&#8221;primrose-so-feature-heading&#8221; style=&#8221;farve: #333333;&#8221;&gt; F\u00f8rsteklasses kundesupport&lt;\/h4&gt;<br \/>\nVivamus elementum semper nisi. Aenean vulgerede eleifend tellus. Aenean leo ligula, porttitor eu, consequat vitae, eleifend ac, enim. Aliquam lorem ante, dapibus i, viverra quis, feugiat a, tellus.<\/p>\n<p>&lt;!&#8211; .primrose-so-funktion &#8211;&gt;<br \/>\n&lt;h2 class=&#8221;primrose-so-heading primrose-so-alignment-center&#8221;&gt;Our Bestsellers&lt;\/h2&gt;<br \/>\n&lt;!&#8211; <div class=\"woocommerce columns-3 \"><ul class=\"products columns-3\">\n<li class=\"product type-product post-7881 status-publish first instock product_cat-pretend-play-toys product_cat-wooden-toys product_tag-bow-and-arrows-toy product_tag-creative-play product_tag-educational-games product_tag-educational-toys product_tag-imaginative-play product_tag-kids-archery-set product_tag-kids-gifts product_tag-kids-presents product_tag-learning-games product_tag-montessori-toys product_tag-toddler-gift product_tag-wooden-toys has-post-thumbnail shipping-taxable purchasable product-type-simple\">\n\t<a href=\"https:\/\/woodinout.net\/product\/wooden-archery-bow-and-arrows\/\" class=\"woocommerce-LoopProduct-link woocommerce-loop-product__link\"><img loading=\"lazy\" decoding=\"async\" width=\"480\" height=\"720\" src=\"https:\/\/woodinout.net\/wp-content\/uploads\/2020\/06\/Wooden-archery-bow-and-arrows-3-480x720.jpg\" class=\"attachment-woocommerce_thumbnail size-woocommerce_thumbnail\" alt=\"Wooden archery bow and arrows toy\" srcset=\"https:\/\/woodinout.net\/wp-content\/uploads\/2020\/06\/Wooden-archery-bow-and-arrows-3-480x720.jpg 480w, https:\/\/woodinout.net\/wp-content\/uploads\/2020\/06\/Wooden-archery-bow-and-arrows-3-800x1200.jpg 800w, https:\/\/woodinout.net\/wp-content\/uploads\/2020\/06\/Wooden-archery-bow-and-arrows-3-333x500.jpg 333w, https:\/\/woodinout.net\/wp-content\/uploads\/2020\/06\/Wooden-archery-bow-and-arrows-3-533x800.jpg 533w, https:\/\/woodinout.net\/wp-content\/uploads\/2020\/06\/Wooden-archery-bow-and-arrows-3.jpg 853w\" sizes=\"(max-width: 480px) 100vw, 480px\" \/><h2 class=\"woocommerce-loop-product__title\">Wooden archery toy, bow and arrows<\/h2>\n\t<span class=\"price\"><span class=\"woocs_price_code\" data-currency=\"\" data-redraw-id=\"6a04cc12cd01b\"  data-product-id=\"7881\"><span class=\"woocommerce-Price-amount amount\"><bdi>37.00<span class=\"woocommerce-Price-currencySymbol\">&#36;<\/span><\/bdi><\/span><\/span><div class=\"woocs_price_info\"><span class=\"woocs_price_info_icon\"><\/span><ul class='woocs_price_info_list'><li><span>EUR<\/span>: <span class=\"woocs_amount\">&euro;&nbsp;32.93<\/span><\/li><\/ul><\/div><\/span>\n<\/a><a href=\"https:\/\/woodinout.net\/product\/wooden-archery-bow-and-arrows\/\" data-quantity=\"1\" class=\"button product_type_simple add_to_cart_button\" data-product_id=\"7881\" data-product_sku=\"\" aria-label=\"Add to cart: &ldquo;Wooden archery toy, bow and arrows&rdquo;\" aria-describedby=\"\" rel=\"nofollow\">Select options<\/a><\/li>\n<li class=\"product type-product post-7961 status-publish instock product_cat-counting-and-math-toys product_cat-wooden-toys product_tag-100-board product_tag-100-frame product_tag-counting-board product_tag-educational-games product_tag-educational-toys product_tag-hundred-board product_tag-kids-gifts product_tag-kids-presents product_tag-learning-games product_tag-math-activities-for-preschoolers product_tag-math-manipulatives product_tag-math-toys product_tag-montessori-math-material product_tag-montessori-toys product_tag-wooden-toys has-post-thumbnail shipping-taxable purchasable product-type-variable\">\n\t<a href=\"https:\/\/woodinout.net\/product\/personalized-gift-montessori-100-frame-wood-numbers-and-counting\/\" class=\"woocommerce-LoopProduct-link woocommerce-loop-product__link\"><img loading=\"lazy\" decoding=\"async\" width=\"480\" height=\"720\" src=\"https:\/\/woodinout.net\/wp-content\/uploads\/2020\/06\/Montessori-100-frame-5-480x720.jpg\" class=\"attachment-woocommerce_thumbnail size-woocommerce_thumbnail\" alt=\"Montessori math material 100 frame by Woodinout\" srcset=\"https:\/\/woodinout.net\/wp-content\/uploads\/2020\/06\/Montessori-100-frame-5-480x720.jpg 480w, https:\/\/woodinout.net\/wp-content\/uploads\/2020\/06\/Montessori-100-frame-5-800x1200.jpg 800w, https:\/\/woodinout.net\/wp-content\/uploads\/2020\/06\/Montessori-100-frame-5-333x500.jpg 333w, https:\/\/woodinout.net\/wp-content\/uploads\/2020\/06\/Montessori-100-frame-5-533x800.jpg 533w, https:\/\/woodinout.net\/wp-content\/uploads\/2020\/06\/Montessori-100-frame-5.jpg 853w\" sizes=\"(max-width: 480px) 100vw, 480px\" \/><h2 class=\"woocommerce-loop-product__title\">Montessori 100 Frame \/ Hundred Board<\/h2>\n\t<span class=\"price\"><span class=\"woocs_price_code\" data-currency=\"\" data-redraw-id=\"6a04cc12e2113\"  data-product-id=\"7961\"><span class=\"woocommerce-Price-amount amount\"><bdi>54.00<span class=\"woocommerce-Price-currencySymbol\">&#36;<\/span><\/bdi><\/span> &ndash; <span class=\"woocommerce-Price-amount amount\"><bdi>102.00<span class=\"woocommerce-Price-currencySymbol\">&#36;<\/span><\/bdi><\/span><\/span><div class=\"woocs_price_info\"><span class=\"woocs_price_info_icon\"><\/span><ul class='woocs_price_info_list'><li><b>EUR<\/b>: <span class=\"woocs_amount\">&euro;&nbsp;48.06<\/span> - <span class=\"woocs_amount\">&euro;&nbsp;90.78<\/span><\/li><\/ul><\/div><\/span>\n<\/a><a href=\"https:\/\/woodinout.net\/product\/personalized-gift-montessori-100-frame-wood-numbers-and-counting\/\" data-quantity=\"1\" class=\"button product_type_variable add_to_cart_button\" data-product_id=\"7961\" data-product_sku=\"\" aria-label=\"V\u00e6lg muligheder for &ldquo;Montessori 100 Frame \/ Hundred Board&rdquo;\" aria-describedby=\"This product has multiple variants. The options may be chosen on the product page\" rel=\"nofollow\">Select options<\/a><\/li>\n<li class=\"product type-product post-8782 status-publish last instock product_cat-counting-and-math-toys product_cat-wooden-toys product_tag-counting-plates product_tag-educational-games product_tag-educational-toys product_tag-kids-gifts product_tag-kids-presents product_tag-learning-games product_tag-math-activities-for-preschoolers product_tag-math-manipulatives product_tag-math-toys product_tag-montessori-math-material product_tag-montessori-toys product_tag-wooden-toys has-post-thumbnail shipping-taxable purchasable product-type-variable\">\n\t<a href=\"https:\/\/woodinout.net\/product\/counting-kit\/\" class=\"woocommerce-LoopProduct-link woocommerce-loop-product__link\"><img loading=\"lazy\" decoding=\"async\" width=\"480\" height=\"720\" src=\"https:\/\/woodinout.net\/wp-content\/uploads\/2021\/03\/Couting_kit_1-480x720.jpg\" class=\"attachment-woocommerce_thumbnail size-woocommerce_thumbnail\" alt=\"\" srcset=\"https:\/\/woodinout.net\/wp-content\/uploads\/2021\/03\/Couting_kit_1-480x720.jpg 480w, https:\/\/woodinout.net\/wp-content\/uploads\/2021\/03\/Couting_kit_1-400x600.jpg 400w, https:\/\/woodinout.net\/wp-content\/uploads\/2021\/03\/Couting_kit_1-533x800.jpg 533w, https:\/\/woodinout.net\/wp-content\/uploads\/2021\/03\/Couting_kit_1-1024x1536.jpg 1024w, https:\/\/woodinout.net\/wp-content\/uploads\/2021\/03\/Couting_kit_1-1365x2048.jpg 1365w, https:\/\/woodinout.net\/wp-content\/uploads\/2021\/03\/Couting_kit_1-1080x1621.jpg 1080w, https:\/\/woodinout.net\/wp-content\/uploads\/2021\/03\/Couting_kit_1.jpg 1706w\" sizes=\"(max-width: 480px) 100vw, 480px\" \/><h2 class=\"woocommerce-loop-product__title\">Counting kit<\/h2>\n\t<span class=\"price\"><span class=\"woocs_price_code\" data-currency=\"\" data-redraw-id=\"6a04cc12f231c\"  data-product-id=\"8782\"><span class=\"woocommerce-Price-amount amount\"><bdi>23.00<span class=\"woocommerce-Price-currencySymbol\">&#36;<\/span><\/bdi><\/span> &ndash; <span class=\"woocommerce-Price-amount amount\"><bdi>27.00<span class=\"woocommerce-Price-currencySymbol\">&#36;<\/span><\/bdi><\/span><\/span><div class=\"woocs_price_info\"><span class=\"woocs_price_info_icon\"><\/span><ul class='woocs_price_info_list'><li><b>EUR<\/b>: <span class=\"woocs_amount\">&euro;&nbsp;20.47<\/span> - <span class=\"woocs_amount\">&euro;&nbsp;24.03<\/span><\/li><\/ul><\/div><\/span>\n<\/a><a href=\"https:\/\/woodinout.net\/product\/counting-kit\/\" data-quantity=\"1\" class=\"button product_type_variable add_to_cart_button\" data-product_id=\"8782\" data-product_sku=\"\" aria-label=\"V\u00e6lg muligheder for &ldquo;Counting kit&rdquo;\" aria-describedby=\"This product has multiple variants. The options may be chosen on the product page\" rel=\"nofollow\">V\u00e6lg muligheder<\/a><\/li>\n<\/ul>\n<\/div> &#8211;&gt;<br \/>\n&lt;ul class=&#8221;produkter&#8221;&gt;<br \/>\n&lt;li class=&#8221;post-116 type-produkt status-offentligg\u00f8re has-post-miniature product_cat-terrarier f\u00f8rst instock shipping-skattepligtige k\u00f8bbare produkt-type-variabel har-b\u00f8rn&#8221;&gt;&lt;a class=&#8221;woocommerce-LoopProduct-link&#8221; href=&#8221;http:\/\/singlestroke.io\/demo\/primrose-wp\/product\/medium-icosidodecahedron-terrarium\/&#8221;&gt;&lt;img class=&#8221;attachment-shop_catalog size-shop_catalog wp-post-image&#8221; title=&#8221;product07-1&#8243; src=&#8221;http:\/\/singlestroke.io\/demo\/primrose-wp\/wp-content\/uploads\/2016\/01\/product07-1-480&#215;360.jpg&#8221; sizes=&#8221;(max-width: 480px) 100vw, 480px&#8221; srcset=&#8221;http:\/\/singlestroke.io\/demo\/primrose-wp\/wp-content\/uploads\/2016\/01\/product07-1-480&#215;360.jpg 480w, http:\/\/singlestroke.io\/demo\/primrose-wp\/wp-content\/uploads\/2016\/01\/product07-1-300&#215;225.jpg 300w,  http:\/\/singlestroke.io\/demo\/primrose-wp\/wp-content\/uploads\/2016\/01\/product07-1-768&#215;576.jpg 768w, http:\/\/singlestroke.io\/demo\/primrose-wp\/wp-content\/uploads\/2016\/01\/product07-1-1024&#215;768.jpg 1024w, http:\/\/singlestroke.io\/demo\/primrose-wp\/wp-content\/uploads\/2016\/01\/product07-1.jpg 1080w&#8221; alt=&#8221;product07-1&#8243; width=&#8221;480&#8243; height=&#8221;360&#8243; \/&gt;&lt;\/a&gt;<br \/>\n&lt;h3Medium&gt; Icosidodecahedron Terrarium&lt;\/h3&gt;<br \/>\n&lt;span class=&#8221;pris&#8221;&gt;&lt;span class=&#8221;woocommerce-Price-bel\u00f8b bel\u00f8b&#8221;&gt;&lt;span class=&#8221;woocommerce-Price-currencySymbol&#8221;&gt;$&lt;\/span&gt;95.00&lt;\/span&gt;\u2013&lt;span class=&#8221;woocommerce-Price-bel\u00f8b bel\u00f8b&#8221;&gt;&lt;span class=&#8221;woocommerce-Price-currencySymbol&#8221;&gt;$&lt;\/span125.00&gt;&lt;\/span&gt;&lt;\/span&gt;<\/p>\n<p>&lt;en class=&#8221;button product_type_variable add_to_cart_button&#8221; href=&#8221;http:\/\/singlestroke.io\/demo\/primrose-wp\/product\/medium-icosidodecahedron-terrarium\/&#8221; rel=&#8221;nofollow&#8221; data-quantity=&#8221;1&#8243; data-product_id=&#8221;116&#8243; data-product_sku=&#8221;&#8221;&gt;V\u00e6lg indstillinger&lt;\/a&gt;&lt;\/li&gt;<br \/>\n&lt;li class=&#8221;post-124 type-produkt status-offentligg\u00f8re har-post-miniature product_cat-lysestager product_cat-smykker-kasser product_cat-ring-b\u00e6rer instock shipping-skattepligtige k\u00f8bbare produkt-type-variabel has-b\u00f8rn&#8221;&gt;&lt;a class=&#8221;woocommerce-LoopProduct-link&#8221; href=&#8221;http:\/\/singlestroke.io\/demo\/primrose-wp\/product\/mini-icosidodecahedron-candle-holder-ring-bearer-box\/&#8221;&gt;&lt;img class=&#8221;attachment-shop_catalog size-shop_catalog wp-post-image&#8221; title=&#8221;product08-1&#8243; src=&#8221;http:\/\/singlestroke.io\/demo\/primrose-wp\/wp-content\/uploads\/2016\/01\/product08-1-480&#215;360.jpg&#8221; sizes=&#8221;(max-width: 480px) 100vw, 480px&#8221; srcset=&#8221;http:\/\/singlestroke.io\/demo\/primrose-wp\/wp-content\/uploads\/2016\/01\/product08-1-480&#215;360.jpg 480w, http:\/\/singlestroke.io\/demo\/primrose-wp\/wp-content\/uploads\/2016\/01\/product08-1-300&#215;225.jpg 300w,  http:\/\/singlestroke.io\/demo\/primrose-wp\/wp-content\/uploads\/2016\/01\/product08-1-768&#215;576.jpg 768w, http:\/\/singlestroke.io\/demo\/primrose-wp\/wp-content\/uploads\/2016\/01\/product08-1-1024&#215;768.jpg 1024w, http:\/\/singlestroke.io\/demo\/primrose-wp\/wp-content\/uploads\/2016\/01\/product08-1.jpg 1080w&#8221; alt=&#8221;product08-1&#8243; width=&#8221;480&#8243; height=&#8221;360&#8243; \/&gt;&lt;\/a&gt;<br \/>\n&lt;h3Mini&gt; Icosidodecahedron Lysestage \/ Ring B\u00e6rer Box&lt;\/h3&gt;<br \/>\n&lt;span class=&#8221;pris&#8221;&gt;&lt;span class=&#8221;woocommerce-Price-bel\u00f8b bel\u00f8b&#8221;&gt;&lt;span class=&#8221;woocommerce-Price-currencySymbol&#8221;&gt;$&lt;\/span&gt;50.00&lt;\/span&gt;\u2013&lt;span class=&#8221;woocommerce-Price-bel\u00f8b bel\u00f8b&#8221;&gt;&lt;span class=&#8221;woocommerce-Price-currencySymbol&#8221;&gt;$&lt;\/span55.00&gt;&lt;\/span&gt;&lt;\/span&gt;<\/p>\n<p>&lt;en class=&#8221;button product_type_variable add_to_cart_button&#8221; href=&#8221;http:\/\/singlestroke.io\/demo\/primrose-wp\/product\/mini-icosidodecahedron-candle-holder-ring-bearer-box\/&#8221; rel=&#8221;nofollow&#8221; data-quantity=&#8221;1&#8243; data-product_id=&#8221;124&#8243; data-product_sku=&#8221;&#8221;&gt;V\u00e6lg indstillinger&lt;\/a&gt;&lt;\/li&gt;<br \/>\n&lt;li class=&#8221;post-135 type-produkt status-offentligg\u00f8re has-post-miniature product_cat-smykker-kasser product_cat-terrarier sidste instock salg shipping-skattepligtige k\u00f8bbare produkt-type-variabel has-children&#8221;&gt;&lt;a class=&#8221;woocommerce-LoopProduct-link&#8221; href=&#8221;http:\/\/singlestroke.io\/demo\/primrose-wp\/product\/geometric-jewelry-box\/&#8221;&gt;<br \/>\n&lt;span class =&#8221;onsale&#8221;&gt;Salg!&lt; \/span&gt;<br \/>\n&lt;img class=&#8221;attachment-shop_catalog size-shop_catalog wp-post-image&#8221; title=&#8221;product09-1&#8243; src=&#8221;http:\/\/singlestroke.io\/demo\/primrose-wp\/wp-content\/uploads\/2016\/01\/product09-1-480&#215;360.jpg&#8221; sizes=&#8221;(max-width: 480px) 100vw, 480px&#8221; srcset=&#8221;http:\/\/singlestroke.io\/demo\/primrose-wp\/wp-content\/uploads\/2016\/01\/product09-1-480&#215;360.jpg 480w, http:\/\/singlestroke.io\/demo\/primrose-wp\/wp-content\/uploads\/2016\/01\/product09-1-300&#215;225.jpg 300w,  http:\/\/singlestroke.io\/demo\/primrose-wp\/wp-content\/uploads\/2016\/01\/product09-1-768&#215;576.jpg 768w, http:\/\/singlestroke.io\/demo\/primrose-wp\/wp-content\/uploads\/2016\/01\/product09-1-1024&#215;768.jpg 1024w, http:\/\/singlestroke.io\/demo\/primrose-wp\/wp-content\/uploads\/2016\/01\/product09-1.jpg 1080w&#8221; alt=&#8221;product09-1&#8243; width=&#8221;480&#8243; height=&#8221;360&#8243; \/&gt;&lt;\/a&gt;<br \/>\n&lt;h3Geometriske&gt; smykker Boks&lt;\/h3&gt;<br \/>\n&lt;span class=&#8221;pris&#8221;&gt;&lt;del&gt;&lt;span class=&#8221;woocommerce-Price-bel\u00f8b bel\u00f8b&#8221;&gt;&lt;span class=&#8221;woocommerce-Price-currencySymbol&#8221;&gt;$&lt;\/span&gt;100.00&lt;\/span&gt;\u2013&lt;span class=&#8221;woocommerce-Price-bel\u00f8b bel\u00f8b&#8221;&gt;&lt;span class=&#8221;woocommerce-Price-currencySymbol&#8221;&gt;$&lt;\/span115.00&gt;&lt;\/span&gt;&lt;\/del&gt; &lt;ins&gt;&lt;span class=&#8221;woocommerce-Price-bel\u00f8b bel\u00f8b&#8221;&gt;&lt;span class=&#8221;woocommerce-Price-currencySymbol&#8221;&gt;$&lt;\/span&gt;90.00&lt;\/span&gt;\u2013&lt;span class=&#8221;woocommerce-Price-bel\u00f8b bel\u00f8b&#8221;&gt;&lt;span class=&#8221;woocommerce-Price-currencySymbol&#8221;&gt;$&lt;\/span100.00&gt;&lt;\/span&gt;&lt;\/ins&gt;&lt;\/span&gt;<\/p>\n<p>&lt;en class=&#8221;button product_type_variable add_to_cart_button&#8221; href=&#8221;http:\/\/singlestroke.io\/demo\/primrose-wp\/product\/geometric-jewelry-box\/&#8221; rel=&#8221;nofollow&#8221; data-quantity=&#8221;1&#8243; data-product_id=&#8221;135&#8243; data-product_sku=&#8221;&#8221;&gt;V\u00e6lg indstillinger&lt;\/a&gt;&lt;\/li&gt;<br \/>\n&lt;\/ul&gt;<br \/>\n&lt;en class=&#8221;primrose-so-button primrose-so-button-0 button anchor-link&#8221; href=&#8221;http:\/\/singlestroke.io\/demo\/primrose-wp\/shop\/&#8221;&gt;<br \/>\nGennemse vores produkter &lt;\/a&gt;<br \/>\n&lt;!&#8211; .primrose-so-knapper -&gt;<\/p>\n","protected":false},"excerpt":{"rendered":"<p>&lt;img class=&#8221;primrose-so-hero-slide-baggrund-billede primrose-so-hero-slide-baggrund-video-plakat&#8221; src =&#8221;http:\/\/singlestroke.io\/demo\/primrose-wp\/wp-content\/uploads\/2016\/02\/hero-video.jpg&#8221; alt=&#8221;&#8221; width=&#8221;852&#8243; height=&#8221;480&#8243; \/&gt; &lt;video class = &#8220;primrose-so-hero-slide-baggrund-video&#8221; autoplay = &#8220;autoplay&#8221; loop = &#8220;loop&#8221; muted =&#8221;&#8221; width=&#8221;480&#8243; height=&#8221;270&#8243;&gt; &lt;source type=&#8221;video\/mp4&#8243; src=&#8221;http:\/\/singlestroke.io\/demo\/primrose-wp\/wp-content\/uploads\/2016\/02\/hero-video.mp4&#8243; \/&gt; &lt;source type=&#8221;video\/ogg&#8221; src=&#8221;http:\/\/singlestroke.io\/demo\/primrose-wp\/wp-content\/uploads\/2016\/02\/hero-video.ogv&#8221; \/&gt; &lt;source type=&#8221;video\/webm&#8221; src=&#8221;http:\/\/singlestroke.io\/demo\/primrose-wp\/wp-content\/uploads\/2016\/02\/hero-video.webm&#8221; \/&gt; &lt;\/video&gt; &lt;!&#8211; .primrose-so-hero-slide-baggrund -&gt; Velkommen til Primrose &lt;en class=&#8221;primrose-so-button primrose-so-button-0 button anchor-link&#8221; href=&#8221;http:\/\/singlestroke.io\/demo\/primrose-wp\/shop\/&#8221;&gt; Begynd at handle nu &lt;\/a&gt; &lt;!&#8211; .primrose-so-knapper [&hellip;]<\/p>\n","protected":false},"author":1,"featured_media":0,"parent":0,"menu_order":0,"comment_status":"closed","ping_status":"closed","template":"","meta":{"_monsterinsights_skip_tracking":false,"_monsterinsights_sitenote_active":false,"_monsterinsights_sitenote_note":"","_monsterinsights_sitenote_category":0,"footnotes":""},"yoast_head":"<!-- This site is optimized with the Yoast SEO plugin v22.1 - https:\/\/yoast.com\/wordpress\/plugins\/seo\/ -->\n<title>Montessori tr\u00e6leget\u00f8j - H\u00e5ndlavet l\u00e6ringsressourcer - Woodinout \u00a9<\/title>\n<meta name=\"description\" content=\"Tr\u00e6leget\u00f8j inspireret af Montessori til tidlig udvikling gennem v\u00e6rdifuld familietid. H\u00e5ndlavet af massivt tr\u00e6 af h\u00f8j kvalitet.\" \/>\n<meta name=\"robots\" content=\"index, follow, max-snippet:-1, max-image-preview:large, max-video-preview:-1\" \/>\n<link rel=\"canonical\" href=\"https:\/\/woodinout.net\/da\/hjem-1\/\" \/>\n<meta property=\"og:locale\" content=\"da_DK\" \/>\n<meta property=\"og:type\" content=\"article\" \/>\n<meta property=\"og:title\" content=\"Montessori tr\u00e6leget\u00f8j - H\u00e5ndlavet l\u00e6ringsressourcer - Woodinout \u00a9\" \/>\n<meta property=\"og:description\" content=\"Tr\u00e6leget\u00f8j inspireret af Montessori til tidlig udvikling gennem v\u00e6rdifuld familietid. H\u00e5ndlavet af massivt tr\u00e6 af h\u00f8j kvalitet.\" \/>\n<meta property=\"og:url\" content=\"https:\/\/woodinout.net\/da\/hjem-1\/\" \/>\n<meta property=\"og:site_name\" content=\"Woodinout \u00a9\" \/>\n<meta name=\"twitter:card\" content=\"summary_large_image\" \/>\n<meta name=\"twitter:label1\" content=\"Estimeret l\u00e6setid\" \/>\n\t<meta name=\"twitter:data1\" content=\"6 minutter\" \/>\n<script type=\"application\/ld+json\" class=\"yoast-schema-graph\">{\"@context\":\"https:\/\/schema.org\",\"@graph\":[{\"@type\":\"WebPage\",\"@id\":\"https:\/\/woodinout.net\/da\/hjem-1\/\",\"url\":\"https:\/\/woodinout.net\/da\/hjem-1\/\",\"name\":\"Montessori tr\u00e6leget\u00f8j - H\u00e5ndlavet l\u00e6ringsressourcer - Woodinout \u00a9\",\"isPartOf\":{\"@id\":\"https:\/\/woodinout.net\/da\/#website\"},\"datePublished\":\"2020-02-02T19:41:18+00:00\",\"dateModified\":\"2020-02-02T19:41:18+00:00\",\"description\":\"Tr\u00e6leget\u00f8j inspireret af Montessori til tidlig udvikling gennem v\u00e6rdifuld familietid. H\u00e5ndlavet af massivt tr\u00e6 af h\u00f8j kvalitet.\",\"breadcrumb\":{\"@id\":\"https:\/\/woodinout.net\/da\/hjem-1\/#breadcrumb\"},\"inLanguage\":\"da-DK\",\"potentialAction\":[{\"@type\":\"ReadAction\",\"target\":[\"https:\/\/woodinout.net\/da\/hjem-1\/\"]}]},{\"@type\":\"BreadcrumbList\",\"@id\":\"https:\/\/woodinout.net\/da\/hjem-1\/#breadcrumb\",\"itemListElement\":[{\"@type\":\"ListItem\",\"position\":1,\"name\":\"Home\",\"item\":\"https:\/\/woodinout.net\/da\/\"},{\"@type\":\"ListItem\",\"position\":2,\"name\":\"Hjem 1\"}]},{\"@type\":\"WebSite\",\"@id\":\"https:\/\/woodinout.net\/da\/#website\",\"url\":\"https:\/\/woodinout.net\/da\/\",\"name\":\"Woodinout \u00a9\",\"description\":\"Wooden Montessori toys, gifts, home and events decor details\",\"potentialAction\":[{\"@type\":\"SearchAction\",\"target\":{\"@type\":\"EntryPoint\",\"urlTemplate\":\"https:\/\/woodinout.net\/da\/?s={search_term_string}\"},\"query-input\":\"required name=search_term_string\"}],\"inLanguage\":\"da-DK\"}]}<\/script>\n<!-- \/ Yoast SEO plugin. -->","yoast_head_json":{"title":"Montessori tr\u00e6leget\u00f8j - H\u00e5ndlavet l\u00e6ringsressourcer - Woodinout \u00a9","description":"Tr\u00e6leget\u00f8j inspireret af Montessori til tidlig udvikling gennem v\u00e6rdifuld familietid. H\u00e5ndlavet af massivt tr\u00e6 af h\u00f8j kvalitet.","robots":{"index":"index","follow":"follow","max-snippet":"max-snippet:-1","max-image-preview":"max-image-preview:large","max-video-preview":"max-video-preview:-1"},"canonical":"https:\/\/woodinout.net\/da\/hjem-1\/","og_locale":"da_DK","og_type":"article","og_title":"Montessori tr\u00e6leget\u00f8j - H\u00e5ndlavet l\u00e6ringsressourcer - Woodinout \u00a9","og_description":"Tr\u00e6leget\u00f8j inspireret af Montessori til tidlig udvikling gennem v\u00e6rdifuld familietid. H\u00e5ndlavet af massivt tr\u00e6 af h\u00f8j kvalitet.","og_url":"https:\/\/woodinout.net\/da\/hjem-1\/","og_site_name":"Woodinout \u00a9","twitter_card":"summary_large_image","twitter_misc":{"Estimeret l\u00e6setid":"6 minutter"},"schema":{"@context":"https:\/\/schema.org","@graph":[{"@type":"WebPage","@id":"https:\/\/woodinout.net\/da\/hjem-1\/","url":"https:\/\/woodinout.net\/da\/hjem-1\/","name":"Montessori tr\u00e6leget\u00f8j - H\u00e5ndlavet l\u00e6ringsressourcer - Woodinout \u00a9","isPartOf":{"@id":"https:\/\/woodinout.net\/da\/#website"},"datePublished":"2020-02-02T19:41:18+00:00","dateModified":"2020-02-02T19:41:18+00:00","description":"Tr\u00e6leget\u00f8j inspireret af Montessori til tidlig udvikling gennem v\u00e6rdifuld familietid. H\u00e5ndlavet af massivt tr\u00e6 af h\u00f8j kvalitet.","breadcrumb":{"@id":"https:\/\/woodinout.net\/da\/hjem-1\/#breadcrumb"},"inLanguage":"da-DK","potentialAction":[{"@type":"ReadAction","target":["https:\/\/woodinout.net\/da\/hjem-1\/"]}]},{"@type":"BreadcrumbList","@id":"https:\/\/woodinout.net\/da\/hjem-1\/#breadcrumb","itemListElement":[{"@type":"ListItem","position":1,"name":"Home","item":"https:\/\/woodinout.net\/da\/"},{"@type":"ListItem","position":2,"name":"Hjem 1"}]},{"@type":"WebSite","@id":"https:\/\/woodinout.net\/da\/#website","url":"https:\/\/woodinout.net\/da\/","name":"Woodinout \u00a9","description":"Wooden Montessori toys, gifts, home and events decor details","potentialAction":[{"@type":"SearchAction","target":{"@type":"EntryPoint","urlTemplate":"https:\/\/woodinout.net\/da\/?s={search_term_string}"},"query-input":"required name=search_term_string"}],"inLanguage":"da-DK"}]}},"_links":{"self":[{"href":"https:\/\/woodinout.net\/da\/wp-json\/wp\/v2\/pages\/20796"}],"collection":[{"href":"https:\/\/woodinout.net\/da\/wp-json\/wp\/v2\/pages"}],"about":[{"href":"https:\/\/woodinout.net\/da\/wp-json\/wp\/v2\/types\/page"}],"author":[{"embeddable":true,"href":"https:\/\/woodinout.net\/da\/wp-json\/wp\/v2\/users\/1"}],"replies":[{"embeddable":true,"href":"https:\/\/woodinout.net\/da\/wp-json\/wp\/v2\/comments?post=20796"}],"version-history":[{"count":0,"href":"https:\/\/woodinout.net\/da\/wp-json\/wp\/v2\/pages\/20796\/revisions"}],"wp:attachment":[{"href":"https:\/\/woodinout.net\/da\/wp-json\/wp\/v2\/media?parent=20796"}],"curies":[{"name":"wp","href":"https:\/\/api.w.org\/{rel}","templated":true}]}}