{"id":20790,"date":"2020-02-06T11:54:36","date_gmt":"2020-02-06T09:54:36","guid":{"rendered":"https:\/\/woodinout.net\/engroshandel\/"},"modified":"2022-03-12T18:13:18","modified_gmt":"2022-03-12T16:13:18","slug":"engroshandel","status":"publish","type":"page","link":"https:\/\/woodinout.net\/da\/engroshandel\/","title":{"rendered":"ENGROSHANDEL"},"content":{"rendered":"<p>ENGROSHANDEL<\/p>\n\n<p>\u00c5h ja! Det ser ud til, at du er meget interesseret i vores produkter og gerne vil tilf\u00f8je Woodinout leget\u00f8j i din butik. Send os en besked, s\u00e5 kommer vi om lidt i kontakt med Dem.<\/p>\n\n<p>dalius@sistemis.lt<\/p>\n","protected":false},"excerpt":{"rendered":"<p>ENGROSHANDEL \u00c5h ja! Det ser ud til, at du er meget interesseret i vores produkter og gerne vil tilf\u00f8je Woodinout leget\u00f8j i din butik. Send os en besked, s\u00e5 kommer vi om lidt i kontakt med Dem. dalius@sistemis.lt<\/p>\n","protected":false},"author":1,"featured_media":0,"parent":0,"menu_order":0,"comment_status":"closed","ping_status":"closed","template":"","meta":{"_monsterinsights_skip_tracking":false,"_monsterinsights_sitenote_active":false,"_monsterinsights_sitenote_note":"","_monsterinsights_sitenote_category":0,"footnotes":""},"yoast_head":"<!-- This site is optimized with the Yoast SEO plugin v22.1 - https:\/\/yoast.com\/wordpress\/plugins\/seo\/ -->\n<title>ENGROSHANDEL - Tr\u00e6leget\u00f8j Woodinout \u00a9<\/title>\n<meta name=\"description\" content=\"Tr\u00e6leget\u00f8j som l\u00e6ringsressourcer inspireret af Montessori. Skabt af Woodinout-familien, h\u00e5ndlavet af massivt tr\u00e6 - milj\u00f8venligt leget\u00f8j.\" \/>\n<meta name=\"robots\" content=\"index, follow, max-snippet:-1, max-image-preview:large, max-video-preview:-1\" \/>\n<link rel=\"canonical\" href=\"https:\/\/woodinout.net\/da\/engroshandel\/\" \/>\n<meta property=\"og:locale\" content=\"da_DK\" \/>\n<meta property=\"og:type\" content=\"article\" \/>\n<meta property=\"og:title\" content=\"ENGROSHANDEL - Tr\u00e6leget\u00f8j Woodinout \u00a9\" \/>\n<meta property=\"og:description\" content=\"Tr\u00e6leget\u00f8j som l\u00e6ringsressourcer inspireret af Montessori. Skabt af Woodinout-familien, h\u00e5ndlavet af massivt tr\u00e6 - milj\u00f8venligt leget\u00f8j.\" \/>\n<meta property=\"og:url\" content=\"https:\/\/woodinout.net\/da\/engroshandel\/\" \/>\n<meta property=\"og:site_name\" content=\"Woodinout \u00a9\" \/>\n<meta property=\"article:modified_time\" content=\"2022-03-12T16:13:18+00:00\" \/>\n<meta name=\"twitter:card\" content=\"summary_large_image\" \/>\n<script type=\"application\/ld+json\" class=\"yoast-schema-graph\">{\"@context\":\"https:\/\/schema.org\",\"@graph\":[{\"@type\":\"WebPage\",\"@id\":\"https:\/\/woodinout.net\/da\/engroshandel\/\",\"url\":\"https:\/\/woodinout.net\/da\/engroshandel\/\",\"name\":\"ENGROSHANDEL - Tr\u00e6leget\u00f8j Woodinout \u00a9\",\"isPartOf\":{\"@id\":\"https:\/\/woodinout.net\/da\/#website\"},\"datePublished\":\"2020-02-06T09:54:36+00:00\",\"dateModified\":\"2022-03-12T16:13:18+00:00\",\"description\":\"Tr\u00e6leget\u00f8j som l\u00e6ringsressourcer inspireret af Montessori. Skabt af Woodinout-familien, h\u00e5ndlavet af massivt tr\u00e6 - milj\u00f8venligt leget\u00f8j.\",\"breadcrumb\":{\"@id\":\"https:\/\/woodinout.net\/da\/engroshandel\/#breadcrumb\"},\"inLanguage\":\"da-DK\",\"potentialAction\":[{\"@type\":\"ReadAction\",\"target\":[\"https:\/\/woodinout.net\/da\/engroshandel\/\"]}]},{\"@type\":\"BreadcrumbList\",\"@id\":\"https:\/\/woodinout.net\/da\/engroshandel\/#breadcrumb\",\"itemListElement\":[{\"@type\":\"ListItem\",\"position\":1,\"name\":\"Home\",\"item\":\"https:\/\/woodinout.net\/da\/\"},{\"@type\":\"ListItem\",\"position\":2,\"name\":\"ENGROSHANDEL\"}]},{\"@type\":\"WebSite\",\"@id\":\"https:\/\/woodinout.net\/da\/#website\",\"url\":\"https:\/\/woodinout.net\/da\/\",\"name\":\"Woodinout \u00a9\",\"description\":\"Wooden Montessori toys, gifts, home and events decor details\",\"potentialAction\":[{\"@type\":\"SearchAction\",\"target\":{\"@type\":\"EntryPoint\",\"urlTemplate\":\"https:\/\/woodinout.net\/da\/?s={search_term_string}\"},\"query-input\":\"required name=search_term_string\"}],\"inLanguage\":\"da-DK\"}]}<\/script>\n<!-- \/ Yoast SEO plugin. -->","yoast_head_json":{"title":"ENGROSHANDEL - Tr\u00e6leget\u00f8j Woodinout \u00a9","description":"Tr\u00e6leget\u00f8j som l\u00e6ringsressourcer inspireret af Montessori. Skabt af Woodinout-familien, h\u00e5ndlavet af massivt tr\u00e6 - milj\u00f8venligt leget\u00f8j.","robots":{"index":"index","follow":"follow","max-snippet":"max-snippet:-1","max-image-preview":"max-image-preview:large","max-video-preview":"max-video-preview:-1"},"canonical":"https:\/\/woodinout.net\/da\/engroshandel\/","og_locale":"da_DK","og_type":"article","og_title":"ENGROSHANDEL - Tr\u00e6leget\u00f8j Woodinout \u00a9","og_description":"Tr\u00e6leget\u00f8j som l\u00e6ringsressourcer inspireret af Montessori. Skabt af Woodinout-familien, h\u00e5ndlavet af massivt tr\u00e6 - milj\u00f8venligt leget\u00f8j.","og_url":"https:\/\/woodinout.net\/da\/engroshandel\/","og_site_name":"Woodinout \u00a9","article_modified_time":"2022-03-12T16:13:18+00:00","twitter_card":"summary_large_image","schema":{"@context":"https:\/\/schema.org","@graph":[{"@type":"WebPage","@id":"https:\/\/woodinout.net\/da\/engroshandel\/","url":"https:\/\/woodinout.net\/da\/engroshandel\/","name":"ENGROSHANDEL - Tr\u00e6leget\u00f8j Woodinout \u00a9","isPartOf":{"@id":"https:\/\/woodinout.net\/da\/#website"},"datePublished":"2020-02-06T09:54:36+00:00","dateModified":"2022-03-12T16:13:18+00:00","description":"Tr\u00e6leget\u00f8j som l\u00e6ringsressourcer inspireret af Montessori. Skabt af Woodinout-familien, h\u00e5ndlavet af massivt tr\u00e6 - milj\u00f8venligt leget\u00f8j.","breadcrumb":{"@id":"https:\/\/woodinout.net\/da\/engroshandel\/#breadcrumb"},"inLanguage":"da-DK","potentialAction":[{"@type":"ReadAction","target":["https:\/\/woodinout.net\/da\/engroshandel\/"]}]},{"@type":"BreadcrumbList","@id":"https:\/\/woodinout.net\/da\/engroshandel\/#breadcrumb","itemListElement":[{"@type":"ListItem","position":1,"name":"Home","item":"https:\/\/woodinout.net\/da\/"},{"@type":"ListItem","position":2,"name":"ENGROSHANDEL"}]},{"@type":"WebSite","@id":"https:\/\/woodinout.net\/da\/#website","url":"https:\/\/woodinout.net\/da\/","name":"Woodinout \u00a9","description":"Wooden Montessori toys, gifts, home and events decor details","potentialAction":[{"@type":"SearchAction","target":{"@type":"EntryPoint","urlTemplate":"https:\/\/woodinout.net\/da\/?s={search_term_string}"},"query-input":"required name=search_term_string"}],"inLanguage":"da-DK"}]}},"_links":{"self":[{"href":"https:\/\/woodinout.net\/da\/wp-json\/wp\/v2\/pages\/20790"}],"collection":[{"href":"https:\/\/woodinout.net\/da\/wp-json\/wp\/v2\/pages"}],"about":[{"href":"https:\/\/woodinout.net\/da\/wp-json\/wp\/v2\/types\/page"}],"author":[{"embeddable":true,"href":"https:\/\/woodinout.net\/da\/wp-json\/wp\/v2\/users\/1"}],"replies":[{"embeddable":true,"href":"https:\/\/woodinout.net\/da\/wp-json\/wp\/v2\/comments?post=20790"}],"version-history":[{"count":1,"href":"https:\/\/woodinout.net\/da\/wp-json\/wp\/v2\/pages\/20790\/revisions"}],"predecessor-version":[{"id":20793,"href":"https:\/\/woodinout.net\/da\/wp-json\/wp\/v2\/pages\/20790\/revisions\/20793"}],"wp:attachment":[{"href":"https:\/\/woodinout.net\/da\/wp-json\/wp\/v2\/media?parent=20790"}],"curies":[{"name":"wp","href":"https:\/\/api.w.org\/{rel}","templated":true}]}}