{"id":20770,"date":"2017-09-22T20:37:19","date_gmt":"2017-09-22T17:37:19","guid":{"rendered":"https:\/\/woodinout.net\/vilkaar-og-betingelser\/"},"modified":"2017-09-22T20:37:19","modified_gmt":"2017-09-22T17:37:19","slug":"vilkaar-og-betingelser","status":"publish","type":"page","link":"https:\/\/woodinout.net\/da\/vilkaar-og-betingelser\/","title":{"rendered":"Vilk\u00e5r og betingelser"},"content":{"rendered":"<p><strong>Ansl\u00e5ede leveringstider<\/strong><\/p>\n<p>Woodinout skibe fra Litauen (Europa).<\/p>\n<p>Verdensomsp\u00e6ndende forsendelse!<\/p>\n<p>Via national registreret posttjeneste.<\/p>\n<ul>\n<li>Forsendelse tager 10-25 arbejdsdage (afh\u00e6nger af din leveringsadresse placering)\n<ul>\n<li>USA: 2-4 uger<\/li>\n<li>Nordamerika: 2-4 uger<\/li>\n<li>Europa:&nbsp;1-2 uger<\/li>\n<li>Australien, New Zealand og Oceanien: 3-4 uger<\/li>\n<\/ul>\n<\/li>\n<\/ul>\n<ul>\n<li>Varer sendes som prioriteret registreret luftpost.<\/li>\n<\/ul>\n<p>Via UPS express:<\/p>\n<ul>\n<li>Forsendelse tager 2-5 arbejdsdage (afh\u00e6nger af din leveringsadresse placering)<\/li>\n<\/ul>\n<p>Vi g\u00f8r vores bedste for at opfylde disse forsendelsesestimater, men kan ikke garantere dem. Den faktiske leveringstid afh\u00e6nger af den leveringsmetode, du v\u00e6lger.<\/p>\n<p><strong>Told- og importafgifter<\/strong><\/p>\n<p>K\u00f8bere er ansvarlige for eventuelle told- og importafgifter, der m\u00e5tte g\u00e6lde. Jeg er ikke ansvarlig for forsinkelser p\u00e5 grund af tolden.<\/p>\n<p><em>Vi accepterer gerne returneringer og udvekslinger<\/em><\/p>\n<p>Kontakt os inden for:&nbsp;14 dage efter levering<\/p>\n<p>Send varer tilbage inden for:&nbsp;45 dage efter levering<\/p>\n<p><em>Vi accepterer ikke aflysninger<\/em><\/p>\n<p>Men kontakt mig, hvis du har problemer med din ordre.<\/p>\n<p><em><strong>F\u00f8lgende elementer kan ikke returneres eller udveksles<\/strong><\/em><\/p>\n<p>P\u00e5 grund af arten af disse elementer, medmindre de ankommer beskadiget eller defekt, kan jeg ikke acceptere afkast for:<\/p>\n<ul>\n<li>Tilpassede eller tilpassede ordrer<\/li>\n<li><strong>UDSALG AF VARER &#8211;&nbsp;<\/strong> Salgsvarer kan ikke refunderes.<\/li>\n<\/ul>\n<p><strong>Betingelser for tilbagesendelse<\/strong><\/p>\n<p>K\u00f8bere er ansvarlige for returforsendelsesomkostninger. Hvis varen ikke returneres i sin oprindelige stand, er k\u00f8beren ansvarlig for ethvert v\u00e6rditab.<\/p>\n<p><strong>BRUGERDEFINEREDE PRODUKTER<\/strong><\/p>\n<p>Vi refunderer ikke tilpassede eller personlige ordrer: specielle l\u00e6ngder, tilpassede st\u00f8rrelser og farver.<\/p>\n<p>Hvis den farve, du v\u00e6lger, ikke er i mulighed for vores drop-box, kunne den ikke refunderes, returneres eller ombyttes.<\/p>\n<p><strong>Woodinout &#8211; et varem\u00e6rke ejet af SISTEMIS, LLC<\/strong><\/p>\n<p>Sistemis, UAB<br \/>\ncorp. id. 303003620<br \/>\nMomskode LT100007986218<br \/>\nRaudondvario pl. 76-2A, 201 kab., Kaunas, Litauen, LT47182<\/p>\n<p>Luminor bank<br \/>\nA\/S LT30 4010 0510 0420 7813<\/p>\n","protected":false},"excerpt":{"rendered":"<p>Ansl\u00e5ede leveringstider Woodinout skibe fra Litauen (Europa). Verdensomsp\u00e6ndende forsendelse! Via national registreret posttjeneste. Forsendelse tager 10-25 arbejdsdage (afh\u00e6nger af din leveringsadresse placering) USA: 2-4 uger Nordamerika: 2-4 uger Europa:&nbsp;1-2 uger Australien, New Zealand og Oceanien: 3-4 uger Varer sendes som prioriteret registreret luftpost. Via UPS express: Forsendelse tager 2-5 arbejdsdage (afh\u00e6nger af din leveringsadresse placering) [&hellip;]<\/p>\n","protected":false},"author":1,"featured_media":0,"parent":0,"menu_order":0,"comment_status":"closed","ping_status":"closed","template":"","meta":{"_monsterinsights_skip_tracking":false,"_monsterinsights_sitenote_active":false,"_monsterinsights_sitenote_note":"","_monsterinsights_sitenote_category":0,"footnotes":""},"yoast_head":"<!-- This site is optimized with the Yoast SEO plugin v22.1 - https:\/\/yoast.com\/wordpress\/plugins\/seo\/ -->\n<title>Vilk\u00e5r og betingelser - Tr\u00e6leget\u00f8j Shop Woodinout \u00a9<\/title>\n<meta name=\"description\" content=\"Tr\u00e6leget\u00f8j inspireret af Montessori til tidlig udvikling gennem v\u00e6rdifuld familietid. H\u00e5ndlavet af massivt tr\u00e6 af h\u00f8j kvalitet.\" \/>\n<meta name=\"robots\" content=\"index, follow, max-snippet:-1, max-image-preview:large, max-video-preview:-1\" \/>\n<link rel=\"canonical\" href=\"https:\/\/woodinout.net\/da\/vilkaar-og-betingelser\/\" \/>\n<meta property=\"og:locale\" content=\"da_DK\" \/>\n<meta property=\"og:type\" content=\"article\" \/>\n<meta property=\"og:title\" content=\"Vilk\u00e5r og betingelser - Tr\u00e6leget\u00f8j Shop Woodinout \u00a9\" \/>\n<meta property=\"og:description\" content=\"Tr\u00e6leget\u00f8j inspireret af Montessori til tidlig udvikling gennem v\u00e6rdifuld familietid. H\u00e5ndlavet af massivt tr\u00e6 af h\u00f8j kvalitet.\" \/>\n<meta property=\"og:url\" content=\"https:\/\/woodinout.net\/da\/vilkaar-og-betingelser\/\" \/>\n<meta property=\"og:site_name\" content=\"Woodinout \u00a9\" \/>\n<meta name=\"twitter:card\" content=\"summary_large_image\" \/>\n<meta name=\"twitter:label1\" content=\"Estimeret l\u00e6setid\" \/>\n\t<meta name=\"twitter:data1\" content=\"1 minut\" \/>\n<script type=\"application\/ld+json\" class=\"yoast-schema-graph\">{\"@context\":\"https:\/\/schema.org\",\"@graph\":[{\"@type\":\"WebPage\",\"@id\":\"https:\/\/woodinout.net\/da\/vilkaar-og-betingelser\/\",\"url\":\"https:\/\/woodinout.net\/da\/vilkaar-og-betingelser\/\",\"name\":\"Vilk\u00e5r og betingelser - Tr\u00e6leget\u00f8j Shop Woodinout \u00a9\",\"isPartOf\":{\"@id\":\"https:\/\/woodinout.net\/da\/#website\"},\"datePublished\":\"2017-09-22T17:37:19+00:00\",\"dateModified\":\"2017-09-22T17:37:19+00:00\",\"description\":\"Tr\u00e6leget\u00f8j inspireret af Montessori til tidlig udvikling gennem v\u00e6rdifuld familietid. H\u00e5ndlavet af massivt tr\u00e6 af h\u00f8j kvalitet.\",\"breadcrumb\":{\"@id\":\"https:\/\/woodinout.net\/da\/vilkaar-og-betingelser\/#breadcrumb\"},\"inLanguage\":\"da-DK\",\"potentialAction\":[{\"@type\":\"ReadAction\",\"target\":[\"https:\/\/woodinout.net\/da\/vilkaar-og-betingelser\/\"]}]},{\"@type\":\"BreadcrumbList\",\"@id\":\"https:\/\/woodinout.net\/da\/vilkaar-og-betingelser\/#breadcrumb\",\"itemListElement\":[{\"@type\":\"ListItem\",\"position\":1,\"name\":\"Home\",\"item\":\"https:\/\/woodinout.net\/da\/\"},{\"@type\":\"ListItem\",\"position\":2,\"name\":\"Vilk\u00e5r og betingelser\"}]},{\"@type\":\"WebSite\",\"@id\":\"https:\/\/woodinout.net\/da\/#website\",\"url\":\"https:\/\/woodinout.net\/da\/\",\"name\":\"Woodinout \u00a9\",\"description\":\"Wooden Montessori toys, gifts, home and events decor details\",\"potentialAction\":[{\"@type\":\"SearchAction\",\"target\":{\"@type\":\"EntryPoint\",\"urlTemplate\":\"https:\/\/woodinout.net\/da\/?s={search_term_string}\"},\"query-input\":\"required name=search_term_string\"}],\"inLanguage\":\"da-DK\"}]}<\/script>\n<!-- \/ Yoast SEO plugin. -->","yoast_head_json":{"title":"Vilk\u00e5r og betingelser - Tr\u00e6leget\u00f8j Shop Woodinout \u00a9","description":"Tr\u00e6leget\u00f8j inspireret af Montessori til tidlig udvikling gennem v\u00e6rdifuld familietid. H\u00e5ndlavet af massivt tr\u00e6 af h\u00f8j kvalitet.","robots":{"index":"index","follow":"follow","max-snippet":"max-snippet:-1","max-image-preview":"max-image-preview:large","max-video-preview":"max-video-preview:-1"},"canonical":"https:\/\/woodinout.net\/da\/vilkaar-og-betingelser\/","og_locale":"da_DK","og_type":"article","og_title":"Vilk\u00e5r og betingelser - Tr\u00e6leget\u00f8j Shop Woodinout \u00a9","og_description":"Tr\u00e6leget\u00f8j inspireret af Montessori til tidlig udvikling gennem v\u00e6rdifuld familietid. H\u00e5ndlavet af massivt tr\u00e6 af h\u00f8j kvalitet.","og_url":"https:\/\/woodinout.net\/da\/vilkaar-og-betingelser\/","og_site_name":"Woodinout \u00a9","twitter_card":"summary_large_image","twitter_misc":{"Estimeret l\u00e6setid":"1 minut"},"schema":{"@context":"https:\/\/schema.org","@graph":[{"@type":"WebPage","@id":"https:\/\/woodinout.net\/da\/vilkaar-og-betingelser\/","url":"https:\/\/woodinout.net\/da\/vilkaar-og-betingelser\/","name":"Vilk\u00e5r og betingelser - Tr\u00e6leget\u00f8j Shop Woodinout \u00a9","isPartOf":{"@id":"https:\/\/woodinout.net\/da\/#website"},"datePublished":"2017-09-22T17:37:19+00:00","dateModified":"2017-09-22T17:37:19+00:00","description":"Tr\u00e6leget\u00f8j inspireret af Montessori til tidlig udvikling gennem v\u00e6rdifuld familietid. H\u00e5ndlavet af massivt tr\u00e6 af h\u00f8j kvalitet.","breadcrumb":{"@id":"https:\/\/woodinout.net\/da\/vilkaar-og-betingelser\/#breadcrumb"},"inLanguage":"da-DK","potentialAction":[{"@type":"ReadAction","target":["https:\/\/woodinout.net\/da\/vilkaar-og-betingelser\/"]}]},{"@type":"BreadcrumbList","@id":"https:\/\/woodinout.net\/da\/vilkaar-og-betingelser\/#breadcrumb","itemListElement":[{"@type":"ListItem","position":1,"name":"Home","item":"https:\/\/woodinout.net\/da\/"},{"@type":"ListItem","position":2,"name":"Vilk\u00e5r og betingelser"}]},{"@type":"WebSite","@id":"https:\/\/woodinout.net\/da\/#website","url":"https:\/\/woodinout.net\/da\/","name":"Woodinout \u00a9","description":"Wooden Montessori toys, gifts, home and events decor details","potentialAction":[{"@type":"SearchAction","target":{"@type":"EntryPoint","urlTemplate":"https:\/\/woodinout.net\/da\/?s={search_term_string}"},"query-input":"required name=search_term_string"}],"inLanguage":"da-DK"}]}},"_links":{"self":[{"href":"https:\/\/woodinout.net\/da\/wp-json\/wp\/v2\/pages\/20770"}],"collection":[{"href":"https:\/\/woodinout.net\/da\/wp-json\/wp\/v2\/pages"}],"about":[{"href":"https:\/\/woodinout.net\/da\/wp-json\/wp\/v2\/types\/page"}],"author":[{"embeddable":true,"href":"https:\/\/woodinout.net\/da\/wp-json\/wp\/v2\/users\/1"}],"replies":[{"embeddable":true,"href":"https:\/\/woodinout.net\/da\/wp-json\/wp\/v2\/comments?post=20770"}],"version-history":[{"count":0,"href":"https:\/\/woodinout.net\/da\/wp-json\/wp\/v2\/pages\/20770\/revisions"}],"wp:attachment":[{"href":"https:\/\/woodinout.net\/da\/wp-json\/wp\/v2\/media?parent=20770"}],"curies":[{"name":"wp","href":"https:\/\/api.w.org\/{rel}","templated":true}]}}