{"id":20766,"date":"2020-02-06T11:53:26","date_gmt":"2020-02-06T09:53:26","guid":{"rendered":"https:\/\/woodinout.net\/forsendelse-politikker\/"},"modified":"2020-02-06T11:53:26","modified_gmt":"2020-02-06T09:53:26","slug":"forsendelse-politikker","status":"publish","type":"page","link":"https:\/\/woodinout.net\/da\/forsendelse-politikker\/","title":{"rendered":"FORSENDELSE &amp;POLITIKKER"},"content":{"rendered":"<p>FORSENDELSE &amp;POLITIKKER<\/p>\n","protected":false},"excerpt":{"rendered":"<p>FORSENDELSE &amp;POLITIKKER<\/p>\n","protected":false},"author":1,"featured_media":0,"parent":0,"menu_order":0,"comment_status":"closed","ping_status":"closed","template":"","meta":{"_monsterinsights_skip_tracking":false,"_monsterinsights_sitenote_active":false,"_monsterinsights_sitenote_note":"","_monsterinsights_sitenote_category":0,"footnotes":""},"yoast_head":"<!-- This site is optimized with the Yoast SEO plugin v22.1 - https:\/\/yoast.com\/wordpress\/plugins\/seo\/ -->\n<title>FORSENDELSE &amp;POLITIKKER - Tr\u00e6leget\u00f8j Shop Woodinout \u00a9<\/title>\n<meta name=\"description\" content=\"Tr\u00e6leget\u00f8j inspireret af Montessori til tidlig udvikling gennem v\u00e6rdifuld familietid. H\u00e5ndlavet af massivt tr\u00e6 af h\u00f8j kvalitet.\" \/>\n<meta name=\"robots\" content=\"index, follow, max-snippet:-1, max-image-preview:large, max-video-preview:-1\" \/>\n<link rel=\"canonical\" href=\"https:\/\/woodinout.net\/da\/forsendelse-politikker\/\" \/>\n<meta property=\"og:locale\" content=\"da_DK\" \/>\n<meta property=\"og:type\" content=\"article\" \/>\n<meta property=\"og:title\" content=\"FORSENDELSE &amp;POLITIKKER - Tr\u00e6leget\u00f8j Shop Woodinout \u00a9\" \/>\n<meta property=\"og:description\" content=\"Tr\u00e6leget\u00f8j inspireret af Montessori til tidlig udvikling gennem v\u00e6rdifuld familietid. H\u00e5ndlavet af massivt tr\u00e6 af h\u00f8j kvalitet.\" \/>\n<meta property=\"og:url\" content=\"https:\/\/woodinout.net\/da\/forsendelse-politikker\/\" \/>\n<meta property=\"og:site_name\" content=\"Woodinout \u00a9\" \/>\n<meta name=\"twitter:card\" content=\"summary_large_image\" \/>\n<script type=\"application\/ld+json\" class=\"yoast-schema-graph\">{\"@context\":\"https:\/\/schema.org\",\"@graph\":[{\"@type\":\"WebPage\",\"@id\":\"https:\/\/woodinout.net\/da\/forsendelse-politikker\/\",\"url\":\"https:\/\/woodinout.net\/da\/forsendelse-politikker\/\",\"name\":\"FORSENDELSE &amp;POLITIKKER - Tr\u00e6leget\u00f8j Shop Woodinout \u00a9\",\"isPartOf\":{\"@id\":\"https:\/\/woodinout.net\/da\/#website\"},\"datePublished\":\"2020-02-06T09:53:26+00:00\",\"dateModified\":\"2020-02-06T09:53:26+00:00\",\"description\":\"Tr\u00e6leget\u00f8j inspireret af Montessori til tidlig udvikling gennem v\u00e6rdifuld familietid. H\u00e5ndlavet af massivt tr\u00e6 af h\u00f8j kvalitet.\",\"breadcrumb\":{\"@id\":\"https:\/\/woodinout.net\/da\/forsendelse-politikker\/#breadcrumb\"},\"inLanguage\":\"da-DK\",\"potentialAction\":[{\"@type\":\"ReadAction\",\"target\":[\"https:\/\/woodinout.net\/da\/forsendelse-politikker\/\"]}]},{\"@type\":\"BreadcrumbList\",\"@id\":\"https:\/\/woodinout.net\/da\/forsendelse-politikker\/#breadcrumb\",\"itemListElement\":[{\"@type\":\"ListItem\",\"position\":1,\"name\":\"Home\",\"item\":\"https:\/\/woodinout.net\/da\/\"},{\"@type\":\"ListItem\",\"position\":2,\"name\":\"FORSENDELSE &amp;POLITIKKER\"}]},{\"@type\":\"WebSite\",\"@id\":\"https:\/\/woodinout.net\/da\/#website\",\"url\":\"https:\/\/woodinout.net\/da\/\",\"name\":\"Woodinout \u00a9\",\"description\":\"Wooden Montessori toys, gifts, home and events decor details\",\"potentialAction\":[{\"@type\":\"SearchAction\",\"target\":{\"@type\":\"EntryPoint\",\"urlTemplate\":\"https:\/\/woodinout.net\/da\/?s={search_term_string}\"},\"query-input\":\"required name=search_term_string\"}],\"inLanguage\":\"da-DK\"}]}<\/script>\n<!-- \/ Yoast SEO plugin. -->","yoast_head_json":{"title":"FORSENDELSE &amp;POLITIKKER - Tr\u00e6leget\u00f8j Shop Woodinout \u00a9","description":"Tr\u00e6leget\u00f8j inspireret af Montessori til tidlig udvikling gennem v\u00e6rdifuld familietid. H\u00e5ndlavet af massivt tr\u00e6 af h\u00f8j kvalitet.","robots":{"index":"index","follow":"follow","max-snippet":"max-snippet:-1","max-image-preview":"max-image-preview:large","max-video-preview":"max-video-preview:-1"},"canonical":"https:\/\/woodinout.net\/da\/forsendelse-politikker\/","og_locale":"da_DK","og_type":"article","og_title":"FORSENDELSE &amp;POLITIKKER - Tr\u00e6leget\u00f8j Shop Woodinout \u00a9","og_description":"Tr\u00e6leget\u00f8j inspireret af Montessori til tidlig udvikling gennem v\u00e6rdifuld familietid. H\u00e5ndlavet af massivt tr\u00e6 af h\u00f8j kvalitet.","og_url":"https:\/\/woodinout.net\/da\/forsendelse-politikker\/","og_site_name":"Woodinout \u00a9","twitter_card":"summary_large_image","schema":{"@context":"https:\/\/schema.org","@graph":[{"@type":"WebPage","@id":"https:\/\/woodinout.net\/da\/forsendelse-politikker\/","url":"https:\/\/woodinout.net\/da\/forsendelse-politikker\/","name":"FORSENDELSE &amp;POLITIKKER - Tr\u00e6leget\u00f8j Shop Woodinout \u00a9","isPartOf":{"@id":"https:\/\/woodinout.net\/da\/#website"},"datePublished":"2020-02-06T09:53:26+00:00","dateModified":"2020-02-06T09:53:26+00:00","description":"Tr\u00e6leget\u00f8j inspireret af Montessori til tidlig udvikling gennem v\u00e6rdifuld familietid. H\u00e5ndlavet af massivt tr\u00e6 af h\u00f8j kvalitet.","breadcrumb":{"@id":"https:\/\/woodinout.net\/da\/forsendelse-politikker\/#breadcrumb"},"inLanguage":"da-DK","potentialAction":[{"@type":"ReadAction","target":["https:\/\/woodinout.net\/da\/forsendelse-politikker\/"]}]},{"@type":"BreadcrumbList","@id":"https:\/\/woodinout.net\/da\/forsendelse-politikker\/#breadcrumb","itemListElement":[{"@type":"ListItem","position":1,"name":"Home","item":"https:\/\/woodinout.net\/da\/"},{"@type":"ListItem","position":2,"name":"FORSENDELSE &amp;POLITIKKER"}]},{"@type":"WebSite","@id":"https:\/\/woodinout.net\/da\/#website","url":"https:\/\/woodinout.net\/da\/","name":"Woodinout \u00a9","description":"Wooden Montessori toys, gifts, home and events decor details","potentialAction":[{"@type":"SearchAction","target":{"@type":"EntryPoint","urlTemplate":"https:\/\/woodinout.net\/da\/?s={search_term_string}"},"query-input":"required name=search_term_string"}],"inLanguage":"da-DK"}]}},"_links":{"self":[{"href":"https:\/\/woodinout.net\/da\/wp-json\/wp\/v2\/pages\/20766"}],"collection":[{"href":"https:\/\/woodinout.net\/da\/wp-json\/wp\/v2\/pages"}],"about":[{"href":"https:\/\/woodinout.net\/da\/wp-json\/wp\/v2\/types\/page"}],"author":[{"embeddable":true,"href":"https:\/\/woodinout.net\/da\/wp-json\/wp\/v2\/users\/1"}],"replies":[{"embeddable":true,"href":"https:\/\/woodinout.net\/da\/wp-json\/wp\/v2\/comments?post=20766"}],"version-history":[{"count":0,"href":"https:\/\/woodinout.net\/da\/wp-json\/wp\/v2\/pages\/20766\/revisions"}],"wp:attachment":[{"href":"https:\/\/woodinout.net\/da\/wp-json\/wp\/v2\/media?parent=20766"}],"curies":[{"name":"wp","href":"https:\/\/api.w.org\/{rel}","templated":true}]}}