{"id":20760,"date":"2017-09-22T20:55:50","date_gmt":"2017-09-22T17:55:50","guid":{"rendered":"https:\/\/woodinout.net\/ofte-stillede-spoergsmaal-2\/"},"modified":"2017-09-22T20:55:50","modified_gmt":"2017-09-22T17:55:50","slug":"ofte-stillede-spoergsmaal-2","status":"publish","type":"page","link":"https:\/\/woodinout.net\/da\/ofte-stillede-spoergsmaal-2\/","title":{"rendered":"OFTE STILLEDE SP\u00d8RGSM\u00c5L"},"content":{"rendered":"<p>Her finder du de mest popul\u00e6re sp\u00f8rgsm\u00e5l, vi bliver stillet. Hvis du ikke fandt det svar, du \u00f8nskede, bedes du kontakte os. Vi vil hj\u00e6lpe.<\/p>\n<p><strong>Hvor l\u00e6nge laver du produkter?<\/strong><\/p>\n<p>Normalt bestilte produkter er lavet i 5-10 arbejdsdage efter betaling. Hvis det er en individuel ordre, kan produktionen vare l\u00e6ngere &#8211; 7-10 arbejdsdage. Hvis du har brug for at f\u00e5 produktet hurtigere, skal du kontakte de angivne kontakter. Vi er fleksible, og om n\u00f8dvendigt kan vi lave produktet inden for 1 dag.<\/p>\n<p><b>Oplysninger om levering  <\/b><\/p>\n<p>Woodinout skibe fra Litauen (Europa).<\/p>\n<p>Verdensomsp\u00e6ndende forsendelse!<\/p>\n<p>Via national registreret posttjeneste.<\/p>\n<ul>\n<li>Forsendelse tager 10-25 arbejdsdage (afh\u00e6nger af din leveringsadresse placering)\n<ul>\n<li>USA: 2-4 uger<\/li>\n<li>Nordamerika: 2-4 uger<\/li>\n<li>Europa: 1-2 uger<\/li>\n<li>Australien, New Zealand og Oceanien: 3-4 uger<\/li>\n<\/ul>\n<\/li>\n<\/ul>\n<ul>\n<li>Varer sendes som prioriteret registreret luftpost.<\/li>\n<\/ul>\n<p>Via Fedex express:<\/p>\n<ul>\n<li>Forsendelse tager 2-5 arbejdsdage (afh\u00e6nger af din leveringsadresse placering)<\/li>\n<\/ul>\n<p>Vi g\u00f8r vores bedste for at opfylde disse forsendelsesestimater, men kan ikke garantere dem. Den faktiske leveringstid afh\u00e6nger af den leveringsmetode, du v\u00e6lger.<\/p>\n<p><strong>Betalingsmetoder?<\/strong><\/p>\n<ul>\n<li>Debet- eller kreditkort<\/li>\n<li>PayPal betalinger<\/li>\n<\/ul>\n<p><strong>Betalingsmetoder, vi accepterer<\/strong><\/p>\n<p>\u2022 Debet- eller kreditkort<br \/>\n\u2022 PayPal betalinger<\/p>\n<p><strong>Kan jeg returnere produkterne?<\/strong><\/p>\n<p>Returneringer accepteres p\u00e5 f\u00f8lgende betingelser:<\/p>\n<ul>\n<li>K\u00f8ber kan returnere varerne inden for 14 (fjorten) dage fra leveringsdagen informere s\u00e6lgeren via e-mail<\/li>\n<li>S\u00e6rlig returformular skal udfyldes og sendes sammen med pakken. Formularen skal indeholde ordrenummer og andre kontaktoplysninger, hvad der blev angivet under kassen<\/li>\n<li>Returnerede varer skal v\u00e6re i original stand, ubrugte og ubeskadigede<\/li>\n<li>Elementer skal indeholde alle dele af det oprindelige s\u00e6t\/pakke<\/li>\n<li>Elementer skal v\u00e6re i original form og dimensioner \u2013 ingen tilpasning<\/li>\n<\/ul>\n<p><strong>VIGTIGE UNDTAGELSER:<\/strong><\/p>\n<ul>\n<li>Returneringer accepteres ikke for tilpassede og personlige elementer<\/li>\n<li>Forsendelses-\/returudgifter og gebyrer d\u00e6kkes af k\u00f8beren. Denne del kan ikke refunderes<\/li>\n<\/ul>\n<p><strong>REFUNDERE<\/strong><\/p>\n<ul>\n<li>Refusion sker inden for 14 dage efter, at pakken er returneret<\/li>\n<\/ul>\n<p><strong>UDVEKSLINGER<\/strong><\/p>\n<ul>\n<li>B\u00f8rser accepteres. I s\u00e5 fald skal du placere en ny ordre<\/li>\n<\/ul>\n<p>Penge til returnerede varer overf\u00f8res kun til betalerens bankkonto.<\/p>\n<p><strong>Jeg vil have et individuelt produkt, laver du s\u00e5dan?<\/strong><\/p>\n<p>Ja, for det meste producerer vi individuelle ordrer efter dit \u00f8nske. Hvis du har nogen id\u00e9, s\u00e5 kontakt os.<\/p>\n","protected":false},"excerpt":{"rendered":"<p>Her finder du de mest popul\u00e6re sp\u00f8rgsm\u00e5l, vi bliver stillet. Hvis du ikke fandt det svar, du \u00f8nskede, bedes du kontakte os. Vi vil hj\u00e6lpe. Hvor l\u00e6nge laver du produkter? Normalt bestilte produkter er lavet i 5-10 arbejdsdage efter betaling. Hvis det er en individuel ordre, kan produktionen vare l\u00e6ngere &#8211; 7-10 arbejdsdage. Hvis du [&hellip;]<\/p>\n","protected":false},"author":1,"featured_media":0,"parent":0,"menu_order":0,"comment_status":"closed","ping_status":"closed","template":"","meta":{"_monsterinsights_skip_tracking":false,"_monsterinsights_sitenote_active":false,"_monsterinsights_sitenote_note":"","_monsterinsights_sitenote_category":0,"footnotes":""},"yoast_head":"<!-- This site is optimized with the Yoast SEO plugin v22.1 - https:\/\/yoast.com\/wordpress\/plugins\/seo\/ -->\n<title>OFTE STILLEDE SP\u00d8RGSM\u00c5L - Montessori-leget\u00f8j Woodinout \u00a9<\/title>\n<meta name=\"description\" content=\"Milj\u00f8venlig, h\u00e5ndlavet af h\u00f8jkvalitets l\u00e6ringsleget\u00f8j i massivt tr\u00e6. F\u00e5 dem og slutt dig til den store familie af glade kunder her i Woodinout shop.\" \/>\n<meta name=\"robots\" content=\"index, follow, max-snippet:-1, max-image-preview:large, max-video-preview:-1\" \/>\n<link rel=\"canonical\" href=\"https:\/\/woodinout.net\/da\/ofte-stillede-spoergsmaal-2\/\" \/>\n<meta property=\"og:locale\" content=\"da_DK\" \/>\n<meta property=\"og:type\" content=\"article\" \/>\n<meta property=\"og:title\" content=\"OFTE STILLEDE SP\u00d8RGSM\u00c5L - Montessori-leget\u00f8j Woodinout \u00a9\" \/>\n<meta property=\"og:description\" content=\"Milj\u00f8venlig, h\u00e5ndlavet af h\u00f8jkvalitets l\u00e6ringsleget\u00f8j i massivt tr\u00e6. F\u00e5 dem og slutt dig til den store familie af glade kunder her i Woodinout shop.\" \/>\n<meta property=\"og:url\" content=\"https:\/\/woodinout.net\/da\/ofte-stillede-spoergsmaal-2\/\" \/>\n<meta property=\"og:site_name\" content=\"Woodinout \u00a9\" \/>\n<meta name=\"twitter:card\" content=\"summary_large_image\" \/>\n<meta name=\"twitter:label1\" content=\"Estimeret l\u00e6setid\" \/>\n\t<meta name=\"twitter:data1\" content=\"2 minutter\" \/>\n<script type=\"application\/ld+json\" class=\"yoast-schema-graph\">{\"@context\":\"https:\/\/schema.org\",\"@graph\":[{\"@type\":\"WebPage\",\"@id\":\"https:\/\/woodinout.net\/da\/ofte-stillede-spoergsmaal-2\/\",\"url\":\"https:\/\/woodinout.net\/da\/ofte-stillede-spoergsmaal-2\/\",\"name\":\"OFTE STILLEDE SP\u00d8RGSM\u00c5L - Montessori-leget\u00f8j Woodinout \u00a9\",\"isPartOf\":{\"@id\":\"https:\/\/woodinout.net\/da\/#website\"},\"datePublished\":\"2017-09-22T17:55:50+00:00\",\"dateModified\":\"2017-09-22T17:55:50+00:00\",\"description\":\"Milj\u00f8venlig, h\u00e5ndlavet af h\u00f8jkvalitets l\u00e6ringsleget\u00f8j i massivt tr\u00e6. F\u00e5 dem og slutt dig til den store familie af glade kunder her i Woodinout shop.\",\"breadcrumb\":{\"@id\":\"https:\/\/woodinout.net\/da\/ofte-stillede-spoergsmaal-2\/#breadcrumb\"},\"inLanguage\":\"da-DK\",\"potentialAction\":[{\"@type\":\"ReadAction\",\"target\":[\"https:\/\/woodinout.net\/da\/ofte-stillede-spoergsmaal-2\/\"]}]},{\"@type\":\"BreadcrumbList\",\"@id\":\"https:\/\/woodinout.net\/da\/ofte-stillede-spoergsmaal-2\/#breadcrumb\",\"itemListElement\":[{\"@type\":\"ListItem\",\"position\":1,\"name\":\"Home\",\"item\":\"https:\/\/woodinout.net\/da\/\"},{\"@type\":\"ListItem\",\"position\":2,\"name\":\"OFTE STILLEDE SP\u00d8RGSM\u00c5L\"}]},{\"@type\":\"WebSite\",\"@id\":\"https:\/\/woodinout.net\/da\/#website\",\"url\":\"https:\/\/woodinout.net\/da\/\",\"name\":\"Woodinout \u00a9\",\"description\":\"Wooden Montessori toys, gifts, home and events decor details\",\"potentialAction\":[{\"@type\":\"SearchAction\",\"target\":{\"@type\":\"EntryPoint\",\"urlTemplate\":\"https:\/\/woodinout.net\/da\/?s={search_term_string}\"},\"query-input\":\"required name=search_term_string\"}],\"inLanguage\":\"da-DK\"}]}<\/script>\n<!-- \/ Yoast SEO plugin. -->","yoast_head_json":{"title":"OFTE STILLEDE SP\u00d8RGSM\u00c5L - Montessori-leget\u00f8j Woodinout \u00a9","description":"Milj\u00f8venlig, h\u00e5ndlavet af h\u00f8jkvalitets l\u00e6ringsleget\u00f8j i massivt tr\u00e6. F\u00e5 dem og slutt dig til den store familie af glade kunder her i Woodinout shop.","robots":{"index":"index","follow":"follow","max-snippet":"max-snippet:-1","max-image-preview":"max-image-preview:large","max-video-preview":"max-video-preview:-1"},"canonical":"https:\/\/woodinout.net\/da\/ofte-stillede-spoergsmaal-2\/","og_locale":"da_DK","og_type":"article","og_title":"OFTE STILLEDE SP\u00d8RGSM\u00c5L - Montessori-leget\u00f8j Woodinout \u00a9","og_description":"Milj\u00f8venlig, h\u00e5ndlavet af h\u00f8jkvalitets l\u00e6ringsleget\u00f8j i massivt tr\u00e6. F\u00e5 dem og slutt dig til den store familie af glade kunder her i Woodinout shop.","og_url":"https:\/\/woodinout.net\/da\/ofte-stillede-spoergsmaal-2\/","og_site_name":"Woodinout \u00a9","twitter_card":"summary_large_image","twitter_misc":{"Estimeret l\u00e6setid":"2 minutter"},"schema":{"@context":"https:\/\/schema.org","@graph":[{"@type":"WebPage","@id":"https:\/\/woodinout.net\/da\/ofte-stillede-spoergsmaal-2\/","url":"https:\/\/woodinout.net\/da\/ofte-stillede-spoergsmaal-2\/","name":"OFTE STILLEDE SP\u00d8RGSM\u00c5L - Montessori-leget\u00f8j Woodinout \u00a9","isPartOf":{"@id":"https:\/\/woodinout.net\/da\/#website"},"datePublished":"2017-09-22T17:55:50+00:00","dateModified":"2017-09-22T17:55:50+00:00","description":"Milj\u00f8venlig, h\u00e5ndlavet af h\u00f8jkvalitets l\u00e6ringsleget\u00f8j i massivt tr\u00e6. F\u00e5 dem og slutt dig til den store familie af glade kunder her i Woodinout shop.","breadcrumb":{"@id":"https:\/\/woodinout.net\/da\/ofte-stillede-spoergsmaal-2\/#breadcrumb"},"inLanguage":"da-DK","potentialAction":[{"@type":"ReadAction","target":["https:\/\/woodinout.net\/da\/ofte-stillede-spoergsmaal-2\/"]}]},{"@type":"BreadcrumbList","@id":"https:\/\/woodinout.net\/da\/ofte-stillede-spoergsmaal-2\/#breadcrumb","itemListElement":[{"@type":"ListItem","position":1,"name":"Home","item":"https:\/\/woodinout.net\/da\/"},{"@type":"ListItem","position":2,"name":"OFTE STILLEDE SP\u00d8RGSM\u00c5L"}]},{"@type":"WebSite","@id":"https:\/\/woodinout.net\/da\/#website","url":"https:\/\/woodinout.net\/da\/","name":"Woodinout \u00a9","description":"Wooden Montessori toys, gifts, home and events decor details","potentialAction":[{"@type":"SearchAction","target":{"@type":"EntryPoint","urlTemplate":"https:\/\/woodinout.net\/da\/?s={search_term_string}"},"query-input":"required name=search_term_string"}],"inLanguage":"da-DK"}]}},"_links":{"self":[{"href":"https:\/\/woodinout.net\/da\/wp-json\/wp\/v2\/pages\/20760"}],"collection":[{"href":"https:\/\/woodinout.net\/da\/wp-json\/wp\/v2\/pages"}],"about":[{"href":"https:\/\/woodinout.net\/da\/wp-json\/wp\/v2\/types\/page"}],"author":[{"embeddable":true,"href":"https:\/\/woodinout.net\/da\/wp-json\/wp\/v2\/users\/1"}],"replies":[{"embeddable":true,"href":"https:\/\/woodinout.net\/da\/wp-json\/wp\/v2\/comments?post=20760"}],"version-history":[{"count":0,"href":"https:\/\/woodinout.net\/da\/wp-json\/wp\/v2\/pages\/20760\/revisions"}],"wp:attachment":[{"href":"https:\/\/woodinout.net\/da\/wp-json\/wp\/v2\/media?parent=20760"}],"curies":[{"name":"wp","href":"https:\/\/api.w.org\/{rel}","templated":true}]}}