{"id":20753,"date":"2020-02-06T11:53:49","date_gmt":"2020-02-06T09:53:49","guid":{"rendered":"https:\/\/woodinout.net\/betalinger-og-returneringer\/"},"modified":"2020-02-06T11:53:49","modified_gmt":"2020-02-06T09:53:49","slug":"betalinger-og-returneringer","status":"publish","type":"page","link":"https:\/\/woodinout.net\/da\/betalinger-og-returneringer\/","title":{"rendered":"BETALINGER og returneringer"},"content":{"rendered":"<p><strong>Betalingsmetoder, vi accepterer<\/strong><\/p>\n<p>\u2022 Debet- eller kreditkort<br \/>\n\u2022 PayPal betalinger<\/p>\n<p><strong>Kan jeg returnere produkterne?<\/strong><\/p>\n<p>Returneringer accepteres p\u00e5 f\u00f8lgende betingelser:<\/p>\n<ul>\n<li>K\u00f8ber kan returnere varerne inden for 14 (fjorten) dage fra leveringsdagen informere s\u00e6lgeren via e-mail<\/li>\n<li>S\u00e6rlig returformular skal udfyldes og sendes sammen med pakken. Formularen skal indeholde ordrenummer og andre kontaktoplysninger, hvad der blev angivet under kassen<\/li>\n<li>Returnerede varer skal v\u00e6re i original stand, ubrugte og ubeskadigede<\/li>\n<li>Elementer skal indeholde alle dele af det oprindelige s\u00e6t\/pakke<\/li>\n<li>Elementer skal v\u00e6re i original form og dimensioner \u2013 ingen tilpasning<\/li>\n<\/ul>\n<p><strong>VIGTIGE UNDTAGELSER:<\/strong><\/p>\n<ul>\n<li>Returneringer accepteres ikke for tilpassede og personlige elementer<\/li>\n<li>Forsendelses-\/returudgifter og gebyrer d\u00e6kkes af k\u00f8beren. Denne del kan ikke refunderes<\/li>\n<\/ul>\n<p><strong>REFUNDERE<\/strong><\/p>\n<ul>\n<li>Refusion sker inden for 14 dage efter, at pakken er returneret<\/li>\n<\/ul>\n<p><strong>UDVEKSLINGER<\/strong><\/p>\n<ul>\n<li>B\u00f8rser accepteres. I s\u00e5 fald skal du placere en ny ordre<\/li>\n<\/ul>\n<p>Penge til returnerede varer overf\u00f8res kun til betalerens bankkonto.<\/p>\n","protected":false},"excerpt":{"rendered":"<p>Betalingsmetoder, vi accepterer \u2022 Debet- eller kreditkort \u2022 PayPal betalinger Kan jeg returnere produkterne? Returneringer accepteres p\u00e5 f\u00f8lgende betingelser: K\u00f8ber kan returnere varerne inden for 14 (fjorten) dage fra leveringsdagen informere s\u00e6lgeren via e-mail S\u00e6rlig returformular skal udfyldes og sendes sammen med pakken. Formularen skal indeholde ordrenummer og andre kontaktoplysninger, hvad der blev angivet under [&hellip;]<\/p>\n","protected":false},"author":1,"featured_media":0,"parent":0,"menu_order":0,"comment_status":"closed","ping_status":"closed","template":"","meta":{"_monsterinsights_skip_tracking":false,"_monsterinsights_sitenote_active":false,"_monsterinsights_sitenote_note":"","_monsterinsights_sitenote_category":0,"footnotes":""},"yoast_head":"<!-- This site is optimized with the Yoast SEO plugin v22.1 - https:\/\/yoast.com\/wordpress\/plugins\/seo\/ -->\n<title>BETALINGER og returneringer - Tr\u00e6leget\u00f8j Shop Woodinout \u00a9<\/title>\n<meta name=\"description\" content=\"Tr\u00e6leget\u00f8j inspireret af Montessori til tidlig udvikling gennem v\u00e6rdifuld familietid. H\u00e5ndlavet af massivt tr\u00e6 af h\u00f8j kvalitet.\" \/>\n<meta name=\"robots\" content=\"index, follow, max-snippet:-1, max-image-preview:large, max-video-preview:-1\" \/>\n<link rel=\"canonical\" href=\"https:\/\/woodinout.net\/da\/betalinger-og-returneringer\/\" \/>\n<meta property=\"og:locale\" content=\"da_DK\" \/>\n<meta property=\"og:type\" content=\"article\" \/>\n<meta property=\"og:title\" content=\"BETALINGER og returneringer - Tr\u00e6leget\u00f8j Shop Woodinout \u00a9\" \/>\n<meta property=\"og:description\" content=\"Tr\u00e6leget\u00f8j inspireret af Montessori til tidlig udvikling gennem v\u00e6rdifuld familietid. H\u00e5ndlavet af massivt tr\u00e6 af h\u00f8j kvalitet.\" \/>\n<meta property=\"og:url\" content=\"https:\/\/woodinout.net\/da\/betalinger-og-returneringer\/\" \/>\n<meta property=\"og:site_name\" content=\"Woodinout \u00a9\" \/>\n<meta name=\"twitter:card\" content=\"summary_large_image\" \/>\n<meta name=\"twitter:label1\" content=\"Estimeret l\u00e6setid\" \/>\n\t<meta name=\"twitter:data1\" content=\"1 minut\" \/>\n<script type=\"application\/ld+json\" class=\"yoast-schema-graph\">{\"@context\":\"https:\/\/schema.org\",\"@graph\":[{\"@type\":\"WebPage\",\"@id\":\"https:\/\/woodinout.net\/da\/betalinger-og-returneringer\/\",\"url\":\"https:\/\/woodinout.net\/da\/betalinger-og-returneringer\/\",\"name\":\"BETALINGER og returneringer - Tr\u00e6leget\u00f8j Shop Woodinout \u00a9\",\"isPartOf\":{\"@id\":\"https:\/\/woodinout.net\/da\/#website\"},\"datePublished\":\"2020-02-06T09:53:49+00:00\",\"dateModified\":\"2020-02-06T09:53:49+00:00\",\"description\":\"Tr\u00e6leget\u00f8j inspireret af Montessori til tidlig udvikling gennem v\u00e6rdifuld familietid. H\u00e5ndlavet af massivt tr\u00e6 af h\u00f8j kvalitet.\",\"breadcrumb\":{\"@id\":\"https:\/\/woodinout.net\/da\/betalinger-og-returneringer\/#breadcrumb\"},\"inLanguage\":\"da-DK\",\"potentialAction\":[{\"@type\":\"ReadAction\",\"target\":[\"https:\/\/woodinout.net\/da\/betalinger-og-returneringer\/\"]}]},{\"@type\":\"BreadcrumbList\",\"@id\":\"https:\/\/woodinout.net\/da\/betalinger-og-returneringer\/#breadcrumb\",\"itemListElement\":[{\"@type\":\"ListItem\",\"position\":1,\"name\":\"Home\",\"item\":\"https:\/\/woodinout.net\/da\/\"},{\"@type\":\"ListItem\",\"position\":2,\"name\":\"BETALINGER og returneringer\"}]},{\"@type\":\"WebSite\",\"@id\":\"https:\/\/woodinout.net\/da\/#website\",\"url\":\"https:\/\/woodinout.net\/da\/\",\"name\":\"Woodinout \u00a9\",\"description\":\"Wooden Montessori toys, gifts, home and events decor details\",\"potentialAction\":[{\"@type\":\"SearchAction\",\"target\":{\"@type\":\"EntryPoint\",\"urlTemplate\":\"https:\/\/woodinout.net\/da\/?s={search_term_string}\"},\"query-input\":\"required name=search_term_string\"}],\"inLanguage\":\"da-DK\"}]}<\/script>\n<!-- \/ Yoast SEO plugin. -->","yoast_head_json":{"title":"BETALINGER og returneringer - Tr\u00e6leget\u00f8j Shop Woodinout \u00a9","description":"Tr\u00e6leget\u00f8j inspireret af Montessori til tidlig udvikling gennem v\u00e6rdifuld familietid. H\u00e5ndlavet af massivt tr\u00e6 af h\u00f8j kvalitet.","robots":{"index":"index","follow":"follow","max-snippet":"max-snippet:-1","max-image-preview":"max-image-preview:large","max-video-preview":"max-video-preview:-1"},"canonical":"https:\/\/woodinout.net\/da\/betalinger-og-returneringer\/","og_locale":"da_DK","og_type":"article","og_title":"BETALINGER og returneringer - Tr\u00e6leget\u00f8j Shop Woodinout \u00a9","og_description":"Tr\u00e6leget\u00f8j inspireret af Montessori til tidlig udvikling gennem v\u00e6rdifuld familietid. H\u00e5ndlavet af massivt tr\u00e6 af h\u00f8j kvalitet.","og_url":"https:\/\/woodinout.net\/da\/betalinger-og-returneringer\/","og_site_name":"Woodinout \u00a9","twitter_card":"summary_large_image","twitter_misc":{"Estimeret l\u00e6setid":"1 minut"},"schema":{"@context":"https:\/\/schema.org","@graph":[{"@type":"WebPage","@id":"https:\/\/woodinout.net\/da\/betalinger-og-returneringer\/","url":"https:\/\/woodinout.net\/da\/betalinger-og-returneringer\/","name":"BETALINGER og returneringer - Tr\u00e6leget\u00f8j Shop Woodinout \u00a9","isPartOf":{"@id":"https:\/\/woodinout.net\/da\/#website"},"datePublished":"2020-02-06T09:53:49+00:00","dateModified":"2020-02-06T09:53:49+00:00","description":"Tr\u00e6leget\u00f8j inspireret af Montessori til tidlig udvikling gennem v\u00e6rdifuld familietid. H\u00e5ndlavet af massivt tr\u00e6 af h\u00f8j kvalitet.","breadcrumb":{"@id":"https:\/\/woodinout.net\/da\/betalinger-og-returneringer\/#breadcrumb"},"inLanguage":"da-DK","potentialAction":[{"@type":"ReadAction","target":["https:\/\/woodinout.net\/da\/betalinger-og-returneringer\/"]}]},{"@type":"BreadcrumbList","@id":"https:\/\/woodinout.net\/da\/betalinger-og-returneringer\/#breadcrumb","itemListElement":[{"@type":"ListItem","position":1,"name":"Home","item":"https:\/\/woodinout.net\/da\/"},{"@type":"ListItem","position":2,"name":"BETALINGER og returneringer"}]},{"@type":"WebSite","@id":"https:\/\/woodinout.net\/da\/#website","url":"https:\/\/woodinout.net\/da\/","name":"Woodinout \u00a9","description":"Wooden Montessori toys, gifts, home and events decor details","potentialAction":[{"@type":"SearchAction","target":{"@type":"EntryPoint","urlTemplate":"https:\/\/woodinout.net\/da\/?s={search_term_string}"},"query-input":"required name=search_term_string"}],"inLanguage":"da-DK"}]}},"_links":{"self":[{"href":"https:\/\/woodinout.net\/da\/wp-json\/wp\/v2\/pages\/20753"}],"collection":[{"href":"https:\/\/woodinout.net\/da\/wp-json\/wp\/v2\/pages"}],"about":[{"href":"https:\/\/woodinout.net\/da\/wp-json\/wp\/v2\/types\/page"}],"author":[{"embeddable":true,"href":"https:\/\/woodinout.net\/da\/wp-json\/wp\/v2\/users\/1"}],"replies":[{"embeddable":true,"href":"https:\/\/woodinout.net\/da\/wp-json\/wp\/v2\/comments?post=20753"}],"version-history":[{"count":0,"href":"https:\/\/woodinout.net\/da\/wp-json\/wp\/v2\/pages\/20753\/revisions"}],"wp:attachment":[{"href":"https:\/\/woodinout.net\/da\/wp-json\/wp\/v2\/media?parent=20753"}],"curies":[{"name":"wp","href":"https:\/\/api.w.org\/{rel}","templated":true}]}}