{"id":20742,"date":"2016-04-13T04:25:25","date_gmt":"2016-04-13T01:25:25","guid":{"rendered":"https:\/\/woodinout.net\/hjem-gitter\/"},"modified":"2022-03-13T17:32:00","modified_gmt":"2022-03-13T15:32:00","slug":"hjem-gitter","status":"publish","type":"page","link":"https:\/\/woodinout.net\/da\/","title":{"rendered":"Hjem"},"content":{"rendered":"<div id=\"pl-20742\"  class=\"panel-layout\" ><div id=\"pg-20742-0\"  class=\"panel-grid panel-has-style\" ><div class=\"siteorigin-panels-stretch panel-row-style panel-row-style-for-20742-0\" data-stretch-type=\"full-stretched\" ><div id=\"pgc-20742-0-0\"  class=\"panel-grid-cell panel-grid-cell-empty\" ><div class=\"panel-cell-style panel-cell-style-for-20742-0-0\" ><\/div><\/div><\/div><\/div><div id=\"pg-20742-1\"  class=\"panel-grid panel-has-style\" ><div class=\"siteorigin-panels-stretch panel-row-style panel-row-style-for-20742-1\" data-stretch-type=\"full-stretched\" ><div id=\"pgc-20742-1-0\"  class=\"panel-grid-cell\" ><div id=\"panel-20742-1-0-0\" class=\"so-panel widget widget_primrose-sow-masonry-grid panel-first-child panel-last-child\" data-index=\"0\" ><div\n\t\t\t\n\t\t\tclass=\"so-widget-primrose-sow-masonry-grid so-widget-primrose-sow-masonry-grid-default-d75171398898-20742\"\n\t\t\t\n\t\t><div class=\"primrose-sow-masonry-grid\" data-layouts=\"{&quot;desktop&quot;:{&quot;numColumns&quot;:10,&quot;rowHeight&quot;:&quot;5%&quot;,&quot;gutter&quot;:&quot;10px&quot;},&quot;normal&quot;:{&quot;numColumns&quot;:10,&quot;rowHeight&quot;:&quot;5%&quot;,&quot;gutter&quot;:&quot;10px&quot;},&quot;tablet&quot;:{&quot;numColumns&quot;:10,&quot;rowHeight&quot;:&quot;5%&quot;,&quot;gutter&quot;:&quot;10px&quot;},&quot;mobile&quot;:{&quot;numColumns&quot;:1,&quot;rowHeight&quot;:&quot;15%&quot;,&quot;gutter&quot;:&quot;10px&quot;},&quot;mobileSmall&quot;:{&quot;numColumns&quot;:1,&quot;rowHeight&quot;:&quot;15%&quot;,&quot;gutter&quot;:&quot;10px&quot;}}\">\r\n\t<div class=\"primrose-sow-masonry-grid-sizer-width\"><\/div>\r\n\t<div class=\"primrose-sow-masonry-grid-sizer-height\" style=\"width: 0;\"><\/div>\r\n\t<div class=\"primrose-sow-masonry-grid-sizer-gutter\"><\/div>\r\n\r\n\t<div class=\"primrose-sow-masonry-grid-item primrose-sow-masonry-grid-item-zoom-effect\" data-col-span=\"3\" data-row-span=\"3\">\r\n\t\t\t\t<a href=\"http:\/\/woodinout.net\/shop\/\" class=\"primrose-sow-masonry-grid-item-inner\" >\r\n\t\t\t\t\t<div class=\"primrose-sow-masonry-grid-item-background\" style=\"background-color: #f3f3f3; background-image: url(https:\/\/woodinout.net\/wp-content\/uploads\/2020\/06\/Moon-phase-1.jpg);\"><\/div>\r\n\r\n\t\t\t\t\t<div class=\"primrose-sow-masonry-grid-item-overlay\" style=\"background-color: rgba(0,0,0,0.1);\"><\/div>\r\n\r\n\t\t\t\t\t<div class=\"primrose-sow-masonry-grid-item-content\">\r\n\t\t\t\t\t\t<div class=\"primrose-sow-masonry-grid-item-content-inner\">\r\n\t\t\t\t\t\t\t<div class=\"primrose-sow-masonry-grid-item-title\" style=\"color: #ffffff;\">*** SALE ***<\/div>\r\n\t\t\t\t\t\t\t<div class=\"primrose-sow-masonry-grid-item-subtitle\" style=\"color: #ffffff;\">Up to 20% off for selected items<\/div>\r\n\t\t\t\t\t\t<\/div>\r\n\t\t\t\t\t<\/div>\r\n\t\t\t\t<\/a>\r\n\t\t\t<\/div><div class=\"primrose-sow-masonry-grid-item primrose-sow-masonry-grid-item-zoom-effect\" data-col-span=\"3\" data-row-span=\"4\">\r\n\t\t\t\t<a href=\"http:\/\/woodinout.net\/product\/montessori-math-manipulatives\/\" class=\"primrose-sow-masonry-grid-item-inner\" >\r\n\t\t\t\t\t<div class=\"primrose-sow-masonry-grid-item-background\" style=\"background-color: #f3f3f3; background-image: url(https:\/\/woodinout.net\/wp-content\/uploads\/2020\/06\/MG_6565-NXPowerLite-Copy3.jpg);\"><\/div>\r\n\r\n\t\t\t\t\t<div class=\"primrose-sow-masonry-grid-item-overlay\" style=\"background-color: rgba(0,0,0,0.1);\"><\/div>\r\n\r\n\t\t\t\t\t<div class=\"primrose-sow-masonry-grid-item-content\">\r\n\t\t\t\t\t\t<div class=\"primrose-sow-masonry-grid-item-content-inner\">\r\n\t\t\t\t\t\t\t\r\n\t\t\t\t\t\t\t\r\n\t\t\t\t\t\t<\/div>\r\n\t\t\t\t\t<\/div>\r\n\t\t\t\t<\/a>\r\n\t\t\t<\/div><div class=\"primrose-sow-masonry-grid-item primrose-sow-masonry-grid-item-zoom-effect\" data-col-span=\"4\" data-row-span=\"4\">\r\n\t\t\t\t<a href=\"http:\/\/woodinout.net\/shop\/\" class=\"primrose-sow-masonry-grid-item-inner\" >\r\n\t\t\t\t\t<div class=\"primrose-sow-masonry-grid-item-background\" style=\"background-color: #f3f3f3; background-image: url(https:\/\/woodinout.net\/wp-content\/uploads\/2020\/06\/Wooden-tracing-board-2.jpg);\"><\/div>\r\n\r\n\t\t\t\t\t<div class=\"primrose-sow-masonry-grid-item-overlay\" style=\"background-color: rgba(0,0,0,0.1);\"><\/div>\r\n\r\n\t\t\t\t\t<div class=\"primrose-sow-masonry-grid-item-content\">\r\n\t\t\t\t\t\t<div class=\"primrose-sow-masonry-grid-item-content-inner\">\r\n\t\t\t\t\t\t\t<div class=\"primrose-sow-masonry-grid-item-title\" style=\"color: #ffffff;\">Gifts for your Beloved One<\/div>\r\n\t\t\t\t\t\t\t<div class=\"primrose-sow-masonry-grid-item-subtitle\" style=\"color: #ffffff;\">The best gifts to show your love<\/div>\r\n\t\t\t\t\t\t<\/div>\r\n\t\t\t\t\t<\/div>\r\n\t\t\t\t<\/a>\r\n\t\t\t<\/div><div class=\"primrose-sow-masonry-grid-item primrose-sow-masonry-grid-item-zoom-effect\" data-col-span=\"3\" data-row-span=\"4\">\r\n\t\t\t\t<a href=\"http:\/\/woodinout.net\/product\/scrabble-board-with-alphabet-tiles\/\" class=\"primrose-sow-masonry-grid-item-inner\" >\r\n\t\t\t\t\t<div class=\"primrose-sow-masonry-grid-item-background\" style=\"background-color: #f3f3f3; background-image: url(https:\/\/woodinout.net\/wp-content\/uploads\/2021\/03\/MG_3913-NXPowerLite-Copy.jpg);\"><\/div>\r\n\r\n\t\t\t\t\t<div class=\"primrose-sow-masonry-grid-item-overlay\" style=\"background-color: rgba(0,0,0,0.1);\"><\/div>\r\n\r\n\t\t\t\t\t<div class=\"primrose-sow-masonry-grid-item-content\">\r\n\t\t\t\t\t\t<div class=\"primrose-sow-masonry-grid-item-content-inner\">\r\n\t\t\t\t\t\t\t\r\n\t\t\t\t\t\t\t\r\n\t\t\t\t\t\t<\/div>\r\n\t\t\t\t\t<\/div>\r\n\t\t\t\t<\/a>\r\n\t\t\t<\/div><div class=\"primrose-sow-masonry-grid-item primrose-sow-masonry-grid-item-zoom-effect\" data-col-span=\"4\" data-row-span=\"3\">\r\n\t\t\t\t<a href=\"http:\/\/woodinout.net\/shop\/\" class=\"primrose-sow-masonry-grid-item-inner\" >\r\n\t\t\t\t\t<div class=\"primrose-sow-masonry-grid-item-background\" style=\"background-color: #f3f3f3; background-image: url(https:\/\/woodinout.net\/wp-content\/uploads\/2018\/07\/mila-4-NXPowerLite-Copy-scaled.jpg);\"><\/div>\r\n\r\n\t\t\t\t\t<div class=\"primrose-sow-masonry-grid-item-overlay\" style=\"background-color: rgba(0,0,0,0.1);\"><\/div>\r\n\r\n\t\t\t\t\t<div class=\"primrose-sow-masonry-grid-item-content\">\r\n\t\t\t\t\t\t<div class=\"primrose-sow-masonry-grid-item-content-inner\">\r\n\t\t\t\t\t\t\t<div class=\"primrose-sow-masonry-grid-item-title\" style=\"color: #ffffff;\">Get Free Shipping<\/div>\r\n\t\t\t\t\t\t\t<div class=\"primrose-sow-masonry-grid-item-subtitle\" style=\"color: #ffffff;\">For every order over $300<\/div>\r\n\t\t\t\t\t\t<\/div>\r\n\t\t\t\t\t<\/div>\r\n\t\t\t\t<\/a>\r\n\t\t\t<\/div><div class=\"primrose-sow-masonry-grid-item primrose-sow-masonry-grid-item-zoom-effect\" data-col-span=\"3\" data-row-span=\"3\">\r\n\t\t\t\t<a href=\"http:\/\/woodinout.net\/product\/rainbow-wooden-sorting-toy\/\" class=\"primrose-sow-masonry-grid-item-inner\" >\r\n\t\t\t\t\t<div class=\"primrose-sow-masonry-grid-item-background\" style=\"background-color: #f3f3f3; background-image: url(https:\/\/woodinout.net\/wp-content\/uploads\/2020\/06\/Rainbow-Wooden-sorting-toy-3.jpg);\"><\/div>\r\n\r\n\t\t\t\t\t<div class=\"primrose-sow-masonry-grid-item-overlay\" style=\"background-color: rgba(0,0,0,0.1);\"><\/div>\r\n\r\n\t\t\t\t\t<div class=\"primrose-sow-masonry-grid-item-content\">\r\n\t\t\t\t\t\t<div class=\"primrose-sow-masonry-grid-item-content-inner\">\r\n\t\t\t\t\t\t\t\r\n\t\t\t\t\t\t\t\r\n\t\t\t\t\t\t<\/div>\r\n\t\t\t\t\t<\/div>\r\n\t\t\t\t<\/a>\r\n\t\t\t<\/div><\/div><!-- .primrose-sow-masonry-grid -->\r\n<\/div><\/div><\/div><\/div><\/div><div id=\"pg-20742-2\"  class=\"panel-grid panel-has-style\" ><div class=\"panel-row-style panel-row-style-for-20742-2\" ><div id=\"pgc-20742-2-0\"  class=\"panel-grid-cell\" ><div id=\"panel-20742-2-0-0\" class=\"so-panel widget widget_primrose-sow-heading panel-first-child\" data-index=\"1\" ><div\n\t\t\t\n\t\t\tclass=\"so-widget-primrose-sow-heading so-widget-primrose-sow-heading-default-d75171398898-20742\"\n\t\t\t\n\t\t><h2 class=\"primrose-sow-heading primrose-sow-alignment-center\">Best Sellers<\/h2><\/div><\/div><div id=\"panel-20742-2-0-1\" class=\"so-panel widget widget_primrose-sow-woocommerce-posts-grid\" data-index=\"2\" ><div class=\"panel-widget-style panel-widget-style-for-20742-2-0-1\" ><div\n\t\t\t\n\t\t\tclass=\"so-widget-primrose-sow-woocommerce-posts-grid so-widget-primrose-sow-woocommerce-posts-grid-default-d75171398898-20742\"\n\t\t\t\n\t\t><div class=\"primrose-sow-woocommerce-posts-grid\">\r\n\t<!-- [products best_selling=\"true\" limit=\"3\" columns=\"3\" orderby=\"date\" order=\"desc\"] -->\t<div class=\"woocommerce columns-3 \"><ul class=\"products columns-3\">\n<li class=\"product type-product post-7881 status-publish first instock product_cat-pretend-play-toys product_cat-wooden-toys product_tag-bow-and-arrows-toy product_tag-creative-play product_tag-educational-games product_tag-educational-toys product_tag-imaginative-play product_tag-kids-archery-set product_tag-kids-gifts product_tag-kids-presents product_tag-learning-games product_tag-montessori-toys product_tag-toddler-gift product_tag-wooden-toys has-post-thumbnail shipping-taxable purchasable product-type-simple\">\n\t<a href=\"https:\/\/woodinout.net\/product\/wooden-archery-bow-and-arrows\/\" class=\"woocommerce-LoopProduct-link woocommerce-loop-product__link\"><img loading=\"lazy\" decoding=\"async\" width=\"480\" height=\"720\" src=\"https:\/\/woodinout.net\/wp-content\/uploads\/2020\/06\/Wooden-archery-bow-and-arrows-3-480x720.jpg\" class=\"attachment-woocommerce_thumbnail size-woocommerce_thumbnail\" alt=\"Wooden archery bow and arrows toy\" srcset=\"https:\/\/woodinout.net\/wp-content\/uploads\/2020\/06\/Wooden-archery-bow-and-arrows-3-480x720.jpg 480w, https:\/\/woodinout.net\/wp-content\/uploads\/2020\/06\/Wooden-archery-bow-and-arrows-3-800x1200.jpg 800w, https:\/\/woodinout.net\/wp-content\/uploads\/2020\/06\/Wooden-archery-bow-and-arrows-3-333x500.jpg 333w, https:\/\/woodinout.net\/wp-content\/uploads\/2020\/06\/Wooden-archery-bow-and-arrows-3-533x800.jpg 533w, https:\/\/woodinout.net\/wp-content\/uploads\/2020\/06\/Wooden-archery-bow-and-arrows-3.jpg 853w\" sizes=\"(max-width: 480px) 100vw, 480px\" \/><h2 class=\"woocommerce-loop-product__title\">Wooden archery toy, bow and arrows<\/h2>\n\t<span class=\"price\"><span class=\"woocs_price_code\" data-currency=\"\" data-redraw-id=\"69f070682a169\"  data-product-id=\"7881\"><span class=\"woocommerce-Price-amount amount\"><bdi>37.00<span class=\"woocommerce-Price-currencySymbol\">&#36;<\/span><\/bdi><\/span><\/span><div class=\"woocs_price_info\"><span class=\"woocs_price_info_icon\"><\/span><ul class='woocs_price_info_list'><li><span>EUR<\/span>: <span class=\"woocs_amount\">&euro;&nbsp;32.93<\/span><\/li><\/ul><\/div><\/span>\n<\/a><a href=\"https:\/\/woodinout.net\/product\/wooden-archery-bow-and-arrows\/\" data-quantity=\"1\" class=\"button product_type_simple add_to_cart_button\" data-product_id=\"7881\" data-product_sku=\"\" aria-label=\"Add to cart: &ldquo;Wooden archery toy, bow and arrows&rdquo;\" aria-describedby=\"\" rel=\"nofollow\">Select options<\/a><\/li>\n<li class=\"product type-product post-7961 status-publish instock product_cat-counting-and-math-toys product_cat-wooden-toys product_tag-100-board product_tag-100-frame product_tag-counting-board product_tag-educational-games product_tag-educational-toys product_tag-hundred-board product_tag-kids-gifts product_tag-kids-presents product_tag-learning-games product_tag-math-activities-for-preschoolers product_tag-math-manipulatives product_tag-math-toys product_tag-montessori-math-material product_tag-montessori-toys product_tag-wooden-toys has-post-thumbnail shipping-taxable purchasable product-type-variable\">\n\t<a href=\"https:\/\/woodinout.net\/product\/personalized-gift-montessori-100-frame-wood-numbers-and-counting\/\" class=\"woocommerce-LoopProduct-link woocommerce-loop-product__link\"><img loading=\"lazy\" decoding=\"async\" width=\"480\" height=\"720\" src=\"https:\/\/woodinout.net\/wp-content\/uploads\/2020\/06\/Montessori-100-frame-5-480x720.jpg\" class=\"attachment-woocommerce_thumbnail size-woocommerce_thumbnail\" alt=\"Montessori math material 100 frame by Woodinout\" srcset=\"https:\/\/woodinout.net\/wp-content\/uploads\/2020\/06\/Montessori-100-frame-5-480x720.jpg 480w, https:\/\/woodinout.net\/wp-content\/uploads\/2020\/06\/Montessori-100-frame-5-800x1200.jpg 800w, https:\/\/woodinout.net\/wp-content\/uploads\/2020\/06\/Montessori-100-frame-5-333x500.jpg 333w, https:\/\/woodinout.net\/wp-content\/uploads\/2020\/06\/Montessori-100-frame-5-533x800.jpg 533w, https:\/\/woodinout.net\/wp-content\/uploads\/2020\/06\/Montessori-100-frame-5.jpg 853w\" sizes=\"(max-width: 480px) 100vw, 480px\" \/><h2 class=\"woocommerce-loop-product__title\">Montessori 100 Frame \/ Hundred Board<\/h2>\n\t<span class=\"price\"><span class=\"woocs_price_code\" data-currency=\"\" data-redraw-id=\"69f070683cedc\"  data-product-id=\"7961\"><span class=\"woocommerce-Price-amount amount\"><bdi>54.00<span class=\"woocommerce-Price-currencySymbol\">&#36;<\/span><\/bdi><\/span> &ndash; <span class=\"woocommerce-Price-amount amount\"><bdi>102.00<span class=\"woocommerce-Price-currencySymbol\">&#36;<\/span><\/bdi><\/span><\/span><div class=\"woocs_price_info\"><span class=\"woocs_price_info_icon\"><\/span><ul class='woocs_price_info_list'><li><b>EUR<\/b>: <span class=\"woocs_amount\">&euro;&nbsp;48.06<\/span> - <span class=\"woocs_amount\">&euro;&nbsp;90.78<\/span><\/li><\/ul><\/div><\/span>\n<\/a><a href=\"https:\/\/woodinout.net\/product\/personalized-gift-montessori-100-frame-wood-numbers-and-counting\/\" data-quantity=\"1\" class=\"button product_type_variable add_to_cart_button\" data-product_id=\"7961\" data-product_sku=\"\" aria-label=\"V\u00e6lg muligheder for &ldquo;Montessori 100 Frame \/ Hundred Board&rdquo;\" aria-describedby=\"This product has multiple variants. The options may be chosen on the product page\" rel=\"nofollow\">Select options<\/a><\/li>\n<li class=\"product type-product post-8782 status-publish last instock product_cat-counting-and-math-toys product_cat-wooden-toys product_tag-counting-plates product_tag-educational-games product_tag-educational-toys product_tag-kids-gifts product_tag-kids-presents product_tag-learning-games product_tag-math-activities-for-preschoolers product_tag-math-manipulatives product_tag-math-toys product_tag-montessori-math-material product_tag-montessori-toys product_tag-wooden-toys has-post-thumbnail shipping-taxable purchasable product-type-variable\">\n\t<a href=\"https:\/\/woodinout.net\/product\/counting-kit\/\" class=\"woocommerce-LoopProduct-link woocommerce-loop-product__link\"><img loading=\"lazy\" decoding=\"async\" width=\"480\" height=\"720\" src=\"https:\/\/woodinout.net\/wp-content\/uploads\/2021\/03\/Couting_kit_1-480x720.jpg\" class=\"attachment-woocommerce_thumbnail size-woocommerce_thumbnail\" alt=\"\" srcset=\"https:\/\/woodinout.net\/wp-content\/uploads\/2021\/03\/Couting_kit_1-480x720.jpg 480w, https:\/\/woodinout.net\/wp-content\/uploads\/2021\/03\/Couting_kit_1-400x600.jpg 400w, https:\/\/woodinout.net\/wp-content\/uploads\/2021\/03\/Couting_kit_1-533x800.jpg 533w, https:\/\/woodinout.net\/wp-content\/uploads\/2021\/03\/Couting_kit_1-1024x1536.jpg 1024w, https:\/\/woodinout.net\/wp-content\/uploads\/2021\/03\/Couting_kit_1-1365x2048.jpg 1365w, https:\/\/woodinout.net\/wp-content\/uploads\/2021\/03\/Couting_kit_1-1080x1621.jpg 1080w, https:\/\/woodinout.net\/wp-content\/uploads\/2021\/03\/Couting_kit_1.jpg 1706w\" sizes=\"(max-width: 480px) 100vw, 480px\" \/><h2 class=\"woocommerce-loop-product__title\">Counting kit<\/h2>\n\t<span class=\"price\"><span class=\"woocs_price_code\" data-currency=\"\" data-redraw-id=\"69f070684a9a8\"  data-product-id=\"8782\"><span class=\"woocommerce-Price-amount amount\"><bdi>23.00<span class=\"woocommerce-Price-currencySymbol\">&#36;<\/span><\/bdi><\/span> &ndash; <span class=\"woocommerce-Price-amount amount\"><bdi>27.00<span class=\"woocommerce-Price-currencySymbol\">&#36;<\/span><\/bdi><\/span><\/span><div class=\"woocs_price_info\"><span class=\"woocs_price_info_icon\"><\/span><ul class='woocs_price_info_list'><li><b>EUR<\/b>: <span class=\"woocs_amount\">&euro;&nbsp;20.47<\/span> - <span class=\"woocs_amount\">&euro;&nbsp;24.03<\/span><\/li><\/ul><\/div><\/span>\n<\/a><a href=\"https:\/\/woodinout.net\/product\/counting-kit\/\" data-quantity=\"1\" class=\"button product_type_variable add_to_cart_button\" data-product_id=\"8782\" data-product_sku=\"\" aria-label=\"V\u00e6lg muligheder for &ldquo;Counting kit&rdquo;\" aria-describedby=\"This product has multiple variants. The options may be chosen on the product page\" rel=\"nofollow\">V\u00e6lg muligheder<\/a><\/li>\n<\/ul>\n<\/div><\/div><\/div><\/div><\/div><div id=\"panel-20742-2-0-2\" class=\"so-panel widget widget_primrose-sow-buttons panel-last-child\" data-index=\"3\" ><div\n\t\t\t\n\t\t\tclass=\"so-widget-primrose-sow-buttons so-widget-primrose-sow-buttons-default-f55f1a393d9d-20742\"\n\t\t\t\n\t\t>\t<div class=\"primrose-sow-buttons primrose-sow-alignment-center\">\r\n\t\t\t\t\t<a href=\"https:\/\/woodinout.net\/shop\/\"\r\n\t\t\t\tclass=\"primrose-sow-button primrose-sow-button-0 button anchor-link\"\r\n\t\t\t\t>\r\n\t\t\t\tGo to Shop Now\t\t\t<\/a>\r\n\t\t\t<\/div><!-- .primrose-sow-buttons -->\r\n<\/div><\/div><\/div><\/div><\/div><\/div>","protected":false},"excerpt":{"rendered":"<p>*** SALE *** Up to 20% off for selected items Gifts for your Beloved One The best gifts to show your love Get Free Shipping For every order over $300 Best Sellers Wooden archery toy, bow and arrows 37.00&#36;EUR: &euro;&nbsp;32.93 Select options Montessori 100 Frame \/ Hundred Board 54.00&#36; &ndash; 102.00&#36;EUR: &euro;&nbsp;48.06 &#8211; &euro;&nbsp;90.78 Select [&hellip;]<\/p>\n","protected":false},"author":1,"featured_media":0,"parent":0,"menu_order":0,"comment_status":"closed","ping_status":"closed","template":"page-templates\/blank.php","meta":{"_monsterinsights_skip_tracking":false,"_monsterinsights_sitenote_active":false,"_monsterinsights_sitenote_note":"","_monsterinsights_sitenote_category":0,"footnotes":""},"yoast_head":"<!-- This site is optimized with the Yoast SEO plugin v22.1 - https:\/\/yoast.com\/wordpress\/plugins\/seo\/ -->\n<title>Montessori tr\u00e6leget\u00f8j - H\u00e5ndlavet l\u00e6ringsressourcer - Woodinout \u00a9<\/title>\n<meta name=\"description\" content=\"Tr\u00e6leget\u00f8j inspireret af Montessori til tidlig udvikling gennem v\u00e6rdifuld familietid. H\u00e5ndlavet af massivt tr\u00e6 af h\u00f8j kvalitet.\" \/>\n<meta name=\"robots\" content=\"index, follow, max-snippet:-1, max-image-preview:large, max-video-preview:-1\" \/>\n<link rel=\"canonical\" href=\"https:\/\/woodinout.net\/da\/\" \/>\n<meta property=\"og:locale\" content=\"da_DK\" \/>\n<meta property=\"og:type\" content=\"article\" \/>\n<meta property=\"og:title\" content=\"Montessori tr\u00e6leget\u00f8j - H\u00e5ndlavet l\u00e6ringsressourcer - Woodinout \u00a9\" \/>\n<meta property=\"og:description\" content=\"Tr\u00e6leget\u00f8j inspireret af Montessori til tidlig udvikling gennem v\u00e6rdifuld familietid. H\u00e5ndlavet af massivt tr\u00e6 af h\u00f8j kvalitet.\" \/>\n<meta property=\"og:url\" content=\"https:\/\/woodinout.net\/da\/\" \/>\n<meta property=\"og:site_name\" content=\"Woodinout \u00a9\" \/>\n<meta property=\"article:modified_time\" content=\"2022-03-13T15:32:00+00:00\" \/>\n<meta name=\"twitter:card\" content=\"summary_large_image\" \/>\n<script type=\"application\/ld+json\" class=\"yoast-schema-graph\">{\"@context\":\"https:\/\/schema.org\",\"@graph\":[{\"@type\":\"WebPage\",\"@id\":\"https:\/\/woodinout.net\/da\/\",\"url\":\"https:\/\/woodinout.net\/da\/\",\"name\":\"Montessori tr\u00e6leget\u00f8j - H\u00e5ndlavet l\u00e6ringsressourcer - Woodinout \u00a9\",\"isPartOf\":{\"@id\":\"https:\/\/woodinout.net\/da\/#website\"},\"datePublished\":\"2016-04-13T01:25:25+00:00\",\"dateModified\":\"2022-03-13T15:32:00+00:00\",\"description\":\"Tr\u00e6leget\u00f8j inspireret af Montessori til tidlig udvikling gennem v\u00e6rdifuld familietid. H\u00e5ndlavet af massivt tr\u00e6 af h\u00f8j kvalitet.\",\"breadcrumb\":{\"@id\":\"https:\/\/woodinout.net\/da\/#breadcrumb\"},\"inLanguage\":\"da-DK\",\"potentialAction\":[{\"@type\":\"ReadAction\",\"target\":[\"https:\/\/woodinout.net\/da\/\"]}]},{\"@type\":\"BreadcrumbList\",\"@id\":\"https:\/\/woodinout.net\/da\/#breadcrumb\",\"itemListElement\":[{\"@type\":\"ListItem\",\"position\":1,\"name\":\"Home\",\"item\":\"https:\/\/woodinout.net\/da\/\"},{\"@type\":\"ListItem\",\"position\":2,\"name\":\"Hjem\"}]},{\"@type\":\"WebSite\",\"@id\":\"https:\/\/woodinout.net\/da\/#website\",\"url\":\"https:\/\/woodinout.net\/da\/\",\"name\":\"Woodinout \u00a9\",\"description\":\"Wooden Montessori toys, gifts, home and events decor details\",\"potentialAction\":[{\"@type\":\"SearchAction\",\"target\":{\"@type\":\"EntryPoint\",\"urlTemplate\":\"https:\/\/woodinout.net\/da\/?s={search_term_string}\"},\"query-input\":\"required name=search_term_string\"}],\"inLanguage\":\"da-DK\"}]}<\/script>\n<!-- \/ Yoast SEO plugin. -->","yoast_head_json":{"title":"Montessori tr\u00e6leget\u00f8j - H\u00e5ndlavet l\u00e6ringsressourcer - Woodinout \u00a9","description":"Tr\u00e6leget\u00f8j inspireret af Montessori til tidlig udvikling gennem v\u00e6rdifuld familietid. H\u00e5ndlavet af massivt tr\u00e6 af h\u00f8j kvalitet.","robots":{"index":"index","follow":"follow","max-snippet":"max-snippet:-1","max-image-preview":"max-image-preview:large","max-video-preview":"max-video-preview:-1"},"canonical":"https:\/\/woodinout.net\/da\/","og_locale":"da_DK","og_type":"article","og_title":"Montessori tr\u00e6leget\u00f8j - H\u00e5ndlavet l\u00e6ringsressourcer - Woodinout \u00a9","og_description":"Tr\u00e6leget\u00f8j inspireret af Montessori til tidlig udvikling gennem v\u00e6rdifuld familietid. H\u00e5ndlavet af massivt tr\u00e6 af h\u00f8j kvalitet.","og_url":"https:\/\/woodinout.net\/da\/","og_site_name":"Woodinout \u00a9","article_modified_time":"2022-03-13T15:32:00+00:00","twitter_card":"summary_large_image","schema":{"@context":"https:\/\/schema.org","@graph":[{"@type":"WebPage","@id":"https:\/\/woodinout.net\/da\/","url":"https:\/\/woodinout.net\/da\/","name":"Montessori tr\u00e6leget\u00f8j - H\u00e5ndlavet l\u00e6ringsressourcer - Woodinout \u00a9","isPartOf":{"@id":"https:\/\/woodinout.net\/da\/#website"},"datePublished":"2016-04-13T01:25:25+00:00","dateModified":"2022-03-13T15:32:00+00:00","description":"Tr\u00e6leget\u00f8j inspireret af Montessori til tidlig udvikling gennem v\u00e6rdifuld familietid. H\u00e5ndlavet af massivt tr\u00e6 af h\u00f8j kvalitet.","breadcrumb":{"@id":"https:\/\/woodinout.net\/da\/#breadcrumb"},"inLanguage":"da-DK","potentialAction":[{"@type":"ReadAction","target":["https:\/\/woodinout.net\/da\/"]}]},{"@type":"BreadcrumbList","@id":"https:\/\/woodinout.net\/da\/#breadcrumb","itemListElement":[{"@type":"ListItem","position":1,"name":"Home","item":"https:\/\/woodinout.net\/da\/"},{"@type":"ListItem","position":2,"name":"Hjem"}]},{"@type":"WebSite","@id":"https:\/\/woodinout.net\/da\/#website","url":"https:\/\/woodinout.net\/da\/","name":"Woodinout \u00a9","description":"Wooden Montessori toys, gifts, home and events decor details","potentialAction":[{"@type":"SearchAction","target":{"@type":"EntryPoint","urlTemplate":"https:\/\/woodinout.net\/da\/?s={search_term_string}"},"query-input":"required name=search_term_string"}],"inLanguage":"da-DK"}]}},"_links":{"self":[{"href":"https:\/\/woodinout.net\/da\/wp-json\/wp\/v2\/pages\/20742"}],"collection":[{"href":"https:\/\/woodinout.net\/da\/wp-json\/wp\/v2\/pages"}],"about":[{"href":"https:\/\/woodinout.net\/da\/wp-json\/wp\/v2\/types\/page"}],"author":[{"embeddable":true,"href":"https:\/\/woodinout.net\/da\/wp-json\/wp\/v2\/users\/1"}],"replies":[{"embeddable":true,"href":"https:\/\/woodinout.net\/da\/wp-json\/wp\/v2\/comments?post=20742"}],"version-history":[{"count":2,"href":"https:\/\/woodinout.net\/da\/wp-json\/wp\/v2\/pages\/20742\/revisions"}],"predecessor-version":[{"id":21350,"href":"https:\/\/woodinout.net\/da\/wp-json\/wp\/v2\/pages\/20742\/revisions\/21350"}],"wp:attachment":[{"href":"https:\/\/woodinout.net\/da\/wp-json\/wp\/v2\/media?parent=20742"}],"curies":[{"name":"wp","href":"https:\/\/api.w.org\/{rel}","templated":true}]}}