{"id":20730,"date":"2016-08-02T15:03:19","date_gmt":"2016-08-02T12:03:19","guid":{"rendered":"https:\/\/woodinout.net\/kontakter\/"},"modified":"2016-08-02T15:03:19","modified_gmt":"2016-08-02T12:03:19","slug":"kontakter","status":"publish","type":"page","link":"https:\/\/woodinout.net\/da\/kontakter\/","title":{"rendered":"Kontakter"},"content":{"rendered":"<p>[vc_row][vc_column css=&#8221;.vc_custom_1486465256196{margin-top: -50px !important;margin-bottom: -50px !important;}&#8221;][vc_column_text css=&#8221;.vc_custom_1486465129824{padding-bottom: -100px !important;}&#8221;]<br \/>\nHvis du har sp\u00f8rgsm\u00e5l, bedes du kontakte os. Ogs\u00e5 i tilf\u00e6lde af hasteordrer, ikke forsinke &#8211; kontakt den angivne telefon.  [\/vc_column_text][vc_column_text][google_map_easy id=&#8221;1&#8243;][\/vc_column_text][\/vc_column][\/vc_row][vc_row][vc_column][vc_column_text]<\/p>\n<h3><\/h3>\n<h3 style=\"text-align: center; font-size: 36px; font-weight: 200;\">Kontakt os<\/h3>\n<p>[\/vc_column_text][\/vc_column][\/vc_row][vc_row][vc_column width=&#8221;1\/2&#8243;][vc_column_text]<\/p>\n<h3><\/h3>\n<p>\n<div class=\"wpcf7 no-js\" id=\"wpcf7-f22807-o1\" lang=\"da-DK\" dir=\"ltr\">\n<div class=\"screen-reader-response\"><p role=\"status\" aria-live=\"polite\" aria-atomic=\"true\"><\/p> <ul><\/ul><\/div>\n<form action=\"\/da\/wp-json\/wp\/v2\/pages\/20730#wpcf7-f22807-o1\" method=\"post\" class=\"wpcf7-form init\" aria-label=\"Kontaktformular\" novalidate=\"novalidate\" data-status=\"init\">\n<div style=\"display: none;\">\n<input type=\"hidden\" name=\"_wpcf7\" value=\"22807\" \/>\n<input type=\"hidden\" name=\"_wpcf7_version\" value=\"5.8.7\" \/>\n<input type=\"hidden\" name=\"_wpcf7_locale\" value=\"da_DK\" \/>\n<input type=\"hidden\" name=\"_wpcf7_unit_tag\" value=\"wpcf7-f22807-o1\" \/>\n<input type=\"hidden\" name=\"_wpcf7_container_post\" value=\"0\" \/>\n<input type=\"hidden\" name=\"_wpcf7_posted_data_hash\" value=\"\" \/>\n<\/div>\n<p><span class=\"wpcf7-form-control-wrap\" data-name=\"your-name\"><input size=\"40\" class=\"wpcf7-form-control wpcf7-text wpcf7-validates-as-required\" aria-required=\"true\" aria-invalid=\"false\" placeholder=\"Name\" value=\"\" type=\"text\" name=\"your-name\" \/><\/span>\n<\/p>\n<p><span class=\"wpcf7-form-control-wrap\" data-name=\"your-email\"><input size=\"40\" class=\"wpcf7-form-control wpcf7-email wpcf7-validates-as-required wpcf7-text wpcf7-validates-as-email\" aria-required=\"true\" aria-invalid=\"false\" placeholder=\"E-mail\" value=\"\" type=\"email\" name=\"your-email\" \/><\/span>\n<\/p>\n<p>[text your-subject placeholder \"Theme]\n<\/p>\n<p><span class=\"wpcf7-form-control-wrap\" data-name=\"your-message\"><textarea cols=\"40\" rows=\"10\" class=\"wpcf7-form-control wpcf7-textarea\" aria-invalid=\"false\" placeholder=\"Your message\" name=\"your-message\"><\/textarea><\/span>\n<\/p>\n<p><input class=\"wpcf7-form-control wpcf7-submit has-spinner\" type=\"submit\" value=\"SUBMIT\" \/>\n<\/p><div class=\"wpcf7-response-output\" aria-hidden=\"true\"><\/div>\n<\/form>\n<\/div>\n[\/vc_column_text][\/vc_column][vc_column width=&#8221;1\/2&#8243;][vc_column_text]<\/p>\n<p><strong>Vores kontakter:<\/strong><br \/>\nSistemis, LLC<br \/>\nCorp. Id 303003620<br \/>\nMoms LT100007986218<br \/>\nRaudondvario pl. 76-1A, Kaunas, Lietuva, LT-47182<b><\/b><br \/>\nLuminor Bank<br \/>\nLT30 4010 0510 0420 7813<\/p>\n<p>vadyba@medinisdebeselis.lt<br \/>\n+370 (676) 54535<\/p>\n<p>Arbejdstid: I-V 9:00-18:00<\/p>\n<p>[\/vc_column_text][\/vc_column][\/vc_row][vc_row][vc_column width=&#8221;1\/3&#8243;]<\/p>\n<p>[handy_promo_text el_title=&#8221;Our Adress&#8221; font_container=&#8221;font_size:18|text_align:left|color:%23151515&#8243; use_custom_fonts=&#8221;yes&#8221; google_fonts=&#8221;font_family:Roboto%3A100%2C100italic%2C300%2C300italic%2Cregular%2Citalic%2C500%2C500italic%2C700%2C700italic%2C900%2C900italic|font_style:500%20bold%20regular%3A500%3Anormal&#8221; text=&#8221;Raudondvario pl. 76-2A, 201 kab. Kaunas, Liethuania  &#8221; add_icon=&#8221;yes&#8221; icon_fontawesome=&#8221;fa fa-location-arrow&#8221; icon_size=&#8221;normal&#8221; background_icon_style=&#8221;rounded-less&#8221; custom_icon_color=&#8221;#ffffff&#8221; custom_background_color=&#8221;#c2d44e&#8221;][\/vc_column][vc_column width=&#8221;1\/3&#8243;][handy_promo_text el_title=&#8221;Contacts&#8221; font_container=&#8221;font_size:18|text_align:left|color:%23151515&#8243; use_custom_fonts=&#8221;yes&#8221; google_fonts=&#8221;font_family:Roboto%3A100%2C100italic%2C300%2C300italic%2Cregular%2Citalic%2C500%2C500italic%2C700%2C700italic%2C900%2C900italic|font_style:500%20bold%20regular%3A500%3Anormal&#8221; text=&#8221;vadyba@medinisdebeselis.lt +370 (676) 54535&#8243; add_icon=&#8221;yes&#8221; icon_fontawesome=&#8221;fa fa-briefcase&#8221; icon_size=&#8221;normal&#8221; background_icon_style=&#8221;rounded-less&#8221; custom_icon_color=&#8221;#ffffff&#8221; custom_background_color=&#8221;#c2d44e&#8221; el_class=&#8221;dddd&#8221;][\/vc_column][vc_column width=&#8221;1\/3&#8243;][handy_promo_text el_title=&#8221;Join us!&#8221; font_container=&#8221;font_size:18|text_align:left|color:%23151515&#8243; use_custom_fonts=&#8221;yes&#8221; google_fonts=&#8221;font_family:Roboto%3A100%2C100italic%2C300%2C300italic%2Cregular%2Citalic%2C500%2C500italic%2C700%2C700italic%2C900%2C900italic|font_style:500%20bold%20regular%3A500%3Anormal&#8221; text=&#8221;Contact us info@medinisdebeselis.lt&#8221; add_icon=&#8221;yes&#8221; icon_fontawesome=&#8221;fa fa-users&#8221; icon_size=&#8221;normal&#8221; background_icon_style=&#8221;rounded-less&#8221; custom_icon_color=&#8221;#ffffff&#8221; custom_background_color=&#8221;#c2d44e&#8221;][\/vc_column][\/vc_row][vc_row][vc_column][vc_column_text][\/vc_column_text][\/vc_column][\/vc_row]<\/p>\n","protected":false},"excerpt":{"rendered":"<p>[vc_row][vc_column css=&#8221;.vc_custom_1486465256196{margin-top: -50px !important;margin-bottom: -50px !important;}&#8221;][vc_column_text css=&#8221;.vc_custom_1486465129824{padding-bottom: -100px !important;}&#8221;] Hvis du har sp\u00f8rgsm\u00e5l, bedes du kontakte os. Ogs\u00e5 i tilf\u00e6lde af hasteordrer, ikke forsinke &#8211; kontakt den angivne telefon. [\/vc_column_text][vc_column_text][google_map_easy id=&#8221;1&#8243;][\/vc_column_text][\/vc_column][\/vc_row][vc_row][vc_column][vc_column_text] Kontakt os [\/vc_column_text][\/vc_column][\/vc_row][vc_row][vc_column width=&#8221;1\/2&#8243;][vc_column_text] [\/vc_column_text][\/vc_column][vc_column width=&#8221;1\/2&#8243;][vc_column_text] Vores kontakter: Sistemis, LLC Corp. Id 303003620 Moms LT100007986218 Raudondvario pl. 76-1A, Kaunas, Lietuva, LT-47182 Luminor Bank LT30 [&hellip;]<\/p>\n","protected":false},"author":1,"featured_media":0,"parent":0,"menu_order":0,"comment_status":"closed","ping_status":"closed","template":"","meta":{"_monsterinsights_skip_tracking":false,"_monsterinsights_sitenote_active":false,"_monsterinsights_sitenote_note":"","_monsterinsights_sitenote_category":0,"footnotes":""},"yoast_head":"<!-- This site is optimized with the Yoast SEO plugin v22.1 - https:\/\/yoast.com\/wordpress\/plugins\/seo\/ -->\n<title>Kontakter - Montessori-leget\u00f8j Woodinout \u00a9<\/title>\n<meta name=\"description\" content=\"Milj\u00f8venlig, h\u00e5ndlavet af h\u00f8jkvalitets l\u00e6ringsleget\u00f8j i massivt tr\u00e6. F\u00e5 dem og slutt dig til den store familie af glade kunder her i Woodinout shop.\" \/>\n<meta name=\"robots\" content=\"index, follow, max-snippet:-1, max-image-preview:large, max-video-preview:-1\" \/>\n<link rel=\"canonical\" href=\"https:\/\/woodinout.net\/da\/kontakter\/\" \/>\n<meta property=\"og:locale\" content=\"da_DK\" \/>\n<meta property=\"og:type\" content=\"article\" \/>\n<meta property=\"og:title\" content=\"Kontakter - Montessori-leget\u00f8j Woodinout \u00a9\" \/>\n<meta property=\"og:description\" content=\"Milj\u00f8venlig, h\u00e5ndlavet af h\u00f8jkvalitets l\u00e6ringsleget\u00f8j i massivt tr\u00e6. F\u00e5 dem og slutt dig til den store familie af glade kunder her i Woodinout shop.\" \/>\n<meta property=\"og:url\" content=\"https:\/\/woodinout.net\/da\/kontakter\/\" \/>\n<meta property=\"og:site_name\" content=\"Woodinout \u00a9\" \/>\n<meta name=\"twitter:card\" content=\"summary_large_image\" \/>\n<meta name=\"twitter:label1\" content=\"Estimeret l\u00e6setid\" \/>\n\t<meta name=\"twitter:data1\" content=\"2 minutter\" \/>\n<script type=\"application\/ld+json\" class=\"yoast-schema-graph\">{\"@context\":\"https:\/\/schema.org\",\"@graph\":[{\"@type\":\"WebPage\",\"@id\":\"https:\/\/woodinout.net\/da\/kontakter\/\",\"url\":\"https:\/\/woodinout.net\/da\/kontakter\/\",\"name\":\"Kontakter - Montessori-leget\u00f8j Woodinout \u00a9\",\"isPartOf\":{\"@id\":\"https:\/\/woodinout.net\/da\/#website\"},\"datePublished\":\"2016-08-02T12:03:19+00:00\",\"dateModified\":\"2016-08-02T12:03:19+00:00\",\"description\":\"Milj\u00f8venlig, h\u00e5ndlavet af h\u00f8jkvalitets l\u00e6ringsleget\u00f8j i massivt tr\u00e6. F\u00e5 dem og slutt dig til den store familie af glade kunder her i Woodinout shop.\",\"breadcrumb\":{\"@id\":\"https:\/\/woodinout.net\/da\/kontakter\/#breadcrumb\"},\"inLanguage\":\"da-DK\",\"potentialAction\":[{\"@type\":\"ReadAction\",\"target\":[\"https:\/\/woodinout.net\/da\/kontakter\/\"]}]},{\"@type\":\"BreadcrumbList\",\"@id\":\"https:\/\/woodinout.net\/da\/kontakter\/#breadcrumb\",\"itemListElement\":[{\"@type\":\"ListItem\",\"position\":1,\"name\":\"Home\",\"item\":\"https:\/\/woodinout.net\/da\/\"},{\"@type\":\"ListItem\",\"position\":2,\"name\":\"Kontakter\"}]},{\"@type\":\"WebSite\",\"@id\":\"https:\/\/woodinout.net\/da\/#website\",\"url\":\"https:\/\/woodinout.net\/da\/\",\"name\":\"Woodinout \u00a9\",\"description\":\"Wooden Montessori toys, gifts, home and events decor details\",\"potentialAction\":[{\"@type\":\"SearchAction\",\"target\":{\"@type\":\"EntryPoint\",\"urlTemplate\":\"https:\/\/woodinout.net\/da\/?s={search_term_string}\"},\"query-input\":\"required name=search_term_string\"}],\"inLanguage\":\"da-DK\"}]}<\/script>\n<!-- \/ Yoast SEO plugin. -->","yoast_head_json":{"title":"Kontakter - Montessori-leget\u00f8j Woodinout \u00a9","description":"Milj\u00f8venlig, h\u00e5ndlavet af h\u00f8jkvalitets l\u00e6ringsleget\u00f8j i massivt tr\u00e6. F\u00e5 dem og slutt dig til den store familie af glade kunder her i Woodinout shop.","robots":{"index":"index","follow":"follow","max-snippet":"max-snippet:-1","max-image-preview":"max-image-preview:large","max-video-preview":"max-video-preview:-1"},"canonical":"https:\/\/woodinout.net\/da\/kontakter\/","og_locale":"da_DK","og_type":"article","og_title":"Kontakter - Montessori-leget\u00f8j Woodinout \u00a9","og_description":"Milj\u00f8venlig, h\u00e5ndlavet af h\u00f8jkvalitets l\u00e6ringsleget\u00f8j i massivt tr\u00e6. F\u00e5 dem og slutt dig til den store familie af glade kunder her i Woodinout shop.","og_url":"https:\/\/woodinout.net\/da\/kontakter\/","og_site_name":"Woodinout \u00a9","twitter_card":"summary_large_image","twitter_misc":{"Estimeret l\u00e6setid":"2 minutter"},"schema":{"@context":"https:\/\/schema.org","@graph":[{"@type":"WebPage","@id":"https:\/\/woodinout.net\/da\/kontakter\/","url":"https:\/\/woodinout.net\/da\/kontakter\/","name":"Kontakter - Montessori-leget\u00f8j Woodinout \u00a9","isPartOf":{"@id":"https:\/\/woodinout.net\/da\/#website"},"datePublished":"2016-08-02T12:03:19+00:00","dateModified":"2016-08-02T12:03:19+00:00","description":"Milj\u00f8venlig, h\u00e5ndlavet af h\u00f8jkvalitets l\u00e6ringsleget\u00f8j i massivt tr\u00e6. F\u00e5 dem og slutt dig til den store familie af glade kunder her i Woodinout shop.","breadcrumb":{"@id":"https:\/\/woodinout.net\/da\/kontakter\/#breadcrumb"},"inLanguage":"da-DK","potentialAction":[{"@type":"ReadAction","target":["https:\/\/woodinout.net\/da\/kontakter\/"]}]},{"@type":"BreadcrumbList","@id":"https:\/\/woodinout.net\/da\/kontakter\/#breadcrumb","itemListElement":[{"@type":"ListItem","position":1,"name":"Home","item":"https:\/\/woodinout.net\/da\/"},{"@type":"ListItem","position":2,"name":"Kontakter"}]},{"@type":"WebSite","@id":"https:\/\/woodinout.net\/da\/#website","url":"https:\/\/woodinout.net\/da\/","name":"Woodinout \u00a9","description":"Wooden Montessori toys, gifts, home and events decor details","potentialAction":[{"@type":"SearchAction","target":{"@type":"EntryPoint","urlTemplate":"https:\/\/woodinout.net\/da\/?s={search_term_string}"},"query-input":"required name=search_term_string"}],"inLanguage":"da-DK"}]}},"_links":{"self":[{"href":"https:\/\/woodinout.net\/da\/wp-json\/wp\/v2\/pages\/20730"}],"collection":[{"href":"https:\/\/woodinout.net\/da\/wp-json\/wp\/v2\/pages"}],"about":[{"href":"https:\/\/woodinout.net\/da\/wp-json\/wp\/v2\/types\/page"}],"author":[{"embeddable":true,"href":"https:\/\/woodinout.net\/da\/wp-json\/wp\/v2\/users\/1"}],"replies":[{"embeddable":true,"href":"https:\/\/woodinout.net\/da\/wp-json\/wp\/v2\/comments?post=20730"}],"version-history":[{"count":0,"href":"https:\/\/woodinout.net\/da\/wp-json\/wp\/v2\/pages\/20730\/revisions"}],"wp:attachment":[{"href":"https:\/\/woodinout.net\/da\/wp-json\/wp\/v2\/media?parent=20730"}],"curies":[{"name":"wp","href":"https:\/\/api.w.org\/{rel}","templated":true}]}}