{"id":20720,"date":"2015-12-03T10:34:31","date_gmt":"2015-12-03T08:34:31","guid":{"rendered":"https:\/\/woodinout.net\/for-virksomheder\/"},"modified":"2015-12-03T10:34:31","modified_gmt":"2015-12-03T08:34:31","slug":"for-virksomheder","status":"publish","type":"page","link":"https:\/\/woodinout.net\/da\/for-virksomheder\/","title":{"rendered":"For virksomheder"},"content":{"rendered":"<p>Kvie\u010diame bendradarbiauti interjero dizainerius, \u0161ven\u010di\u0173 dekoratores, planuotojas, kitas \u012fmones. Jei turite id\u0117j\u0105 &#8211; mes j\u0105 galime \u012fgyvendinti! Susisiekite!<\/p>\n<p>&nbsp;<\/p>\n<h4>Verslo dovan\u0173 gamyba<\/h4>\n<p>Kuriame, gaminame verslo dovanas i\u0161 med\u017eio ir kit\u0173 med\u017eiag\u0173. Galime sukurti pagal J\u016bs\u0173 \u012fmon\u0117s veiklos srit\u012f, verslo specifik\u0105. Graviruojame, \u012ffrezuojame logotipus ir kit\u0105 \u012fmon\u0117s atributik\u0105.<\/p>\n<p>&nbsp;<\/p>\n<h4>Dekoracij\u0173 \u0161vent\u0117ms gamyba<\/h4>\n<p>Gaminame \u012fvairaus sud\u0117tingumo \u0161ven\u010di\u0173 dekoracijas<\/p>\n<h4><\/h4>\n<h4>\u012e\u0161kab\u0173, logotip\u0173, prek\u0117s \u017eenkl\u0173 gamyba<\/h4>\n<p>&nbsp;<\/p>\n<h4>Apdovanojim\u0173 k\u016brimas ir gamyba<\/h4>\n<p>Kuriame ir gaminame apdovanojimus \u012fvairioms \u012fmoni\u0173, organizacij\u0173 \u0161vent\u0117ms.<\/p>\n<h4><\/h4>\n<h4>Interjero elementai<\/h4>\n<p>Gaminame interjero dekoro elementus, a\u017e\u016brines detales<\/p>\n<h4><\/h4>\n<h4>Bald\u0173 gamyba<\/h4>\n<p>Kuriame ir gaminame vienetinius baldus.<\/p>\n","protected":false},"excerpt":{"rendered":"<p>Kvie\u010diame bendradarbiauti interjero dizainerius, \u0161ven\u010di\u0173 dekoratores, planuotojas, kitas \u012fmones. Jei turite id\u0117j\u0105 &#8211; mes j\u0105 galime \u012fgyvendinti! Susisiekite! &nbsp; Verslo dovan\u0173 gamyba Kuriame, gaminame verslo dovanas i\u0161 med\u017eio ir kit\u0173 med\u017eiag\u0173. Galime sukurti pagal J\u016bs\u0173 \u012fmon\u0117s veiklos srit\u012f, verslo specifik\u0105. Graviruojame, \u012ffrezuojame logotipus ir kit\u0105 \u012fmon\u0117s atributik\u0105. &nbsp; Dekoracij\u0173 \u0161vent\u0117ms gamyba Gaminame \u012fvairaus sud\u0117tingumo \u0161ven\u010di\u0173 [&hellip;]<\/p>\n","protected":false},"author":1,"featured_media":0,"parent":0,"menu_order":0,"comment_status":"closed","ping_status":"closed","template":"","meta":{"_monsterinsights_skip_tracking":false,"_monsterinsights_sitenote_active":false,"_monsterinsights_sitenote_note":"","_monsterinsights_sitenote_category":0,"footnotes":""},"yoast_head":"<!-- This site is optimized with the Yoast SEO plugin v22.1 - https:\/\/yoast.com\/wordpress\/plugins\/seo\/ -->\n<title>For virksomheder - Tr\u00e6leget\u00f8j Woodinout \u00a9<\/title>\n<meta name=\"description\" content=\"Tr\u00e6leget\u00f8j som l\u00e6ringsressourcer inspireret af Montessori. Skabt af Woodinout-familien, h\u00e5ndlavet af massivt tr\u00e6 - milj\u00f8venligt leget\u00f8j.\" \/>\n<meta name=\"robots\" content=\"index, follow, max-snippet:-1, max-image-preview:large, max-video-preview:-1\" \/>\n<link rel=\"canonical\" href=\"https:\/\/woodinout.net\/da\/for-virksomheder\/\" \/>\n<meta property=\"og:locale\" content=\"da_DK\" \/>\n<meta property=\"og:type\" content=\"article\" \/>\n<meta property=\"og:title\" content=\"For virksomheder - Tr\u00e6leget\u00f8j Woodinout \u00a9\" \/>\n<meta property=\"og:description\" content=\"Tr\u00e6leget\u00f8j som l\u00e6ringsressourcer inspireret af Montessori. Skabt af Woodinout-familien, h\u00e5ndlavet af massivt tr\u00e6 - milj\u00f8venligt leget\u00f8j.\" \/>\n<meta property=\"og:url\" content=\"https:\/\/woodinout.net\/da\/for-virksomheder\/\" \/>\n<meta property=\"og:site_name\" content=\"Woodinout \u00a9\" \/>\n<meta name=\"twitter:card\" content=\"summary_large_image\" \/>\n<meta name=\"twitter:label1\" content=\"Estimeret l\u00e6setid\" \/>\n\t<meta name=\"twitter:data1\" content=\"1 minut\" \/>\n<script type=\"application\/ld+json\" class=\"yoast-schema-graph\">{\"@context\":\"https:\/\/schema.org\",\"@graph\":[{\"@type\":\"WebPage\",\"@id\":\"https:\/\/woodinout.net\/da\/for-virksomheder\/\",\"url\":\"https:\/\/woodinout.net\/da\/for-virksomheder\/\",\"name\":\"For virksomheder - Tr\u00e6leget\u00f8j Woodinout \u00a9\",\"isPartOf\":{\"@id\":\"https:\/\/woodinout.net\/da\/#website\"},\"datePublished\":\"2015-12-03T08:34:31+00:00\",\"dateModified\":\"2015-12-03T08:34:31+00:00\",\"description\":\"Tr\u00e6leget\u00f8j som l\u00e6ringsressourcer inspireret af Montessori. Skabt af Woodinout-familien, h\u00e5ndlavet af massivt tr\u00e6 - milj\u00f8venligt leget\u00f8j.\",\"breadcrumb\":{\"@id\":\"https:\/\/woodinout.net\/da\/for-virksomheder\/#breadcrumb\"},\"inLanguage\":\"da-DK\",\"potentialAction\":[{\"@type\":\"ReadAction\",\"target\":[\"https:\/\/woodinout.net\/da\/for-virksomheder\/\"]}]},{\"@type\":\"BreadcrumbList\",\"@id\":\"https:\/\/woodinout.net\/da\/for-virksomheder\/#breadcrumb\",\"itemListElement\":[{\"@type\":\"ListItem\",\"position\":1,\"name\":\"Home\",\"item\":\"https:\/\/woodinout.net\/da\/\"},{\"@type\":\"ListItem\",\"position\":2,\"name\":\"For virksomheder\"}]},{\"@type\":\"WebSite\",\"@id\":\"https:\/\/woodinout.net\/da\/#website\",\"url\":\"https:\/\/woodinout.net\/da\/\",\"name\":\"Woodinout \u00a9\",\"description\":\"Wooden Montessori toys, gifts, home and events decor details\",\"potentialAction\":[{\"@type\":\"SearchAction\",\"target\":{\"@type\":\"EntryPoint\",\"urlTemplate\":\"https:\/\/woodinout.net\/da\/?s={search_term_string}\"},\"query-input\":\"required name=search_term_string\"}],\"inLanguage\":\"da-DK\"}]}<\/script>\n<!-- \/ Yoast SEO plugin. -->","yoast_head_json":{"title":"For virksomheder - Tr\u00e6leget\u00f8j Woodinout \u00a9","description":"Tr\u00e6leget\u00f8j som l\u00e6ringsressourcer inspireret af Montessori. Skabt af Woodinout-familien, h\u00e5ndlavet af massivt tr\u00e6 - milj\u00f8venligt leget\u00f8j.","robots":{"index":"index","follow":"follow","max-snippet":"max-snippet:-1","max-image-preview":"max-image-preview:large","max-video-preview":"max-video-preview:-1"},"canonical":"https:\/\/woodinout.net\/da\/for-virksomheder\/","og_locale":"da_DK","og_type":"article","og_title":"For virksomheder - Tr\u00e6leget\u00f8j Woodinout \u00a9","og_description":"Tr\u00e6leget\u00f8j som l\u00e6ringsressourcer inspireret af Montessori. Skabt af Woodinout-familien, h\u00e5ndlavet af massivt tr\u00e6 - milj\u00f8venligt leget\u00f8j.","og_url":"https:\/\/woodinout.net\/da\/for-virksomheder\/","og_site_name":"Woodinout \u00a9","twitter_card":"summary_large_image","twitter_misc":{"Estimeret l\u00e6setid":"1 minut"},"schema":{"@context":"https:\/\/schema.org","@graph":[{"@type":"WebPage","@id":"https:\/\/woodinout.net\/da\/for-virksomheder\/","url":"https:\/\/woodinout.net\/da\/for-virksomheder\/","name":"For virksomheder - Tr\u00e6leget\u00f8j Woodinout \u00a9","isPartOf":{"@id":"https:\/\/woodinout.net\/da\/#website"},"datePublished":"2015-12-03T08:34:31+00:00","dateModified":"2015-12-03T08:34:31+00:00","description":"Tr\u00e6leget\u00f8j som l\u00e6ringsressourcer inspireret af Montessori. Skabt af Woodinout-familien, h\u00e5ndlavet af massivt tr\u00e6 - milj\u00f8venligt leget\u00f8j.","breadcrumb":{"@id":"https:\/\/woodinout.net\/da\/for-virksomheder\/#breadcrumb"},"inLanguage":"da-DK","potentialAction":[{"@type":"ReadAction","target":["https:\/\/woodinout.net\/da\/for-virksomheder\/"]}]},{"@type":"BreadcrumbList","@id":"https:\/\/woodinout.net\/da\/for-virksomheder\/#breadcrumb","itemListElement":[{"@type":"ListItem","position":1,"name":"Home","item":"https:\/\/woodinout.net\/da\/"},{"@type":"ListItem","position":2,"name":"For virksomheder"}]},{"@type":"WebSite","@id":"https:\/\/woodinout.net\/da\/#website","url":"https:\/\/woodinout.net\/da\/","name":"Woodinout \u00a9","description":"Wooden Montessori toys, gifts, home and events decor details","potentialAction":[{"@type":"SearchAction","target":{"@type":"EntryPoint","urlTemplate":"https:\/\/woodinout.net\/da\/?s={search_term_string}"},"query-input":"required name=search_term_string"}],"inLanguage":"da-DK"}]}},"_links":{"self":[{"href":"https:\/\/woodinout.net\/da\/wp-json\/wp\/v2\/pages\/20720"}],"collection":[{"href":"https:\/\/woodinout.net\/da\/wp-json\/wp\/v2\/pages"}],"about":[{"href":"https:\/\/woodinout.net\/da\/wp-json\/wp\/v2\/types\/page"}],"author":[{"embeddable":true,"href":"https:\/\/woodinout.net\/da\/wp-json\/wp\/v2\/users\/1"}],"replies":[{"embeddable":true,"href":"https:\/\/woodinout.net\/da\/wp-json\/wp\/v2\/comments?post=20720"}],"version-history":[{"count":0,"href":"https:\/\/woodinout.net\/da\/wp-json\/wp\/v2\/pages\/20720\/revisions"}],"wp:attachment":[{"href":"https:\/\/woodinout.net\/da\/wp-json\/wp\/v2\/media?parent=20720"}],"curies":[{"name":"wp","href":"https:\/\/api.w.org\/{rel}","templated":true}]}}