{"id":20718,"date":"2016-08-04T09:36:11","date_gmt":"2016-08-04T06:36:11","guid":{"rendered":"https:\/\/woodinout.net\/servicesektor\/"},"modified":"2016-08-04T09:36:11","modified_gmt":"2016-08-04T06:36:11","slug":"servicesektor","status":"publish","type":"page","link":"https:\/\/woodinout.net\/da\/servicesektor\/","title":{"rendered":"Servicesektor"},"content":{"rendered":"<p><strong>Lasergravering<\/strong><\/p>\n<p>Lasergravering p\u00e5 tr\u00e6, krydsfiner, akryl\/organisk glas, l\u00e6der, udf\u00f8res ved hj\u00e6lp af udstyr af h\u00f8j kvalitet med CO2 laserkilde. Indgraverede objekter kan v\u00e6re i forskellige st\u00f8rrelser: fra den mindste til 600mm * 900mm. H\u00f8jden p\u00e5 et objekt kan v\u00e6re op til 300 mm.<\/p>\n<p><strong>Lasersk\u00e6ring<\/strong><\/p>\n<p>Lasersk\u00e6ring af tr\u00e6, krydsfiner, akrylglas, l\u00e6der, papir, karton, sker ved hj\u00e6lp af udstyr af h\u00f8j kvalitet med CO2 laserkilde. Forskellige sk\u00e6redybder er mulige.<\/p>\n<p>&nbsp;<\/p>\n<p><strong>CNC fr\u00e6sning<\/strong><\/p>\n<p>Vi tilbyder CNC fr\u00e6sning af h\u00e5rdttr\u00e6, krydsfiner, MDF, akryl \/ organisk glas. Arbejdsomr\u00e5det er 1500mm * 3000mm, luftk\u00f8let 6kW HSD (Italien) spindel er installeret i denne maskine. P\u00e5fyldning er ogs\u00e5 muligt. Vi designer 3D relieffer, der kunne fr\u00e6ses af CNC-maskine senere.<\/p>\n<p>&nbsp;<\/p>\n<p>&nbsp;<\/p>\n<p><strong>Forarbejdning af h\u00e5rdttr\u00e6<\/strong><\/p>\n<p>Vi er i stand til at behandle h\u00e5rdttr\u00e6 boards. Vores tilbudte ydelser d\u00e6kker krydssk\u00e6ring, fr\u00e6sning, slibning, h\u00f8vling osv. Kontakt os via telefonisk e-mail for mere detaljerede oplysninger.<\/p>\n<p><strong>&nbsp;<\/strong><\/p>\n<p><strong>Special-\/brugerdefinerede ordrer<\/strong><\/p>\n<p>Hvis du har nogen id\u00e9, du \u00f8nsker at realisere &#8211; bedes du kontakte os, og vi vil producere det. Vi designer og producerer personlige gaver, forretningsgaver, indretning, m\u00f8bler osv. Vi tilbyder dig fuld pakke \u2013 fra design til slutproduktion.<\/p>\n","protected":false},"excerpt":{"rendered":"<p>Lasergravering Lasergravering p\u00e5 tr\u00e6, krydsfiner, akryl\/organisk glas, l\u00e6der, udf\u00f8res ved hj\u00e6lp af udstyr af h\u00f8j kvalitet med CO2 laserkilde. Indgraverede objekter kan v\u00e6re i forskellige st\u00f8rrelser: fra den mindste til 600mm * 900mm. H\u00f8jden p\u00e5 et objekt kan v\u00e6re op til 300 mm. Lasersk\u00e6ring Lasersk\u00e6ring af tr\u00e6, krydsfiner, akrylglas, l\u00e6der, papir, karton, sker ved hj\u00e6lp [&hellip;]<\/p>\n","protected":false},"author":1,"featured_media":0,"parent":0,"menu_order":0,"comment_status":"closed","ping_status":"closed","template":"","meta":{"_monsterinsights_skip_tracking":false,"_monsterinsights_sitenote_active":false,"_monsterinsights_sitenote_note":"","_monsterinsights_sitenote_category":0,"footnotes":""},"yoast_head":"<!-- This site is optimized with the Yoast SEO plugin v22.1 - https:\/\/yoast.com\/wordpress\/plugins\/seo\/ -->\n<title>Servicesektor -leget\u00f8j i tr\u00e6 - Shop Woodinout \u00a9<\/title>\n<meta name=\"description\" content=\"Milj\u00f8venlig, h\u00e5ndlavet af h\u00f8jkvalitets l\u00e6ringsleget\u00f8j i massivt tr\u00e6. F\u00e5 dem og slutt dig til den store familie af glade kunder her i Woodinout shop.\" \/>\n<meta name=\"robots\" content=\"index, follow, max-snippet:-1, max-image-preview:large, max-video-preview:-1\" \/>\n<link rel=\"canonical\" href=\"https:\/\/woodinout.net\/da\/servicesektor\/\" \/>\n<meta property=\"og:locale\" content=\"da_DK\" \/>\n<meta property=\"og:type\" content=\"article\" \/>\n<meta property=\"og:title\" content=\"Servicesektor -leget\u00f8j i tr\u00e6 - Shop Woodinout \u00a9\" \/>\n<meta property=\"og:description\" content=\"Milj\u00f8venlig, h\u00e5ndlavet af h\u00f8jkvalitets l\u00e6ringsleget\u00f8j i massivt tr\u00e6. F\u00e5 dem og slutt dig til den store familie af glade kunder her i Woodinout shop.\" \/>\n<meta property=\"og:url\" content=\"https:\/\/woodinout.net\/da\/servicesektor\/\" \/>\n<meta property=\"og:site_name\" content=\"Woodinout \u00a9\" \/>\n<meta name=\"twitter:card\" content=\"summary_large_image\" \/>\n<meta name=\"twitter:label1\" content=\"Estimeret l\u00e6setid\" \/>\n\t<meta name=\"twitter:data1\" content=\"1 minut\" \/>\n<script type=\"application\/ld+json\" class=\"yoast-schema-graph\">{\"@context\":\"https:\/\/schema.org\",\"@graph\":[{\"@type\":\"WebPage\",\"@id\":\"https:\/\/woodinout.net\/da\/servicesektor\/\",\"url\":\"https:\/\/woodinout.net\/da\/servicesektor\/\",\"name\":\"Servicesektor -leget\u00f8j i tr\u00e6 - Shop Woodinout \u00a9\",\"isPartOf\":{\"@id\":\"https:\/\/woodinout.net\/da\/#website\"},\"datePublished\":\"2016-08-04T06:36:11+00:00\",\"dateModified\":\"2016-08-04T06:36:11+00:00\",\"description\":\"Milj\u00f8venlig, h\u00e5ndlavet af h\u00f8jkvalitets l\u00e6ringsleget\u00f8j i massivt tr\u00e6. F\u00e5 dem og slutt dig til den store familie af glade kunder her i Woodinout shop.\",\"breadcrumb\":{\"@id\":\"https:\/\/woodinout.net\/da\/servicesektor\/#breadcrumb\"},\"inLanguage\":\"da-DK\",\"potentialAction\":[{\"@type\":\"ReadAction\",\"target\":[\"https:\/\/woodinout.net\/da\/servicesektor\/\"]}]},{\"@type\":\"BreadcrumbList\",\"@id\":\"https:\/\/woodinout.net\/da\/servicesektor\/#breadcrumb\",\"itemListElement\":[{\"@type\":\"ListItem\",\"position\":1,\"name\":\"Home\",\"item\":\"https:\/\/woodinout.net\/da\/\"},{\"@type\":\"ListItem\",\"position\":2,\"name\":\"Servicesektor\"}]},{\"@type\":\"WebSite\",\"@id\":\"https:\/\/woodinout.net\/da\/#website\",\"url\":\"https:\/\/woodinout.net\/da\/\",\"name\":\"Woodinout \u00a9\",\"description\":\"Wooden Montessori toys, gifts, home and events decor details\",\"potentialAction\":[{\"@type\":\"SearchAction\",\"target\":{\"@type\":\"EntryPoint\",\"urlTemplate\":\"https:\/\/woodinout.net\/da\/?s={search_term_string}\"},\"query-input\":\"required name=search_term_string\"}],\"inLanguage\":\"da-DK\"}]}<\/script>\n<!-- \/ Yoast SEO plugin. -->","yoast_head_json":{"title":"Servicesektor -leget\u00f8j i tr\u00e6 - Shop Woodinout \u00a9","description":"Milj\u00f8venlig, h\u00e5ndlavet af h\u00f8jkvalitets l\u00e6ringsleget\u00f8j i massivt tr\u00e6. F\u00e5 dem og slutt dig til den store familie af glade kunder her i Woodinout shop.","robots":{"index":"index","follow":"follow","max-snippet":"max-snippet:-1","max-image-preview":"max-image-preview:large","max-video-preview":"max-video-preview:-1"},"canonical":"https:\/\/woodinout.net\/da\/servicesektor\/","og_locale":"da_DK","og_type":"article","og_title":"Servicesektor -leget\u00f8j i tr\u00e6 - Shop Woodinout \u00a9","og_description":"Milj\u00f8venlig, h\u00e5ndlavet af h\u00f8jkvalitets l\u00e6ringsleget\u00f8j i massivt tr\u00e6. F\u00e5 dem og slutt dig til den store familie af glade kunder her i Woodinout shop.","og_url":"https:\/\/woodinout.net\/da\/servicesektor\/","og_site_name":"Woodinout \u00a9","twitter_card":"summary_large_image","twitter_misc":{"Estimeret l\u00e6setid":"1 minut"},"schema":{"@context":"https:\/\/schema.org","@graph":[{"@type":"WebPage","@id":"https:\/\/woodinout.net\/da\/servicesektor\/","url":"https:\/\/woodinout.net\/da\/servicesektor\/","name":"Servicesektor -leget\u00f8j i tr\u00e6 - Shop Woodinout \u00a9","isPartOf":{"@id":"https:\/\/woodinout.net\/da\/#website"},"datePublished":"2016-08-04T06:36:11+00:00","dateModified":"2016-08-04T06:36:11+00:00","description":"Milj\u00f8venlig, h\u00e5ndlavet af h\u00f8jkvalitets l\u00e6ringsleget\u00f8j i massivt tr\u00e6. F\u00e5 dem og slutt dig til den store familie af glade kunder her i Woodinout shop.","breadcrumb":{"@id":"https:\/\/woodinout.net\/da\/servicesektor\/#breadcrumb"},"inLanguage":"da-DK","potentialAction":[{"@type":"ReadAction","target":["https:\/\/woodinout.net\/da\/servicesektor\/"]}]},{"@type":"BreadcrumbList","@id":"https:\/\/woodinout.net\/da\/servicesektor\/#breadcrumb","itemListElement":[{"@type":"ListItem","position":1,"name":"Home","item":"https:\/\/woodinout.net\/da\/"},{"@type":"ListItem","position":2,"name":"Servicesektor"}]},{"@type":"WebSite","@id":"https:\/\/woodinout.net\/da\/#website","url":"https:\/\/woodinout.net\/da\/","name":"Woodinout \u00a9","description":"Wooden Montessori toys, gifts, home and events decor details","potentialAction":[{"@type":"SearchAction","target":{"@type":"EntryPoint","urlTemplate":"https:\/\/woodinout.net\/da\/?s={search_term_string}"},"query-input":"required name=search_term_string"}],"inLanguage":"da-DK"}]}},"_links":{"self":[{"href":"https:\/\/woodinout.net\/da\/wp-json\/wp\/v2\/pages\/20718"}],"collection":[{"href":"https:\/\/woodinout.net\/da\/wp-json\/wp\/v2\/pages"}],"about":[{"href":"https:\/\/woodinout.net\/da\/wp-json\/wp\/v2\/types\/page"}],"author":[{"embeddable":true,"href":"https:\/\/woodinout.net\/da\/wp-json\/wp\/v2\/users\/1"}],"replies":[{"embeddable":true,"href":"https:\/\/woodinout.net\/da\/wp-json\/wp\/v2\/comments?post=20718"}],"version-history":[{"count":0,"href":"https:\/\/woodinout.net\/da\/wp-json\/wp\/v2\/pages\/20718\/revisions"}],"wp:attachment":[{"href":"https:\/\/woodinout.net\/da\/wp-json\/wp\/v2\/media?parent=20718"}],"curies":[{"name":"wp","href":"https:\/\/api.w.org\/{rel}","templated":true}]}}