{"id":20705,"date":"2013-03-15T17:59:55","date_gmt":"2013-03-15T15:59:55","guid":{"rendered":"https:\/\/woodinout.net\/artikler\/"},"modified":"2013-03-15T17:59:55","modified_gmt":"2013-03-15T15:59:55","slug":"artikler","status":"publish","type":"page","link":"https:\/\/woodinout.net\/da\/artikler\/","title":{"rendered":"Artikler"},"content":{"rendered":"","protected":false},"excerpt":{"rendered":"","protected":false},"author":1,"featured_media":0,"parent":0,"menu_order":0,"comment_status":"closed","ping_status":"closed","template":"","meta":{"_monsterinsights_skip_tracking":false,"_monsterinsights_sitenote_active":false,"_monsterinsights_sitenote_note":"","_monsterinsights_sitenote_category":0,"footnotes":""},"yoast_head":"<!-- This site is optimized with the Yoast SEO plugin v22.1 - https:\/\/yoast.com\/wordpress\/plugins\/seo\/ -->\n<title>Artikler - Montessori tr\u00e6leget\u00f8j - Shop Woodinout \u00a9<\/title>\n<meta name=\"description\" content=\"Tr\u00e6leget\u00f8j inspireret af Montessori til tidlig udvikling gennem v\u00e6rdifuld familietid. H\u00e5ndlavet af massivt tr\u00e6 af h\u00f8j kvalitet.\" \/>\n<meta name=\"robots\" content=\"index, follow, max-snippet:-1, max-image-preview:large, max-video-preview:-1\" \/>\n<link rel=\"canonical\" href=\"https:\/\/woodinout.net\/da\/artikler\/\" \/>\n<meta property=\"og:locale\" content=\"da_DK\" \/>\n<meta property=\"og:type\" content=\"article\" \/>\n<meta property=\"og:title\" content=\"Artikler - Montessori tr\u00e6leget\u00f8j - Shop Woodinout \u00a9\" \/>\n<meta property=\"og:description\" content=\"Tr\u00e6leget\u00f8j inspireret af Montessori til tidlig udvikling gennem v\u00e6rdifuld familietid. H\u00e5ndlavet af massivt tr\u00e6 af h\u00f8j kvalitet.\" \/>\n<meta property=\"og:url\" content=\"https:\/\/woodinout.net\/da\/artikler\/\" \/>\n<meta property=\"og:site_name\" content=\"Woodinout \u00a9\" \/>\n<meta name=\"twitter:card\" content=\"summary_large_image\" \/>\n<script type=\"application\/ld+json\" class=\"yoast-schema-graph\">{\"@context\":\"https:\/\/schema.org\",\"@graph\":[{\"@type\":\"WebPage\",\"@id\":\"https:\/\/woodinout.net\/da\/artikler\/\",\"url\":\"https:\/\/woodinout.net\/da\/artikler\/\",\"name\":\"Artikler - Montessori tr\u00e6leget\u00f8j - Shop Woodinout \u00a9\",\"isPartOf\":{\"@id\":\"https:\/\/woodinout.net\/da\/#website\"},\"datePublished\":\"2013-03-15T15:59:55+00:00\",\"dateModified\":\"2013-03-15T15:59:55+00:00\",\"description\":\"Tr\u00e6leget\u00f8j inspireret af Montessori til tidlig udvikling gennem v\u00e6rdifuld familietid. H\u00e5ndlavet af massivt tr\u00e6 af h\u00f8j kvalitet.\",\"breadcrumb\":{\"@id\":\"https:\/\/woodinout.net\/da\/artikler\/#breadcrumb\"},\"inLanguage\":\"da-DK\",\"potentialAction\":[{\"@type\":\"ReadAction\",\"target\":[\"https:\/\/woodinout.net\/da\/artikler\/\"]}]},{\"@type\":\"BreadcrumbList\",\"@id\":\"https:\/\/woodinout.net\/da\/artikler\/#breadcrumb\",\"itemListElement\":[{\"@type\":\"ListItem\",\"position\":1,\"name\":\"Home\",\"item\":\"https:\/\/woodinout.net\/da\/\"},{\"@type\":\"ListItem\",\"position\":2,\"name\":\"Artikler\"}]},{\"@type\":\"WebSite\",\"@id\":\"https:\/\/woodinout.net\/da\/#website\",\"url\":\"https:\/\/woodinout.net\/da\/\",\"name\":\"Woodinout \u00a9\",\"description\":\"Wooden Montessori toys, gifts, home and events decor details\",\"potentialAction\":[{\"@type\":\"SearchAction\",\"target\":{\"@type\":\"EntryPoint\",\"urlTemplate\":\"https:\/\/woodinout.net\/da\/?s={search_term_string}\"},\"query-input\":\"required name=search_term_string\"}],\"inLanguage\":\"da-DK\"}]}<\/script>\n<!-- \/ Yoast SEO plugin. -->","yoast_head_json":{"title":"Artikler - Montessori tr\u00e6leget\u00f8j - Shop Woodinout \u00a9","description":"Tr\u00e6leget\u00f8j inspireret af Montessori til tidlig udvikling gennem v\u00e6rdifuld familietid. H\u00e5ndlavet af massivt tr\u00e6 af h\u00f8j kvalitet.","robots":{"index":"index","follow":"follow","max-snippet":"max-snippet:-1","max-image-preview":"max-image-preview:large","max-video-preview":"max-video-preview:-1"},"canonical":"https:\/\/woodinout.net\/da\/artikler\/","og_locale":"da_DK","og_type":"article","og_title":"Artikler - Montessori tr\u00e6leget\u00f8j - Shop Woodinout \u00a9","og_description":"Tr\u00e6leget\u00f8j inspireret af Montessori til tidlig udvikling gennem v\u00e6rdifuld familietid. H\u00e5ndlavet af massivt tr\u00e6 af h\u00f8j kvalitet.","og_url":"https:\/\/woodinout.net\/da\/artikler\/","og_site_name":"Woodinout \u00a9","twitter_card":"summary_large_image","schema":{"@context":"https:\/\/schema.org","@graph":[{"@type":"WebPage","@id":"https:\/\/woodinout.net\/da\/artikler\/","url":"https:\/\/woodinout.net\/da\/artikler\/","name":"Artikler - Montessori tr\u00e6leget\u00f8j - Shop Woodinout \u00a9","isPartOf":{"@id":"https:\/\/woodinout.net\/da\/#website"},"datePublished":"2013-03-15T15:59:55+00:00","dateModified":"2013-03-15T15:59:55+00:00","description":"Tr\u00e6leget\u00f8j inspireret af Montessori til tidlig udvikling gennem v\u00e6rdifuld familietid. H\u00e5ndlavet af massivt tr\u00e6 af h\u00f8j kvalitet.","breadcrumb":{"@id":"https:\/\/woodinout.net\/da\/artikler\/#breadcrumb"},"inLanguage":"da-DK","potentialAction":[{"@type":"ReadAction","target":["https:\/\/woodinout.net\/da\/artikler\/"]}]},{"@type":"BreadcrumbList","@id":"https:\/\/woodinout.net\/da\/artikler\/#breadcrumb","itemListElement":[{"@type":"ListItem","position":1,"name":"Home","item":"https:\/\/woodinout.net\/da\/"},{"@type":"ListItem","position":2,"name":"Artikler"}]},{"@type":"WebSite","@id":"https:\/\/woodinout.net\/da\/#website","url":"https:\/\/woodinout.net\/da\/","name":"Woodinout \u00a9","description":"Wooden Montessori toys, gifts, home and events decor details","potentialAction":[{"@type":"SearchAction","target":{"@type":"EntryPoint","urlTemplate":"https:\/\/woodinout.net\/da\/?s={search_term_string}"},"query-input":"required name=search_term_string"}],"inLanguage":"da-DK"}]}},"_links":{"self":[{"href":"https:\/\/woodinout.net\/da\/wp-json\/wp\/v2\/pages\/20705"}],"collection":[{"href":"https:\/\/woodinout.net\/da\/wp-json\/wp\/v2\/pages"}],"about":[{"href":"https:\/\/woodinout.net\/da\/wp-json\/wp\/v2\/types\/page"}],"author":[{"embeddable":true,"href":"https:\/\/woodinout.net\/da\/wp-json\/wp\/v2\/users\/1"}],"replies":[{"embeddable":true,"href":"https:\/\/woodinout.net\/da\/wp-json\/wp\/v2\/comments?post=20705"}],"version-history":[{"count":0,"href":"https:\/\/woodinout.net\/da\/wp-json\/wp\/v2\/pages\/20705\/revisions"}],"wp:attachment":[{"href":"https:\/\/woodinout.net\/da\/wp-json\/wp\/v2\/media?parent=20705"}],"curies":[{"name":"wp","href":"https:\/\/api.w.org\/{rel}","templated":true}]}}