{"id":20548,"date":"2016-01-25T02:53:27","date_gmt":"2016-01-25T00:53:27","guid":{"rendered":"https:\/\/woodinout.net\/om-os\/"},"modified":"2022-03-12T17:15:48","modified_gmt":"2022-03-12T15:15:48","slug":"om-os","status":"publish","type":"page","link":"https:\/\/woodinout.net\/da\/om-os\/","title":{"rendered":"Om os"},"content":{"rendered":"<div id=\"pl-20548\"  class=\"panel-layout\" ><div id=\"pg-20548-0\"  class=\"panel-grid panel-has-style\" ><div class=\"panel-row-style panel-row-style-for-20548-0\" ><div id=\"pgc-20548-0-0\"  class=\"panel-grid-cell\" ><div id=\"panel-20548-0-0-0\" class=\"so-panel widget widget_primrose-sow-heading panel-first-child\" data-index=\"0\" ><div\n\t\t\t\n\t\t\tclass=\"so-widget-primrose-sow-heading so-widget-primrose-sow-heading-default-d75171398898-20548\"\n\t\t\t\n\t\t><h2 class=\"primrose-sow-heading primrose-sow-alignment-left\">Hi, We are Woodinout<\/h2><\/div><\/div><div id=\"panel-20548-0-0-1\" class=\"so-panel widget widget_sow-editor panel-last-child\" data-index=\"1\" ><div\n\t\t\t\n\t\t\tclass=\"so-widget-sow-editor so-widget-sow-editor-base\"\n\t\t\t\n\t\t>\n<div class=\"siteorigin-widget-tinymce textwidget\">\n\t<p>Dit smil inspirerer os til at skabe noget fantastisk, noget du ville elske at r\u00f8re ved og lege.<br \/>\nDette er en historie uden introduktion, fordi alle store ting ikke har en n\u00f8jagtig startlinje. Der er bare lidenskab og venskab. Og dette er n\u00f8glen til vores historie.<br \/>\nI begyndelsen var vi to familier med fire sm\u00e5b\u00f8rn. N\u00e5r du bliver for\u00e6lder, begynder du at forst\u00e5, hvor meget leget\u00f8j der omgiver barnet. M\u00e6ngden er generelt ikke d\u00e5rlig. Vi var dog bekymrede over form\u00e5let med hvert leget\u00f8j. Mange ting virkede v\u00e6rdil\u00f8se. Det var det \u00f8jeblik, hvor vi inds\u00e5, at vi er n\u00f8dt til at g\u00f8re noget.<br \/>\nEn id\u00e9 vi startede med var personligt tr\u00e6leget\u00f8j med l\u00e6ringsform\u00e5l. Da vi var vilde med milj\u00f8venligt leget\u00f8j, fors\u00f8gte vi at forbedre hver proces i vores v\u00e6rksted for at f\u00e5 det bedste resultat.<br \/>\nEndelig var vi heldige! Vores navnepuslespil blev meget popul\u00e6re over hele verden.<br \/>\nDet var det f\u00f8rste skridt. Nu udvidede vi vores portef\u00f8lje med leget\u00f8j baseret p\u00e5 Montessori- og Waldorf-metoder. B\u00f8rn kan forbedre deres finmotorik, l\u00e6re at t\u00e6lle, l\u00e6se, sortere og spore.<br \/>\nSom n\u00e6vnt ovenfor er der ingen introduktion \u2013 alle vores historier er det leget\u00f8j, vi producerer med k\u00e6rlighed og passion.<br \/>\nVelkommen!<\/p>\n<\/div>\n<\/div><\/div><\/div><div id=\"pgc-20548-0-1\"  class=\"panel-grid-cell\" ><div id=\"panel-20548-0-1-0\" class=\"so-panel widget widget_sow-image panel-first-child\" data-index=\"2\" ><div\n\t\t\t\n\t\t\tclass=\"so-widget-sow-image so-widget-sow-image-default-dbf295114b96-20548\"\n\t\t\t\n\t\t>\n\n<div class=\"sow-image-container\">\n\t\t<img decoding=\"async\" src=\"https:\/\/woodinout.net\/wp-content\/uploads\/2020\/06\/MG_6204-NXPowerLite-Copy.jpg\" width=\"1706\" height=\"2560\" srcset=\"https:\/\/woodinout.net\/wp-content\/uploads\/2020\/06\/MG_6204-NXPowerLite-Copy.jpg 1706w, https:\/\/woodinout.net\/wp-content\/uploads\/2020\/06\/MG_6204-NXPowerLite-Copy-480x720.jpg 480w, https:\/\/woodinout.net\/wp-content\/uploads\/2020\/06\/MG_6204-NXPowerLite-Copy-1080x1621.jpg 1080w, https:\/\/woodinout.net\/wp-content\/uploads\/2020\/06\/MG_6204-NXPowerLite-Copy-333x500.jpg 333w, https:\/\/woodinout.net\/wp-content\/uploads\/2020\/06\/MG_6204-NXPowerLite-Copy-533x800.jpg 533w, https:\/\/woodinout.net\/wp-content\/uploads\/2020\/06\/MG_6204-NXPowerLite-Copy-1024x1536.jpg 1024w, https:\/\/woodinout.net\/wp-content\/uploads\/2020\/06\/MG_6204-NXPowerLite-Copy-1365x2048.jpg 1365w\" sizes=\"(max-width: 1706px) 100vw, 1706px\" title=\"_MG_6204 (NXPowerLite Copy)\" alt=\"Wooden Rainbow toy - sorting colors game\" loading=\"lazy\" \t\tclass=\"so-widget-image\"\/>\n\t<\/div>\n\n<\/div><\/div><div id=\"panel-20548-0-1-1\" class=\"so-panel widget widget_sow-image\" data-index=\"3\" ><div\n\t\t\t\n\t\t\tclass=\"so-widget-sow-image so-widget-sow-image-default-dbf295114b96-20548\"\n\t\t\t\n\t\t>\n\n<div class=\"sow-image-container\">\n\t\t<img decoding=\"async\" src=\"https:\/\/woodinout.net\/wp-content\/uploads\/2020\/06\/MG_6565-NXPowerLite-Copy.jpg\" width=\"853\" height=\"1280\" srcset=\"https:\/\/woodinout.net\/wp-content\/uploads\/2020\/06\/MG_6565-NXPowerLite-Copy.jpg 853w, https:\/\/woodinout.net\/wp-content\/uploads\/2020\/06\/MG_6565-NXPowerLite-Copy-480x720.jpg 480w, https:\/\/woodinout.net\/wp-content\/uploads\/2020\/06\/MG_6565-NXPowerLite-Copy-800x1200.jpg 800w, https:\/\/woodinout.net\/wp-content\/uploads\/2020\/06\/MG_6565-NXPowerLite-Copy-333x500.jpg 333w, https:\/\/woodinout.net\/wp-content\/uploads\/2020\/06\/MG_6565-NXPowerLite-Copy-533x800.jpg 533w\" sizes=\"(max-width: 853px) 100vw, 853px\" title=\"_MG_6565 (NXPowerLite Copy)\" alt=\"Woodinout Montessori toys team\" loading=\"lazy\" \t\tclass=\"so-widget-image\"\/>\n\t<\/div>\n\n<\/div><\/div><\/div><\/div><\/div><div id=\"pg-20548-1\"  class=\"panel-grid panel-no-style\" ><div id=\"pgc-20548-1-0\"  class=\"panel-grid-cell\" ><div id=\"panel-20548-1-0-0\" class=\"so-panel widget widget_primrose-sow-divider panel-first-child panel-last-child\" data-index=\"5\" ><div\n\t\t\t\n\t\t\tclass=\"so-widget-primrose-sow-divider so-widget-primrose-sow-divider-default-d75171398898-20548\"\n\t\t\t\n\t\t><hr class=\"primrose-sow-divider\"><\/hr><\/div><\/div><\/div><\/div><div id=\"pg-20548-2\"  class=\"panel-grid panel-no-style\" ><div id=\"pgc-20548-2-0\"  class=\"panel-grid-cell\" ><div id=\"panel-20548-2-0-0\" class=\"so-panel widget widget_primrose-sow-counter panel-first-child panel-last-child\" data-index=\"6\" ><div\n\t\t\t\n\t\t\tclass=\"so-widget-primrose-sow-counter so-widget-primrose-sow-counter-default-d75171398898-20548\"\n\t\t\t\n\t\t>\t<div class=\"primrose-sow-counter primrose-sow-alignment-center\" data-duration=\"1000\">\r\n\t\t<div class=\"primrose-sow-counter-number\" style=\"color: #666666\">\r\n\t\t\t<span class=\"counter-up\">24000<\/span>\t\t<\/div><!-- .primrose-sow-counter-number -->\r\n\t\t<div class=\"primrose-sow-counter-caption\">produced more then<\/div>\r\n\t<\/div><!-- .primrose-sow-counter -->\r\n<\/div><\/div><\/div><div id=\"pgc-20548-2-1\"  class=\"panel-grid-cell\" ><div id=\"panel-20548-2-1-0\" class=\"so-panel widget widget_primrose-sow-counter panel-first-child panel-last-child\" data-index=\"7\" ><div\n\t\t\t\n\t\t\tclass=\"so-widget-primrose-sow-counter so-widget-primrose-sow-counter-default-d75171398898-20548\"\n\t\t\t\n\t\t>\t<div class=\"primrose-sow-counter primrose-sow-alignment-center\" data-duration=\"1000\">\r\n\t\t<div class=\"primrose-sow-counter-number\" style=\"color: #666666\">\r\n\t\t\t<span class=\"counter-up\">46.5<\/span>k\t\t<\/div><!-- .primrose-sow-counter-number -->\r\n\t\t<div class=\"primrose-sow-counter-caption\">Facebook followers<\/div>\r\n\t<\/div><!-- .primrose-sow-counter -->\r\n<\/div><\/div><\/div><div id=\"pgc-20548-2-2\"  class=\"panel-grid-cell\" ><div id=\"panel-20548-2-2-0\" class=\"so-panel widget widget_primrose-sow-counter panel-first-child panel-last-child\" data-index=\"8\" ><div\n\t\t\t\n\t\t\tclass=\"so-widget-primrose-sow-counter so-widget-primrose-sow-counter-default-d75171398898-20548\"\n\t\t\t\n\t\t>\t<div class=\"primrose-sow-counter primrose-sow-alignment-center\" data-duration=\"1000\">\r\n\t\t<div class=\"primrose-sow-counter-number\" style=\"color: #666666\">\r\n\t\t\t<span class=\"counter-up\">11000<\/span>\t\t<\/div><!-- .primrose-sow-counter-number -->\r\n\t\t<div class=\"primrose-sow-counter-caption\">subscribers<\/div>\r\n\t<\/div><!-- .primrose-sow-counter -->\r\n<\/div><\/div><\/div><\/div><div id=\"pg-20548-3\"  class=\"panel-grid panel-no-style\" ><div id=\"pgc-20548-3-0\"  class=\"panel-grid-cell\" ><div id=\"panel-20548-3-0-0\" class=\"so-panel widget widget_primrose-sow-divider panel-first-child panel-last-child\" data-index=\"9\" ><div\n\t\t\t\n\t\t\tclass=\"so-widget-primrose-sow-divider so-widget-primrose-sow-divider-default-d75171398898-20548\"\n\t\t\t\n\t\t><hr class=\"primrose-sow-divider\"><\/hr><\/div><\/div><\/div><\/div><div id=\"pg-20548-4\"  class=\"panel-grid panel-no-style\" ><div id=\"pgc-20548-4-0\"  class=\"panel-grid-cell\" ><div id=\"panel-20548-4-0-0\" class=\"so-panel widget widget_primrose-sow-heading panel-first-child panel-last-child\" data-index=\"10\" ><div\n\t\t\t\n\t\t\tclass=\"so-widget-primrose-sow-heading so-widget-primrose-sow-heading-default-d75171398898-20548\"\n\t\t\t\n\t\t><h2 class=\"primrose-sow-heading primrose-sow-alignment-left\">Our Story<\/h2><\/div><\/div><\/div><div id=\"pgc-20548-4-1\"  class=\"panel-grid-cell\" ><div id=\"panel-20548-4-1-0\" class=\"so-panel widget widget_sow-editor panel-first-child panel-last-child\" data-index=\"11\" ><div\n\t\t\t\n\t\t\tclass=\"so-widget-sow-editor so-widget-sow-editor-base\"\n\t\t\t\n\t\t>\n<div class=\"siteorigin-widget-tinymce textwidget\">\n\t<p><strong>Begyndelsen (2013)<\/strong><\/p>\n<p>Virksomheden startede i 2013. Vi har specialiseret os i produktion af forskelligt tr\u00e6leget\u00f8j, souvenirs, forretningsgaver, m\u00f8bler og andre on-demand produkter. Mere end 60% af vores produkter eksporteres til skandinaviske lande og USA.<br \/>\nVi er st\u00e6rke inden for udvikling og realisering af sm\u00e5 tr\u00e6produkter. Vi er i stand til at skabe nye konceptuelle modeller fra id\u00e9 til slutprodukt.<\/p>\n<\/div>\n<\/div><\/div><\/div><div id=\"pgc-20548-4-2\"  class=\"panel-grid-cell\" ><div id=\"panel-20548-4-2-0\" class=\"so-panel widget widget_sow-editor panel-first-child\" data-index=\"12\" ><div class=\"panel-widget-style panel-widget-style-for-20548-4-2-0\" ><div\n\t\t\t\n\t\t\tclass=\"so-widget-sow-editor so-widget-sow-editor-base\"\n\t\t\t\n\t\t>\n<div class=\"siteorigin-widget-tinymce textwidget\">\n\t<p><strong>Fra 2013 til i dag<\/strong><\/p>\n<p>Vores virksomhed vokser hvert \u00e5r mere end 25%.<\/p>\n<\/div>\n<\/div><\/div><\/div><div id=\"panel-20548-4-2-1\" class=\"so-panel widget widget_primrose-sow-progress-bars panel-last-child\" data-index=\"13\" ><div\n\t\t\t\n\t\t\tclass=\"so-widget-primrose-sow-progress-bars so-widget-primrose-sow-progress-bars-default-d75171398898-20548\"\n\t\t\t\n\t\t>\t<div class=\"primrose-sow-progress-bars \">\r\n\t\t\t\t\t<div class=\"primrose-sow-progress-bar\" data-progress-value=\"100\">\r\n\r\n\t\t\t\t\t\t\t\t\t<div class=\"primrose-sow-progress-bar-title\">2019<\/div>\r\n\t\t\t\t\r\n\t\t\t\t<div class=\"primrose-sow-progress-bar-track\" style=\"background-color: ;\">\r\n\t\t\t\t\t<div class=\"primrose-sow-progress-bar-block\" style=\"width: 0%; background-color: #d2bea0;\">\r\n\t\t\t\t\t\t<div class=\"primrose-sow-progress-bar-percentage\">100<\/div>\r\n\t\t\t\t\t<\/div>\r\n\t\t\t\t<\/div>\r\n\t\t\t<\/div>\r\n\t\t\t\t\t<div class=\"primrose-sow-progress-bar\" data-progress-value=\"67\">\r\n\r\n\t\t\t\t\t\t\t\t\t<div class=\"primrose-sow-progress-bar-title\">2018<\/div>\r\n\t\t\t\t\r\n\t\t\t\t<div class=\"primrose-sow-progress-bar-track\" style=\"background-color: ;\">\r\n\t\t\t\t\t<div class=\"primrose-sow-progress-bar-block\" style=\"width: 0%; background-color: #e5e5e5;\">\r\n\t\t\t\t\t\t<div class=\"primrose-sow-progress-bar-percentage\">67<\/div>\r\n\t\t\t\t\t<\/div>\r\n\t\t\t\t<\/div>\r\n\t\t\t<\/div>\r\n\t\t\t\t\t<div class=\"primrose-sow-progress-bar\" data-progress-value=\"40\">\r\n\r\n\t\t\t\t\t\t\t\t\t<div class=\"primrose-sow-progress-bar-title\">2017<\/div>\r\n\t\t\t\t\r\n\t\t\t\t<div class=\"primrose-sow-progress-bar-track\" style=\"background-color: ;\">\r\n\t\t\t\t\t<div class=\"primrose-sow-progress-bar-block\" style=\"width: 0%; background-color: #e5e5e5;\">\r\n\t\t\t\t\t\t<div class=\"primrose-sow-progress-bar-percentage\">40<\/div>\r\n\t\t\t\t\t<\/div>\r\n\t\t\t\t<\/div>\r\n\t\t\t<\/div>\r\n\t\t\t<\/div>\r\n<\/div><\/div><\/div><\/div><div id=\"pg-20548-5\"  class=\"panel-grid panel-no-style\" ><div id=\"pgc-20548-5-0\"  class=\"panel-grid-cell\" ><div id=\"panel-20548-5-0-0\" class=\"so-panel widget widget_primrose-sow-divider panel-first-child panel-last-child\" data-index=\"14\" ><div\n\t\t\t\n\t\t\tclass=\"so-widget-primrose-sow-divider so-widget-primrose-sow-divider-default-d75171398898-20548\"\n\t\t\t\n\t\t><hr class=\"primrose-sow-divider\"><\/hr><\/div><\/div><\/div><\/div><div id=\"pg-20548-6\"  class=\"panel-grid panel-has-style\" ><div class=\"panel-row-style panel-row-style-for-20548-6\" ><div id=\"pgc-20548-6-0\"  class=\"panel-grid-cell panel-grid-cell-empty\" ><\/div><div id=\"pgc-20548-6-1\"  class=\"panel-grid-cell panel-grid-cell-mobile-last\" ><div id=\"panel-20548-6-1-0\" class=\"so-panel widget widget_primrose-sow-quotes panel-first-child panel-last-child\" data-index=\"15\" ><div\n\t\t\t\n\t\t\tclass=\"so-widget-primrose-sow-quotes so-widget-primrose-sow-quotes-default-d75171398898-20548\"\n\t\t\t\n\t\t>\t<div class=\"primrose-sow-quotes align-center slick\">\r\n\t\t\t\t\t<div class=\"primrose-sow-quote\">\r\n\t\t\t\t<div class=\"primrose-sow-quote-text\">I'm so pleased with how my name puzzles turned out! They are exactly as pictured, and they were so helpful when I asked questions before I placed my order. They're worth more than five stars, can't recommend them as much as they deserve.<\/div>\r\n\t\t\t\t\t\t\t\t\t<div class=\"primrose-sow-quote-name\">Jeanette <\/div>\r\n\t\t\t\t\t\t\t<\/div><!-- .primrose-sow-quotes-item -->\r\n\t\t\t\t\t<div class=\"primrose-sow-quote\">\r\n\t\t\t\t<div class=\"primrose-sow-quote-text\">Beyond my imagination! I absolutely love it. Great communication, beautifully crafted, careful and fast shipping (even internationally). Every detail is flawless. Thank you so so much!!<\/div>\r\n\t\t\t\t\t\t\t\t\t<div class=\"primrose-sow-quote-name\">Meagan<\/div>\r\n\t\t\t\t\t\t\t<\/div><!-- .primrose-sow-quotes-item -->\r\n\t\t\t\t\t<div class=\"primrose-sow-quote\">\r\n\t\t\t\t<div class=\"primrose-sow-quote-text\">Beautifully made! Absolutely gorgeous! The international shipping took a while but that was as expected and we weren't in a hurry to receive it. Would definitely recommend!<\/div>\r\n\t\t\t\t\t\t\t\t\t<div class=\"primrose-sow-quote-name\">Kimberly <\/div>\r\n\t\t\t\t\t\t\t<\/div><!-- .primrose-sow-quotes-item -->\r\n\t\t\t<\/div><!-- .primrose-sow-quotes -->\r\n<\/div><\/div><\/div><div id=\"pgc-20548-6-2\"  class=\"panel-grid-cell panel-grid-cell-empty\" ><\/div><\/div><\/div><\/div>","protected":false},"excerpt":{"rendered":"<p>Dit smil inspirerer os til at skabe noget fantastisk, noget du ville elske at r\u00f8re ved og lege. Dette er en historie uden introduktion, fordi alle store ting ikke har en n\u00f8jagtig startlinje. Der er bare lidenskab og venskab. Og dette er n\u00f8glen til vores historie. I begyndelsen var vi to familier med fire sm\u00e5b\u00f8rn. [&hellip;]<\/p>\n","protected":false},"author":1,"featured_media":0,"parent":0,"menu_order":0,"comment_status":"closed","ping_status":"closed","template":"page-templates\/blank.php","meta":{"_monsterinsights_skip_tracking":false,"_monsterinsights_sitenote_active":false,"_monsterinsights_sitenote_note":"","_monsterinsights_sitenote_category":0,"footnotes":""},"yoast_head":"<!-- This site is optimized with the Yoast SEO plugin v22.1 - https:\/\/yoast.com\/wordpress\/plugins\/seo\/ -->\n<title>Om os - Montessori-leget\u00f8j Woodinout \u00a9<\/title>\n<meta name=\"description\" content=\"Milj\u00f8venlig, h\u00e5ndlavet af h\u00f8jkvalitets l\u00e6ringsleget\u00f8j i massivt tr\u00e6. F\u00e5 dem og slutt dig til den store familie af glade kunder her i Woodinout shop.\" \/>\n<meta name=\"robots\" content=\"index, follow, max-snippet:-1, max-image-preview:large, max-video-preview:-1\" \/>\n<link rel=\"canonical\" href=\"https:\/\/woodinout.net\/da\/om-os\/\" \/>\n<meta property=\"og:locale\" content=\"da_DK\" \/>\n<meta property=\"og:type\" content=\"article\" \/>\n<meta property=\"og:title\" content=\"Om os - Montessori-leget\u00f8j Woodinout \u00a9\" \/>\n<meta property=\"og:description\" content=\"Milj\u00f8venlig, h\u00e5ndlavet af h\u00f8jkvalitets l\u00e6ringsleget\u00f8j i massivt tr\u00e6. F\u00e5 dem og slutt dig til den store familie af glade kunder her i Woodinout shop.\" \/>\n<meta property=\"og:url\" content=\"https:\/\/woodinout.net\/da\/om-os\/\" \/>\n<meta property=\"og:site_name\" content=\"Woodinout \u00a9\" \/>\n<meta property=\"article:modified_time\" content=\"2022-03-12T15:15:48+00:00\" \/>\n<meta name=\"twitter:card\" content=\"summary_large_image\" \/>\n<script type=\"application\/ld+json\" class=\"yoast-schema-graph\">{\"@context\":\"https:\/\/schema.org\",\"@graph\":[{\"@type\":\"WebPage\",\"@id\":\"https:\/\/woodinout.net\/da\/om-os\/\",\"url\":\"https:\/\/woodinout.net\/da\/om-os\/\",\"name\":\"Om os - Montessori-leget\u00f8j Woodinout \u00a9\",\"isPartOf\":{\"@id\":\"https:\/\/woodinout.net\/da\/#website\"},\"datePublished\":\"2016-01-25T00:53:27+00:00\",\"dateModified\":\"2022-03-12T15:15:48+00:00\",\"description\":\"Milj\u00f8venlig, h\u00e5ndlavet af h\u00f8jkvalitets l\u00e6ringsleget\u00f8j i massivt tr\u00e6. F\u00e5 dem og slutt dig til den store familie af glade kunder her i Woodinout shop.\",\"breadcrumb\":{\"@id\":\"https:\/\/woodinout.net\/da\/om-os\/#breadcrumb\"},\"inLanguage\":\"da-DK\",\"potentialAction\":[{\"@type\":\"ReadAction\",\"target\":[\"https:\/\/woodinout.net\/da\/om-os\/\"]}]},{\"@type\":\"BreadcrumbList\",\"@id\":\"https:\/\/woodinout.net\/da\/om-os\/#breadcrumb\",\"itemListElement\":[{\"@type\":\"ListItem\",\"position\":1,\"name\":\"Home\",\"item\":\"https:\/\/woodinout.net\/da\/\"},{\"@type\":\"ListItem\",\"position\":2,\"name\":\"Om os\"}]},{\"@type\":\"WebSite\",\"@id\":\"https:\/\/woodinout.net\/da\/#website\",\"url\":\"https:\/\/woodinout.net\/da\/\",\"name\":\"Woodinout \u00a9\",\"description\":\"Wooden Montessori toys, gifts, home and events decor details\",\"potentialAction\":[{\"@type\":\"SearchAction\",\"target\":{\"@type\":\"EntryPoint\",\"urlTemplate\":\"https:\/\/woodinout.net\/da\/?s={search_term_string}\"},\"query-input\":\"required name=search_term_string\"}],\"inLanguage\":\"da-DK\"}]}<\/script>\n<!-- \/ Yoast SEO plugin. -->","yoast_head_json":{"title":"Om os - Montessori-leget\u00f8j Woodinout \u00a9","description":"Milj\u00f8venlig, h\u00e5ndlavet af h\u00f8jkvalitets l\u00e6ringsleget\u00f8j i massivt tr\u00e6. F\u00e5 dem og slutt dig til den store familie af glade kunder her i Woodinout shop.","robots":{"index":"index","follow":"follow","max-snippet":"max-snippet:-1","max-image-preview":"max-image-preview:large","max-video-preview":"max-video-preview:-1"},"canonical":"https:\/\/woodinout.net\/da\/om-os\/","og_locale":"da_DK","og_type":"article","og_title":"Om os - Montessori-leget\u00f8j Woodinout \u00a9","og_description":"Milj\u00f8venlig, h\u00e5ndlavet af h\u00f8jkvalitets l\u00e6ringsleget\u00f8j i massivt tr\u00e6. F\u00e5 dem og slutt dig til den store familie af glade kunder her i Woodinout shop.","og_url":"https:\/\/woodinout.net\/da\/om-os\/","og_site_name":"Woodinout \u00a9","article_modified_time":"2022-03-12T15:15:48+00:00","twitter_card":"summary_large_image","schema":{"@context":"https:\/\/schema.org","@graph":[{"@type":"WebPage","@id":"https:\/\/woodinout.net\/da\/om-os\/","url":"https:\/\/woodinout.net\/da\/om-os\/","name":"Om os - Montessori-leget\u00f8j Woodinout \u00a9","isPartOf":{"@id":"https:\/\/woodinout.net\/da\/#website"},"datePublished":"2016-01-25T00:53:27+00:00","dateModified":"2022-03-12T15:15:48+00:00","description":"Milj\u00f8venlig, h\u00e5ndlavet af h\u00f8jkvalitets l\u00e6ringsleget\u00f8j i massivt tr\u00e6. F\u00e5 dem og slutt dig til den store familie af glade kunder her i Woodinout shop.","breadcrumb":{"@id":"https:\/\/woodinout.net\/da\/om-os\/#breadcrumb"},"inLanguage":"da-DK","potentialAction":[{"@type":"ReadAction","target":["https:\/\/woodinout.net\/da\/om-os\/"]}]},{"@type":"BreadcrumbList","@id":"https:\/\/woodinout.net\/da\/om-os\/#breadcrumb","itemListElement":[{"@type":"ListItem","position":1,"name":"Home","item":"https:\/\/woodinout.net\/da\/"},{"@type":"ListItem","position":2,"name":"Om os"}]},{"@type":"WebSite","@id":"https:\/\/woodinout.net\/da\/#website","url":"https:\/\/woodinout.net\/da\/","name":"Woodinout \u00a9","description":"Wooden Montessori toys, gifts, home and events decor details","potentialAction":[{"@type":"SearchAction","target":{"@type":"EntryPoint","urlTemplate":"https:\/\/woodinout.net\/da\/?s={search_term_string}"},"query-input":"required name=search_term_string"}],"inLanguage":"da-DK"}]}},"_links":{"self":[{"href":"https:\/\/woodinout.net\/da\/wp-json\/wp\/v2\/pages\/20548"}],"collection":[{"href":"https:\/\/woodinout.net\/da\/wp-json\/wp\/v2\/pages"}],"about":[{"href":"https:\/\/woodinout.net\/da\/wp-json\/wp\/v2\/types\/page"}],"author":[{"embeddable":true,"href":"https:\/\/woodinout.net\/da\/wp-json\/wp\/v2\/users\/1"}],"replies":[{"embeddable":true,"href":"https:\/\/woodinout.net\/da\/wp-json\/wp\/v2\/comments?post=20548"}],"version-history":[{"count":1,"href":"https:\/\/woodinout.net\/da\/wp-json\/wp\/v2\/pages\/20548\/revisions"}],"predecessor-version":[{"id":20561,"href":"https:\/\/woodinout.net\/da\/wp-json\/wp\/v2\/pages\/20548\/revisions\/20561"}],"wp:attachment":[{"href":"https:\/\/woodinout.net\/da\/wp-json\/wp\/v2\/media?parent=20548"}],"curies":[{"name":"wp","href":"https:\/\/api.w.org\/{rel}","templated":true}]}}