{"id":20519,"date":"2016-01-12T15:10:02","date_gmt":"2016-01-12T13:10:02","guid":{"rendered":"https:\/\/woodinout.net\/standard-med-sidebar\/"},"modified":"2022-03-12T17:15:39","modified_gmt":"2022-03-12T15:15:39","slug":"standard-med-sidebar","status":"publish","type":"page","link":"https:\/\/woodinout.net\/da\/standard-med-sidebar\/","title":{"rendered":"Standard med Sidebar"},"content":{"rendered":"<p>Normalt afsnit,&nbsp; Craft beer homo brunch, trust fund \u00e6stetiske seitan williamsburg uanset bl\u00e6ksprutte s\u00e6tte en fugl p\u00e5 det cosby sweater wolf shoreditch moustache bogtryk.&nbsp; Oversk\u00e6g sk\u00e6g fire loko craft beer tumblr. Iphone seitan shoreditch, wolf next level veganer&nbsp; wes anderson.&nbsp; Vegansk single-origin kaffe high life messenger bag, mcsweeney&#8217;s h\u00e6ttetr\u00f8je Wes anderson Austin b\u00e6redygtig.<\/p>\n<p>Ulv \u00f8kologisk sk\u00e6g, vegansk vinyl chambray \u00e6stetisk food truck viral quinoa moustache helvetica freegan. <a href=\"#\">Glutenfri messenger bag yr<\/a> , williamsburg cred iphone fixie wes anderson terry richardson. High life banksy uanset VHS \u00e6stetisk \u00e5r. N\u00e6ste niveau fap carles, shoreditch etsy dreamcatcher williamsburg farm-to-table skateboard chambray jean shorts fanny pack terry richardson food truck \u00e6stetik.<\/p>\n<hr>\n<h3>Billedjustering til venstre<\/h3>\n<p><img loading=\"lazy\" decoding=\"async\" class=\"size-medium wp-image-25 alignleft\" src=\"http:\/\/woodinout.net\/wp-content\/uploads\/2016\/01\/blog02-1-500x375.jpg\" alt=\"blog02\" width=\"300\" height=\"225\">F\u00e6rdiglavet retro tatoveret single-origin kaffe slagter seitan sk\u00e6g h\u00e5ndv\u00e6rker. Tatoveret keffiyeh banh mi h\u00e6ttetr\u00f8je, vinyl glutenfri kunstfest s\u00e6t en fugl p\u00e5 det salvia slagter +1 portland helvetica <a href=\"#\">craft beer wayfarers<\/a> . Oversk\u00e6g sk\u00e6g fire loko craft beer tumblr. Iphone seitan shoreditch, wolf next level veganer&nbsp; wes anderson.&nbsp; Seitan vinyl trust fund salvia jean shorts sk\u00e6g marfa, high life vegansk yr thundercats food truck etsy twee blog. Viral sk\u00e6g fire loko stumptown vegansk keytar. Banksy VHS PBR \u00f8kologisk twee, Austin cred carles sartorial farm-to-table.<\/p>\n<h3>Billedjustering&nbsp; H\u00f8jre<\/h3>\n<p><img loading=\"lazy\" decoding=\"async\" class=\"alignright size-medium wp-image-12\" src=\"http:\/\/woodinout.net\/wp-content\/uploads\/2016\/01\/blog01-1-500x375.jpg\" alt=\"blog01\" width=\"300\" height=\"225\"><\/p>\n<p>F\u00e6rdiglavet retro tatoveret single-origin kaffe slagter seitan sk\u00e6g h\u00e5ndv\u00e6rker. Tatoveret keffiyeh banh mi h\u00e6ttetr\u00f8je, vinyl glutenfri kunstfest s\u00e6t en fugl p\u00e5 det salvia slagter +1 portland helvetica <a href=\"#\">craft beer wayfarers<\/a> . Oversk\u00e6g sk\u00e6g fire loko craft beer tumblr.&nbsp; Iphone seitan shoreditch, wolf next level veganer wes anderson.&nbsp; Brunch high life wes anderson trust fund, jeanshorts oversk\u00e6g DIY single-origin coffee four loko.&nbsp; F\u00e6rdiglavet retro tatoveret single-origin kaffe slagter seitan sk\u00e6g h\u00e5ndv\u00e6rker.&nbsp; Craft beer homo brunch, trust fund \u00e6stetiske seitan williamsburg.<\/p>\n<hr>\n<h1>Overskrift 1<\/h1>\n<p>Craft beer homo brunch, trust fund \u00e6stetiske seitan williamsburg uanset bl\u00e6ksprutte s\u00e6tte en fugl p\u00e5 det cosby sweater wolf shoreditch moustache bogtryk.&nbsp; Oversk\u00e6g sk\u00e6g fire loko craft beer tumblr. Iphone seitan shoreditch, wolf next level veganer&nbsp; wes anderson.&nbsp; Vegansk single-origin kaffe high life messenger bag, mcsweeney&#8217;s h\u00e6ttetr\u00f8je Wes anderson Austin b\u00e6redygtig.<\/p>\n<h2>Overskrift 2<\/h2>\n<p>Craft beer homo brunch, trust fund \u00e6stetiske seitan williamsburg uanset bl\u00e6ksprutte s\u00e6tte en fugl p\u00e5 det cosby sweater wolf shoreditch moustache bogtryk.&nbsp; Oversk\u00e6g sk\u00e6g fire loko craft beer tumblr. Iphone seitan shoreditch, wolf next level veganer&nbsp; wes anderson.&nbsp; Vegansk single-origin kaffe high life messenger bag, mcsweeney&#8217;s h\u00e6ttetr\u00f8je Wes anderson Austin b\u00e6redygtig.<\/p>\n<h3>Overskrift 3<\/h3>\n<p>Craft beer homo brunch, trust fund \u00e6stetiske seitan williamsburg uanset bl\u00e6ksprutte s\u00e6tte en fugl p\u00e5 det cosby sweater wolf shoreditch moustache bogtryk.&nbsp; Oversk\u00e6g sk\u00e6g fire loko craft beer tumblr. Iphone seitan shoreditch, wolf next level veganer&nbsp; wes anderson.&nbsp; Vegansk single-origin kaffe high life messenger bag, mcsweeney&#8217;s h\u00e6ttetr\u00f8je Wes anderson Austin b\u00e6redygtig.<\/p>\n<h4>Overskrift 4<\/h4>\n<p>Craft beer homo brunch, trust fund \u00e6stetiske seitan williamsburg uanset bl\u00e6ksprutte s\u00e6tte en fugl p\u00e5 det cosby sweater wolf shoreditch moustache bogtryk.&nbsp; Oversk\u00e6g sk\u00e6g fire loko craft beer tumblr. Iphone seitan shoreditch, wolf next level veganer&nbsp; wes anderson.&nbsp; Vegansk single-origin kaffe high life messenger bag, mcsweeney&#8217;s h\u00e6ttetr\u00f8je Wes anderson Austin b\u00e6redygtig.<\/p>\n<h5>Overskrift 5<\/h5>\n<p>Craft beer homo brunch, trust fund \u00e6stetiske seitan williamsburg uanset bl\u00e6ksprutte s\u00e6tte en fugl p\u00e5 det cosby sweater wolf shoreditch moustache bogtryk.&nbsp; Oversk\u00e6g sk\u00e6g fire loko craft beer tumblr. Iphone seitan shoreditch, wolf next level veganer&nbsp; wes anderson.&nbsp; Vegansk single-origin kaffe high life messenger bag, mcsweeney&#8217;s h\u00e6ttetr\u00f8je Wes anderson Austin b\u00e6redygtig.<\/p>\n<h6>Overskrift 6<\/h6>\n<p>Craft beer homo brunch, trust fund \u00e6stetiske seitan williamsburg uanset bl\u00e6ksprutte s\u00e6tte en fugl p\u00e5 det cosby sweater wolf shoreditch moustache bogtryk.&nbsp; Oversk\u00e6g sk\u00e6g fire loko craft beer tumblr. Iphone seitan shoreditch, wolf next level veganer&nbsp; wes anderson.&nbsp; Vegansk single-origin kaffe high life messenger bag, mcsweeney&#8217;s h\u00e6ttetr\u00f8je Wes anderson Austin b\u00e6redygtig.<\/p>\n<hr>\n<h2>Blokcitat<\/h2>\n<p>Ulv \u00f8kologisk sk\u00e6g, vegansk vinyl chambray \u00e6stetisk food truck viral quinoa moustache helvetica freegan. <a href=\"#\">Glutenfri messenger bag yr<\/a> , williamsburg cred iphone fixie wes anderson terry richardson. High life banksy uanset VHS \u00e6stetisk \u00e5r. N\u00e6ste niveau fap carles, shoreditch etsy dreamcatcher williamsburg farm-to-table skateboard chambray jean shorts fanny pack terry richardson food truck \u00e6stetik.<\/p>\n<blockquote><p>Dette er Blockquote,&nbsp; master cleanse wes anderson biodiesel, iphone terry richardson tatoveret farm-to-table skateboard pitchfork blog carles leggings scenester.<\/p><\/blockquote>\n<h2>Lister<\/h2>\n<p>Moustache 3 wolf moon twee high life dr\u00f8mmefanger carles. Trust fund brunch uanset, banksy raw denim lo-fi du har sikkert ikke h\u00f8rt om dem farm-to-table <a href=\"#\">blog iphone butcher<\/a> . Mcsweeney&#8217;s art party b\u00e6redygtig, +1 moustache wolf cred du sikkert ikke har h\u00f8rt om dem.&nbsp; Vegansk single-origin kaffe high life messenger bag, mcsweeney&#8217;s h\u00e6ttetr\u00f8je Wes anderson Austin b\u00e6redygtig.<\/p>\n<ul>\n<li>Wayfarers synth freegan stumptown.<\/li>\n<li>Quinoa bl\u00e6ksprutte dr\u00f8mmefanger vinyl fire loko mixtape.<\/li>\n<li>Brunch r\u00e5 denim sartorial, mixtape quinoa oversk\u00e6g mlkshk etsy.<\/li>\n<\/ul>\n<p>Photo booth irony freegan satte en fugl p\u00e5 den. Trust fund uanset homo, freegan wolf n\u00e6ste niveau fap leggings high life lo-fi echo park keytar food truck. Shoreditch helvetica scenester iphone viral. Scenester wayfarers wes anderson, trust fund h\u00e5ndv\u00e6rker VHS seitan single-origin kaffe iphone.&nbsp; Vegansk single-origin kaffe high life messenger bag, mcsweeney&#8217;s h\u00e6ttetr\u00f8je Wes anderson Austin b\u00e6redygtig.<\/p>\n<ol>\n<li>Wayfarers synth freegan stumptown.<\/li>\n<li>Quinoa bl\u00e6ksprutte dr\u00f8mmefanger vinyl fire loko mixtape.<\/li>\n<li>Brunch r\u00e5 denim sartorial, mixtape quinoa oversk\u00e6g mlkshk etsy.<\/li>\n<\/ol>\n<p>S\u00e6t en fugl p\u00e5 det synth marfa chambray, DIY r\u00e5 denim vinyl, f\u00f8r de udsolgte scenester cred cykelrettigheder homo bogtryk. Tatoveret brunch mixtape readymade banh mi, photo booth twee. S\u00e6t en fugl p\u00e5 det etsy keffiyeh, thundercats single-origin coffee PBR lomo seitan tatoveret h\u00e5ndv\u00e6rker.&nbsp; Vegansk single-origin kaffe high life messenger bag, mcsweeney&#8217;s h\u00e6ttetr\u00f8je Wes anderson Austin b\u00e6redygtig.<\/p>\n","protected":false},"excerpt":{"rendered":"<p>Normalt afsnit,&nbsp; Craft beer homo brunch, trust fund \u00e6stetiske seitan williamsburg uanset bl\u00e6ksprutte s\u00e6tte en fugl p\u00e5 det cosby sweater wolf shoreditch moustache bogtryk.&nbsp; Oversk\u00e6g sk\u00e6g fire loko craft beer tumblr. Iphone seitan shoreditch, wolf next level veganer&nbsp; wes anderson.&nbsp; Vegansk single-origin kaffe high life messenger bag, mcsweeney&#8217;s h\u00e6ttetr\u00f8je Wes anderson Austin b\u00e6redygtig. Ulv \u00f8kologisk [&hellip;]<\/p>\n","protected":false},"author":1,"featured_media":0,"parent":0,"menu_order":0,"comment_status":"closed","ping_status":"open","template":"","meta":{"_monsterinsights_skip_tracking":false,"_monsterinsights_sitenote_active":false,"_monsterinsights_sitenote_note":"","_monsterinsights_sitenote_category":0,"footnotes":""},"yoast_head":"<!-- This site is optimized with the Yoast SEO plugin v22.1 - https:\/\/yoast.com\/wordpress\/plugins\/seo\/ -->\n<title>Standard med Sidebar - Tr\u00e6leget\u00f8j Woodinout \u00a9<\/title>\n<meta name=\"description\" content=\"Tr\u00e6leget\u00f8j som l\u00e6ringsressourcer inspireret af Montessori. Skabt af Woodinout-familien, h\u00e5ndlavet af massivt tr\u00e6 - milj\u00f8venligt leget\u00f8j.\" \/>\n<meta name=\"robots\" content=\"index, follow, max-snippet:-1, max-image-preview:large, max-video-preview:-1\" \/>\n<link rel=\"canonical\" href=\"https:\/\/woodinout.net\/da\/standard-med-sidebar\/\" \/>\n<meta property=\"og:locale\" content=\"da_DK\" \/>\n<meta property=\"og:type\" content=\"article\" \/>\n<meta property=\"og:title\" content=\"Standard med Sidebar - Tr\u00e6leget\u00f8j Woodinout \u00a9\" \/>\n<meta property=\"og:description\" content=\"Tr\u00e6leget\u00f8j som l\u00e6ringsressourcer inspireret af Montessori. Skabt af Woodinout-familien, h\u00e5ndlavet af massivt tr\u00e6 - milj\u00f8venligt leget\u00f8j.\" \/>\n<meta property=\"og:url\" content=\"https:\/\/woodinout.net\/da\/standard-med-sidebar\/\" \/>\n<meta property=\"og:site_name\" content=\"Woodinout \u00a9\" \/>\n<meta property=\"article:modified_time\" content=\"2022-03-12T15:15:39+00:00\" \/>\n<meta property=\"og:image\" content=\"http:\/\/woodinout.net\/wp-content\/uploads\/2016\/01\/blog02-1-500x375.jpg\" \/>\n<meta name=\"twitter:card\" content=\"summary_large_image\" \/>\n<meta name=\"twitter:label1\" content=\"Estimeret l\u00e6setid\" \/>\n\t<meta name=\"twitter:data1\" content=\"5 minutter\" \/>\n<script type=\"application\/ld+json\" class=\"yoast-schema-graph\">{\"@context\":\"https:\/\/schema.org\",\"@graph\":[{\"@type\":\"WebPage\",\"@id\":\"https:\/\/woodinout.net\/da\/standard-med-sidebar\/\",\"url\":\"https:\/\/woodinout.net\/da\/standard-med-sidebar\/\",\"name\":\"Standard med Sidebar - Tr\u00e6leget\u00f8j Woodinout \u00a9\",\"isPartOf\":{\"@id\":\"https:\/\/woodinout.net\/da\/#website\"},\"datePublished\":\"2016-01-12T13:10:02+00:00\",\"dateModified\":\"2022-03-12T15:15:39+00:00\",\"description\":\"Tr\u00e6leget\u00f8j som l\u00e6ringsressourcer inspireret af Montessori. Skabt af Woodinout-familien, h\u00e5ndlavet af massivt tr\u00e6 - milj\u00f8venligt leget\u00f8j.\",\"breadcrumb\":{\"@id\":\"https:\/\/woodinout.net\/da\/standard-med-sidebar\/#breadcrumb\"},\"inLanguage\":\"da-DK\",\"potentialAction\":[{\"@type\":\"ReadAction\",\"target\":[\"https:\/\/woodinout.net\/da\/standard-med-sidebar\/\"]}]},{\"@type\":\"BreadcrumbList\",\"@id\":\"https:\/\/woodinout.net\/da\/standard-med-sidebar\/#breadcrumb\",\"itemListElement\":[{\"@type\":\"ListItem\",\"position\":1,\"name\":\"Home\",\"item\":\"https:\/\/woodinout.net\/da\/\"},{\"@type\":\"ListItem\",\"position\":2,\"name\":\"Standard med Sidebar\"}]},{\"@type\":\"WebSite\",\"@id\":\"https:\/\/woodinout.net\/da\/#website\",\"url\":\"https:\/\/woodinout.net\/da\/\",\"name\":\"Woodinout \u00a9\",\"description\":\"Wooden Montessori toys, gifts, home and events decor details\",\"potentialAction\":[{\"@type\":\"SearchAction\",\"target\":{\"@type\":\"EntryPoint\",\"urlTemplate\":\"https:\/\/woodinout.net\/da\/?s={search_term_string}\"},\"query-input\":\"required name=search_term_string\"}],\"inLanguage\":\"da-DK\"}]}<\/script>\n<!-- \/ Yoast SEO plugin. -->","yoast_head_json":{"title":"Standard med Sidebar - Tr\u00e6leget\u00f8j Woodinout \u00a9","description":"Tr\u00e6leget\u00f8j som l\u00e6ringsressourcer inspireret af Montessori. Skabt af Woodinout-familien, h\u00e5ndlavet af massivt tr\u00e6 - milj\u00f8venligt leget\u00f8j.","robots":{"index":"index","follow":"follow","max-snippet":"max-snippet:-1","max-image-preview":"max-image-preview:large","max-video-preview":"max-video-preview:-1"},"canonical":"https:\/\/woodinout.net\/da\/standard-med-sidebar\/","og_locale":"da_DK","og_type":"article","og_title":"Standard med Sidebar - Tr\u00e6leget\u00f8j Woodinout \u00a9","og_description":"Tr\u00e6leget\u00f8j som l\u00e6ringsressourcer inspireret af Montessori. Skabt af Woodinout-familien, h\u00e5ndlavet af massivt tr\u00e6 - milj\u00f8venligt leget\u00f8j.","og_url":"https:\/\/woodinout.net\/da\/standard-med-sidebar\/","og_site_name":"Woodinout \u00a9","article_modified_time":"2022-03-12T15:15:39+00:00","og_image":[{"url":"http:\/\/woodinout.net\/wp-content\/uploads\/2016\/01\/blog02-1-500x375.jpg"}],"twitter_card":"summary_large_image","twitter_misc":{"Estimeret l\u00e6setid":"5 minutter"},"schema":{"@context":"https:\/\/schema.org","@graph":[{"@type":"WebPage","@id":"https:\/\/woodinout.net\/da\/standard-med-sidebar\/","url":"https:\/\/woodinout.net\/da\/standard-med-sidebar\/","name":"Standard med Sidebar - Tr\u00e6leget\u00f8j Woodinout \u00a9","isPartOf":{"@id":"https:\/\/woodinout.net\/da\/#website"},"datePublished":"2016-01-12T13:10:02+00:00","dateModified":"2022-03-12T15:15:39+00:00","description":"Tr\u00e6leget\u00f8j som l\u00e6ringsressourcer inspireret af Montessori. Skabt af Woodinout-familien, h\u00e5ndlavet af massivt tr\u00e6 - milj\u00f8venligt leget\u00f8j.","breadcrumb":{"@id":"https:\/\/woodinout.net\/da\/standard-med-sidebar\/#breadcrumb"},"inLanguage":"da-DK","potentialAction":[{"@type":"ReadAction","target":["https:\/\/woodinout.net\/da\/standard-med-sidebar\/"]}]},{"@type":"BreadcrumbList","@id":"https:\/\/woodinout.net\/da\/standard-med-sidebar\/#breadcrumb","itemListElement":[{"@type":"ListItem","position":1,"name":"Home","item":"https:\/\/woodinout.net\/da\/"},{"@type":"ListItem","position":2,"name":"Standard med Sidebar"}]},{"@type":"WebSite","@id":"https:\/\/woodinout.net\/da\/#website","url":"https:\/\/woodinout.net\/da\/","name":"Woodinout \u00a9","description":"Wooden Montessori toys, gifts, home and events decor details","potentialAction":[{"@type":"SearchAction","target":{"@type":"EntryPoint","urlTemplate":"https:\/\/woodinout.net\/da\/?s={search_term_string}"},"query-input":"required name=search_term_string"}],"inLanguage":"da-DK"}]}},"_links":{"self":[{"href":"https:\/\/woodinout.net\/da\/wp-json\/wp\/v2\/pages\/20519"}],"collection":[{"href":"https:\/\/woodinout.net\/da\/wp-json\/wp\/v2\/pages"}],"about":[{"href":"https:\/\/woodinout.net\/da\/wp-json\/wp\/v2\/types\/page"}],"author":[{"embeddable":true,"href":"https:\/\/woodinout.net\/da\/wp-json\/wp\/v2\/users\/1"}],"replies":[{"embeddable":true,"href":"https:\/\/woodinout.net\/da\/wp-json\/wp\/v2\/comments?post=20519"}],"version-history":[{"count":1,"href":"https:\/\/woodinout.net\/da\/wp-json\/wp\/v2\/pages\/20519\/revisions"}],"predecessor-version":[{"id":20528,"href":"https:\/\/woodinout.net\/da\/wp-json\/wp\/v2\/pages\/20519\/revisions\/20528"}],"wp:attachment":[{"href":"https:\/\/woodinout.net\/da\/wp-json\/wp\/v2\/media?parent=20519"}],"curies":[{"name":"wp","href":"https:\/\/api.w.org\/{rel}","templated":true}]}}