{"id":20513,"date":"2016-01-15T00:50:31","date_gmt":"2016-01-14T22:50:31","guid":{"rendered":"https:\/\/woodinout.net\/hjem-billedskyder\/"},"modified":"2022-03-12T17:15:39","modified_gmt":"2022-03-12T15:15:39","slug":"hjem-billedskyder","status":"publish","type":"page","link":"https:\/\/woodinout.net\/da\/hjem-billedskyder\/","title":{"rendered":"Hjem &#8211; Billedskyder"},"content":{"rendered":"<div id=\"pl-20513\"  class=\"panel-layout\" ><div id=\"pg-20513-0\"  class=\"panel-grid panel-has-style\" ><div class=\"siteorigin-panels-stretch panel-row-style panel-row-style-for-20513-0\" data-stretch-type=\"full-stretched\" ><div id=\"pgc-20513-0-0\"  class=\"panel-grid-cell\" ><div id=\"panel-20513-0-0-0\" class=\"so-panel widget widget_primrose-sow-hero-slider panel-first-child panel-last-child\" data-index=\"0\" ><div\n\t\t\t\n\t\t\tclass=\"so-widget-primrose-sow-hero-slider so-widget-primrose-sow-hero-slider-default-b09dadf322e1-20513\"\n\t\t\t\n\t\t>\t<div class=\"primrose-sow-hero-slider slick\" data-autoplay=\"5000\">\r\n\t\t\t\t\t<div class=\"primrose-sow-hero-slide primrose-sow-hero-slide-0\" style=\"background-color: #f3f3f3;\">\r\n\t\t\t\t<div class=\"primrose-sow-hero-slide-background primrose-sow-background-cover \">\r\n\t\t\t\t\t\r\n\t\t\t\t\t\t\t\t\t\t\t\t<img class=\"primrose-sow-hero-slide-background-image\" alt=\"\"\r\n\t\t\t\t\t\t\t\tsrc=\"https:\/\/woodinout.net\/wp-content\/uploads\/2016\/01\/hero01-1.jpg\"\r\n\t\t\t\t\t\t\t\theight=\"720\"\r\n\t\t\t\t\t\t\t\twidth=\"1440\"\r\n\t\t\t\t\t\t\t\t>\r\n\t\t\t\t\t\t\r\n\t\t\t\t\t\r\n\t\t\t\t<\/div><!-- .primrose-sow-hero-slide-background -->\r\n\r\n\t\t\t\t<div class=\"primrose-sow-hero-slide-overlay\" style=\"background-color: rgba(0,0,0,0);\"><\/div>\r\n\r\n\t\t\t\t<div class=\"primrose-sow-hero-slide-content\">\r\n\t\t\t\t\t<div class=\"primrose-sow-hero-slide-content-inner\">\r\n\t\t\t\t\t\t\t\t\t\t\t\t\t<div class=\"primrose-sow-hero-slide-title\">Welcome to Primrose<\/div>\r\n\t\t\t\t\t\t\r\n\t\t\t\t\t\t<div\n\t\t\t\n\t\t\tclass=\"so-widget-primrose-sow-buttons so-widget-primrose-sow-buttons-default-939602cfe3c9\"\n\t\t\t\n\t\t>\t<div class=\"primrose-sow-buttons primrose-sow-alignment-center\">\r\n\t\t\t\t\t<a href=\"https:\/\/woodinout.net\/shop\/\"\r\n\t\t\t\tclass=\"primrose-sow-button primrose-sow-button-0 button anchor-link\"\r\n\t\t\t\t>\r\n\t\t\t\tBrowse Our Products\t\t\t<\/a>\r\n\t\t\t<\/div><!-- .primrose-sow-buttons -->\r\n<\/div>\t\t\t\t\t<\/div>\r\n\t\t\t\t<\/div><!-- .primrose-sow-hero-slide-content -->\r\n\t\t\t\t\r\n\t\t\t<\/div><!-- .primrose-sow-hero-slide -->\r\n\t\t\t\t\t<div class=\"primrose-sow-hero-slide primrose-sow-hero-slide-1\" style=\"background-color: #f3f3f3;\">\r\n\t\t\t\t<div class=\"primrose-sow-hero-slide-background primrose-sow-background-cover \">\r\n\t\t\t\t\t\r\n\t\t\t\t\t\t\t\t\t\t\t\t<img class=\"primrose-sow-hero-slide-background-image\" alt=\"\"\r\n\t\t\t\t\t\t\t\tsrc=\"https:\/\/woodinout.net\/wp-content\/uploads\/2016\/01\/hero02-1.jpg\"\r\n\t\t\t\t\t\t\t\theight=\"720\"\r\n\t\t\t\t\t\t\t\twidth=\"1440\"\r\n\t\t\t\t\t\t\t\t>\r\n\t\t\t\t\t\t\r\n\t\t\t\t\t\r\n\t\t\t\t<\/div><!-- .primrose-sow-hero-slide-background -->\r\n\r\n\t\t\t\t<div class=\"primrose-sow-hero-slide-overlay\" style=\"background-color: rgba(0,0,0,0);\"><\/div>\r\n\r\n\t\t\t\t<div class=\"primrose-sow-hero-slide-content\">\r\n\t\t\t\t\t<div class=\"primrose-sow-hero-slide-content-inner\">\r\n\t\t\t\t\t\t\t\t\t\t\t\t\t<div class=\"primrose-sow-hero-slide-title\">Made for Any Creative Brands<\/div>\r\n\t\t\t\t\t\t\r\n\t\t\t\t\t\t<div\n\t\t\t\n\t\t\tclass=\"so-widget-primrose-sow-buttons so-widget-primrose-sow-buttons-default-939602cfe3c9\"\n\t\t\t\n\t\t>\t<div class=\"primrose-sow-buttons primrose-sow-alignment-center\">\r\n\t\t\t\t\t<a href=\"#features\"\r\n\t\t\t\tclass=\"primrose-sow-button primrose-sow-button-0 button anchor-link\"\r\n\t\t\t\t>\r\n\t\t\t\tLearn More\t\t\t<\/a>\r\n\t\t\t<\/div><!-- .primrose-sow-buttons -->\r\n<\/div>\t\t\t\t\t<\/div>\r\n\t\t\t\t<\/div><!-- .primrose-sow-hero-slide-content -->\r\n\t\t\t\t\r\n\t\t\t<\/div><!-- .primrose-sow-hero-slide -->\r\n\t\t\t\t\t<div class=\"primrose-sow-hero-slide primrose-sow-hero-slide-2\" style=\"background-color: #f3f3f3;\">\r\n\t\t\t\t<div class=\"primrose-sow-hero-slide-background primrose-sow-background-cover \">\r\n\t\t\t\t\t\r\n\t\t\t\t\t\t\t\t\t\t\t\t<img class=\"primrose-sow-hero-slide-background-image\" alt=\"\"\r\n\t\t\t\t\t\t\t\tsrc=\"https:\/\/woodinout.net\/wp-content\/uploads\/2016\/01\/hero03-1.jpg\"\r\n\t\t\t\t\t\t\t\theight=\"720\"\r\n\t\t\t\t\t\t\t\twidth=\"1440\"\r\n\t\t\t\t\t\t\t\t>\r\n\t\t\t\t\t\t\r\n\t\t\t\t\t\r\n\t\t\t\t<\/div><!-- .primrose-sow-hero-slide-background -->\r\n\r\n\t\t\t\t<div class=\"primrose-sow-hero-slide-overlay\" style=\"background-color: rgba(0,0,0,0);\"><\/div>\r\n\r\n\t\t\t\t<div class=\"primrose-sow-hero-slide-content\">\r\n\t\t\t\t\t<div class=\"primrose-sow-hero-slide-content-inner\">\r\n\t\t\t\t\t\t\t\t\t\t\t\t\t<div class=\"primrose-sow-hero-slide-title\">Showcase Your Products Elegantly<\/div>\r\n\t\t\t\t\t\t\r\n\t\t\t\t\t\t<div\n\t\t\t\n\t\t\tclass=\"so-widget-primrose-sow-buttons so-widget-primrose-sow-buttons-default-939602cfe3c9\"\n\t\t\t\n\t\t>\t<div class=\"primrose-sow-buttons primrose-sow-alignment-center\">\r\n\t\t\t\t\t<a href=\"#features\"\r\n\t\t\t\tclass=\"primrose-sow-button primrose-sow-button-0 button anchor-link\"\r\n\t\t\t\t>\r\n\t\t\t\tSee All Features\t\t\t<\/a>\r\n\t\t\t<\/div><!-- .primrose-sow-buttons -->\r\n<\/div>\t\t\t\t\t<\/div>\r\n\t\t\t\t<\/div><!-- .primrose-sow-hero-slide-content -->\r\n\t\t\t\t\r\n\t\t\t<\/div><!-- .primrose-sow-hero-slide -->\r\n\t\t\t<\/div><!-- .primrose-sow-hero-slider -->\r\n<\/div><\/div><\/div><\/div><\/div><div id=\"pg-20513-1\"  class=\"panel-grid panel-has-style\" ><div class=\"panel-row-style panel-row-style-for-20513-1\" ><div id=\"pgc-20513-1-0\"  class=\"panel-grid-cell panel-grid-cell-empty\" ><\/div><div id=\"pgc-20513-1-1\"  class=\"panel-grid-cell panel-grid-cell-mobile-last\" ><div id=\"panel-20513-1-1-0\" class=\"so-panel widget widget_primrose-sow-cta panel-first-child panel-last-child\" data-index=\"1\" ><div\n\t\t\t\n\t\t\tclass=\"so-widget-primrose-sow-cta so-widget-primrose-sow-cta-default-d75171398898-20513\"\n\t\t\t\n\t\t><div class=\"primrose-sow-cta primrose-sow-cta-\">\r\n\t\t\t<div class=\"primrose-sow-cta-text\">Primrose is a minimal WordPress theme, suits for creative brands who want to showcase their products in the most creative way possible.<\/div>\r\n\t\r\n\t<div\n\t\t\t\n\t\t\tclass=\"so-widget-primrose-sow-buttons so-widget-primrose-sow-buttons-default-37a6259cc0c1\"\n\t\t\t\n\t\t><\/div><\/div><!-- .primrose-sow-cta --><\/div><\/div><\/div><div id=\"pgc-20513-1-2\"  class=\"panel-grid-cell panel-grid-cell-empty\" ><\/div><\/div><\/div><div id=\"pg-20513-2\"  class=\"panel-grid panel-has-style\" ><div class=\"siteorigin-panels-stretch panel-row-style panel-row-style-for-20513-2\" data-stretch-type=\"full\" id=\"features\" data-anchor=\"features\" ><div id=\"pgc-20513-2-0\"  class=\"panel-grid-cell\" ><div id=\"panel-20513-2-0-0\" class=\"so-panel widget widget_primrose-sow-feature panel-first-child panel-last-child\" data-index=\"2\" ><div\n\t\t\t\n\t\t\tclass=\"so-widget-primrose-sow-feature so-widget-primrose-sow-feature-default-d75171398898-20513\"\n\t\t\t\n\t\t><div class=\"primrose-sow-feature\">\r\n\t<div class=\"primrose-sow-feature-icon\"><span class=\"sow-icon-simplelineicons\" data-sow-icon=\"&#xe043;\"\n\t\tstyle=\"font-size: 32px; color: #d2bea0\" \n\t\taria-hidden=\"true\"><\/span><\/div>\r\n\t<h4 class=\"primrose-sow-feature-heading\" style=\"color: #333333;\">Unique by Design<\/h4>\r\n\t<div class=\"primrose-sow-feature-description\"><p>Vivamus elementum semper nisi. Aenean vulputate eleifend tellus. Aenean leo ligula, porttitor eu, consequat vitae, eleifend ac, enim. Aliquam lorem ante, dapibus in, viverra quis, feugiat a, tellus.<\/p><\/div>\r\n<\/div><!-- .primrose-sow-feature --><\/div><\/div><\/div><div id=\"pgc-20513-2-1\"  class=\"panel-grid-cell\" ><div id=\"panel-20513-2-1-0\" class=\"so-panel widget widget_primrose-sow-feature panel-first-child panel-last-child\" data-index=\"3\" ><div\n\t\t\t\n\t\t\tclass=\"so-widget-primrose-sow-feature so-widget-primrose-sow-feature-default-d75171398898-20513\"\n\t\t\t\n\t\t><div class=\"primrose-sow-feature\">\r\n\t<div class=\"primrose-sow-feature-icon\"><span class=\"sow-icon-simplelineicons\" data-sow-icon=\"&#xe05c;\"\n\t\tstyle=\"font-size: 32px; color: #d2bea0\" \n\t\taria-hidden=\"true\"><\/span><\/div>\r\n\t<h4 class=\"primrose-sow-feature-heading\" style=\"color: #333333;\">Straightforward Features<\/h4>\r\n\t<div class=\"primrose-sow-feature-description\"><p>Vivamus elementum semper nisi. Aenean vulputate eleifend tellus. Aenean leo ligula, porttitor eu, consequat vitae, eleifend ac, enim. Aliquam lorem ante, dapibus in, viverra quis, feugiat a, tellus.<\/p><\/div>\r\n<\/div><!-- .primrose-sow-feature --><\/div><\/div><\/div><div id=\"pgc-20513-2-2\"  class=\"panel-grid-cell\" ><div id=\"panel-20513-2-2-0\" class=\"so-panel widget widget_primrose-sow-feature panel-first-child panel-last-child\" data-index=\"4\" ><div\n\t\t\t\n\t\t\tclass=\"so-widget-primrose-sow-feature so-widget-primrose-sow-feature-default-d75171398898-20513\"\n\t\t\t\n\t\t><div class=\"primrose-sow-feature\">\r\n\t<div class=\"primrose-sow-feature-icon\"><span class=\"sow-icon-simplelineicons\" data-sow-icon=\"&#xe056;\"\n\t\tstyle=\"font-size: 32px; color: #d2bea0\" \n\t\taria-hidden=\"true\"><\/span><\/div>\r\n\t<h4 class=\"primrose-sow-feature-heading\" style=\"color: #333333;\">Top Notch Customer Support<\/h4>\r\n\t<div class=\"primrose-sow-feature-description\"><p>Vivamus elementum semper nisi. Aenean vulputate eleifend tellus. Aenean leo ligula, porttitor eu, consequat vitae, eleifend ac, enim. Aliquam lorem ante, dapibus in, viverra quis, feugiat a, tellus.<\/p><\/div>\r\n<\/div><!-- .primrose-sow-feature --><\/div><\/div><\/div><\/div><\/div><div id=\"pg-20513-3\"  class=\"panel-grid panel-has-style\" ><div class=\"panel-row-style panel-row-style-for-20513-3\" ><div id=\"pgc-20513-3-0\"  class=\"panel-grid-cell\" ><div id=\"panel-20513-3-0-0\" class=\"so-panel widget widget_primrose-sow-heading panel-first-child\" data-index=\"5\" ><div\n\t\t\t\n\t\t\tclass=\"so-widget-primrose-sow-heading so-widget-primrose-sow-heading-default-d75171398898-20513\"\n\t\t\t\n\t\t><h2 class=\"primrose-sow-heading primrose-sow-alignment-center\">Our Best Sellers<\/h2><\/div><\/div><div id=\"panel-20513-3-0-1\" class=\"so-panel widget widget_primrose-sow-woocommerce-posts-grid\" data-index=\"6\" ><div class=\"panel-widget-style panel-widget-style-for-20513-3-0-1\" ><div\n\t\t\t\n\t\t\tclass=\"so-widget-primrose-sow-woocommerce-posts-grid so-widget-primrose-sow-woocommerce-posts-grid-default-d75171398898-20513\"\n\t\t\t\n\t\t><div class=\"primrose-sow-woocommerce-posts-grid\">\r\n\t<!-- [products best_selling=\"true\" limit=\"3\" columns=\"3\" orderby=\"date\" order=\"desc\"] -->\t<div class=\"woocommerce columns-3 \"><ul class=\"products columns-3\">\n<li class=\"product type-product post-22349 status-publish first instock product_cat-2675 product_cat-1777 product_tag-2678 product_tag-1818 product_tag-1816 product_tag-2610 product_tag-1821 product_tag-1822 product_tag-2676 product_tag-2677 product_tag-2609 product_tag-1798 product_tag-1793 product_tag-1784 has-post-thumbnail shipping-taxable purchasable product-type-simple\">\n\t<a href=\"https:\/\/woodinout.net\/ja\/product\/%e6%9c%a8%e8%a3%bd%e3%82%a2%e3%83%bc%e3%83%81%e3%82%a7%e3%83%aa%e3%83%bc%e5%bc%93%e7%9f%a2\/\" class=\"woocommerce-LoopProduct-link woocommerce-loop-product__link\"><img loading=\"lazy\" decoding=\"async\" width=\"480\" height=\"720\" src=\"https:\/\/woodinout.net\/wp-content\/uploads\/2020\/06\/Wooden-archery-bow-and-arrows-3-480x720.jpg\" class=\"attachment-woocommerce_thumbnail size-woocommerce_thumbnail\" alt=\"\u6728\u88fd\u30a2\u30fc\u30c1\u30a7\u30ea\u30fc\u5f13\u3068\u77e2\u306e\u304a\u3082\u3061\u3083\" srcset=\"https:\/\/woodinout.net\/wp-content\/uploads\/2020\/06\/Wooden-archery-bow-and-arrows-3-480x720.jpg 480w, https:\/\/woodinout.net\/wp-content\/uploads\/2020\/06\/Wooden-archery-bow-and-arrows-3-800x1200.jpg 800w, https:\/\/woodinout.net\/wp-content\/uploads\/2020\/06\/Wooden-archery-bow-and-arrows-3-333x500.jpg 333w, https:\/\/woodinout.net\/wp-content\/uploads\/2020\/06\/Wooden-archery-bow-and-arrows-3-533x800.jpg 533w, https:\/\/woodinout.net\/wp-content\/uploads\/2020\/06\/Wooden-archery-bow-and-arrows-3.jpg 853w\" sizes=\"(max-width: 480px) 100vw, 480px\" \/><h2 class=\"woocommerce-loop-product__title\">\u6728\u88fd\u30a2\u30fc\u30c1\u30a7\u30ea\u30fc\u306e\u304a\u3082\u3061\u3083\u3001\u5f13\u3068\u77e2<\/h2>\n\t<span class=\"price\"><span class=\"woocs_price_code\" data-currency=\"\" data-redraw-id=\"69df16d8b1679\"  data-product-id=\"22349\"><span class=\"woocommerce-Price-amount amount\"><bdi>37.00<span class=\"woocommerce-Price-currencySymbol\">&#36;<\/span><\/bdi><\/span><\/span><div class=\"woocs_price_info\"><span class=\"woocs_price_info_icon\"><\/span><ul class='woocs_price_info_list'><li><span>EUR<\/span>: <span class=\"woocs_amount\">&euro;&nbsp;32.93<\/span><\/li><\/ul><\/div><\/span>\n<\/a><a href=\"https:\/\/woodinout.net\/ja\/product\/%e6%9c%a8%e8%a3%bd%e3%82%a2%e3%83%bc%e3%83%81%e3%82%a7%e3%83%aa%e3%83%bc%e5%bc%93%e7%9f%a2\/\" data-quantity=\"1\" class=\"button product_type_simple add_to_cart_button\" data-product_id=\"22349\" data-product_sku=\"\" aria-label=\"Add to cart: &ldquo;\u6728\u88fd\u30a2\u30fc\u30c1\u30a7\u30ea\u30fc\u306e\u304a\u3082\u3061\u3083\u3001\u5f13\u3068\u77e2&rdquo;\" aria-describedby=\"\" rel=\"nofollow\">Select options<\/a><\/li>\n<li class=\"product type-product post-22390 status-publish instock product_cat-1819 product_cat-1777 product_tag-2695 product_tag-2694 product_tag-2681 product_tag-1818 product_tag-1816 product_tag-1900 product_tag-1821 product_tag-1822 product_tag-1798 product_tag-1793 product_tag-1899 product_tag-1926 product_tag-1784 product_tag-1897 product_tag-2693 has-post-thumbnail shipping-taxable purchasable product-type-variable\">\n\t<a href=\"https:\/\/woodinout.net\/ja\/product\/%e3%83%91%e3%83%bc%e3%82%bd%e3%83%8a%e3%83%a9%e3%82%a4%e3%82%ba%e3%81%95%e3%82%8c%e3%81%9f%e3%82%ae%e3%83%95%e3%83%88%e3%83%a2%e3%83%b3%e3%83%86%e3%83%83%e3%82%bd%e3%83%bc%e3%83%aa-100%e3%83%95\/\" class=\"woocommerce-LoopProduct-link woocommerce-loop-product__link\"><img loading=\"lazy\" decoding=\"async\" width=\"480\" height=\"720\" src=\"https:\/\/woodinout.net\/wp-content\/uploads\/2020\/06\/Montessori-100-frame-5-480x720.jpg\" class=\"attachment-woocommerce_thumbnail size-woocommerce_thumbnail\" alt=\"\u30e2\u30f3\u30c6\u30c3\u30bd\u30fc\u30ea\u6570\u5b66\u6750\u6599 100 \u30d5\u30ec\u30fc\u30e0 by \u30a6\u30c3\u30c7\u30a3\u30cc\" srcset=\"https:\/\/woodinout.net\/wp-content\/uploads\/2020\/06\/Montessori-100-frame-5-480x720.jpg 480w, https:\/\/woodinout.net\/wp-content\/uploads\/2020\/06\/Montessori-100-frame-5-800x1200.jpg 800w, https:\/\/woodinout.net\/wp-content\/uploads\/2020\/06\/Montessori-100-frame-5-333x500.jpg 333w, https:\/\/woodinout.net\/wp-content\/uploads\/2020\/06\/Montessori-100-frame-5-533x800.jpg 533w, https:\/\/woodinout.net\/wp-content\/uploads\/2020\/06\/Montessori-100-frame-5.jpg 853w\" sizes=\"(max-width: 480px) 100vw, 480px\" \/><h2 class=\"woocommerce-loop-product__title\">\u30e2\u30f3\u30c6\u30bb\u30ea100\u30d5\u30ec\u30fc\u30e0\/\u767e\u30dc\u30fc\u30c9<\/h2>\n\t<span class=\"price\"><span class=\"woocs_price_code\" data-currency=\"\" data-redraw-id=\"69df16d8c358c\"  data-product-id=\"22390\"><span class=\"woocommerce-Price-amount amount\"><bdi>54.00<span class=\"woocommerce-Price-currencySymbol\">&#36;<\/span><\/bdi><\/span> &ndash; <span class=\"woocommerce-Price-amount amount\"><bdi>102.00<span class=\"woocommerce-Price-currencySymbol\">&#36;<\/span><\/bdi><\/span><\/span><div class=\"woocs_price_info\"><span class=\"woocs_price_info_icon\"><\/span><ul class='woocs_price_info_list'><li><b>EUR<\/b>: <span class=\"woocs_amount\">&euro;&nbsp;48.06<\/span> - <span class=\"woocs_amount\">&euro;&nbsp;90.78<\/span><\/li><\/ul><\/div><\/span>\n<\/a><a href=\"https:\/\/woodinout.net\/ja\/product\/%e3%83%91%e3%83%bc%e3%82%bd%e3%83%8a%e3%83%a9%e3%82%a4%e3%82%ba%e3%81%95%e3%82%8c%e3%81%9f%e3%82%ae%e3%83%95%e3%83%88%e3%83%a2%e3%83%b3%e3%83%86%e3%83%83%e3%82%bd%e3%83%bc%e3%83%aa-100%e3%83%95\/\" data-quantity=\"1\" class=\"button product_type_variable add_to_cart_button\" data-product_id=\"22390\" data-product_sku=\"\" aria-label=\"V\u00e6lg muligheder for &ldquo;\u30e2\u30f3\u30c6\u30bb\u30ea100\u30d5\u30ec\u30fc\u30e0\/\u767e\u30dc\u30fc\u30c9&rdquo;\" aria-describedby=\"This product has multiple variants. The options may be chosen on the product page\" rel=\"nofollow\">Select options<\/a><\/li>\n<li class=\"product type-product post-22322 status-publish last instock product_cat-1819 product_cat-1777 product_tag-1818 product_tag-1930 product_tag-1816 product_tag-1900 product_tag-1821 product_tag-1822 product_tag-1798 product_tag-1793 product_tag-1899 product_tag-1926 product_tag-1784 product_tag-1897 has-post-thumbnail shipping-taxable purchasable product-type-variable\">\n\t<a href=\"https:\/\/woodinout.net\/ja\/product\/%e3%82%af%e3%82%a2%e3%82%a6%e3%83%88%e3%82%ad%e3%83%83%e3%83%88\/\" class=\"woocommerce-LoopProduct-link woocommerce-loop-product__link\"><img loading=\"lazy\" decoding=\"async\" width=\"480\" height=\"720\" src=\"https:\/\/woodinout.net\/wp-content\/uploads\/2021\/03\/Couting_kit_1-480x720.jpg\" class=\"attachment-woocommerce_thumbnail size-woocommerce_thumbnail\" alt=\"\" srcset=\"https:\/\/woodinout.net\/wp-content\/uploads\/2021\/03\/Couting_kit_1-480x720.jpg 480w, https:\/\/woodinout.net\/wp-content\/uploads\/2021\/03\/Couting_kit_1-400x600.jpg 400w, https:\/\/woodinout.net\/wp-content\/uploads\/2021\/03\/Couting_kit_1-533x800.jpg 533w, https:\/\/woodinout.net\/wp-content\/uploads\/2021\/03\/Couting_kit_1-1024x1536.jpg 1024w, https:\/\/woodinout.net\/wp-content\/uploads\/2021\/03\/Couting_kit_1-1365x2048.jpg 1365w, https:\/\/woodinout.net\/wp-content\/uploads\/2021\/03\/Couting_kit_1-1080x1621.jpg 1080w, https:\/\/woodinout.net\/wp-content\/uploads\/2021\/03\/Couting_kit_1.jpg 1706w\" sizes=\"(max-width: 480px) 100vw, 480px\" \/><h2 class=\"woocommerce-loop-product__title\">\u30af\u30fc\u30c6\u30a3\u30f3\u30b0\u30ad\u30c3\u30c8<\/h2>\n\t<span class=\"price\"><span class=\"woocs_price_code\" data-currency=\"\" data-redraw-id=\"69df16d8d0a0e\"  data-product-id=\"22322\"><span class=\"woocommerce-Price-amount amount\"><bdi>23.00<span class=\"woocommerce-Price-currencySymbol\">&#36;<\/span><\/bdi><\/span> &ndash; <span class=\"woocommerce-Price-amount amount\"><bdi>27.00<span class=\"woocommerce-Price-currencySymbol\">&#36;<\/span><\/bdi><\/span><\/span><div class=\"woocs_price_info\"><span class=\"woocs_price_info_icon\"><\/span><ul class='woocs_price_info_list'><li><b>EUR<\/b>: <span class=\"woocs_amount\">&euro;&nbsp;20.47<\/span> - <span class=\"woocs_amount\">&euro;&nbsp;24.03<\/span><\/li><\/ul><\/div><\/span>\n<\/a><a href=\"https:\/\/woodinout.net\/ja\/product\/%e3%82%af%e3%82%a2%e3%82%a6%e3%83%88%e3%82%ad%e3%83%83%e3%83%88\/\" data-quantity=\"1\" class=\"button product_type_variable add_to_cart_button\" data-product_id=\"22322\" data-product_sku=\"\" aria-label=\"V\u00e6lg muligheder for &ldquo;\u30af\u30fc\u30c6\u30a3\u30f3\u30b0\u30ad\u30c3\u30c8&rdquo;\" aria-describedby=\"This product has multiple variants. The options may be chosen on the product page\" rel=\"nofollow\">V\u00e6lg muligheder<\/a><\/li>\n<\/ul>\n<\/div><\/div><\/div><\/div><\/div><div id=\"panel-20513-3-0-2\" class=\"so-panel widget widget_primrose-sow-buttons panel-last-child\" data-index=\"7\" ><div\n\t\t\t\n\t\t\tclass=\"so-widget-primrose-sow-buttons so-widget-primrose-sow-buttons-default-b3d3443d4f5b-20513\"\n\t\t\t\n\t\t>\t<div class=\"primrose-sow-buttons primrose-sow-alignment-center\">\r\n\t\t\t\t\t<a href=\"https:\/\/woodinout.net\/shop\/\"\r\n\t\t\t\tclass=\"primrose-sow-button primrose-sow-button-0 button anchor-link\"\r\n\t\t\t\t>\r\n\t\t\t\tBrowse Our Products\t\t\t<\/a>\r\n\t\t\t<\/div><!-- .primrose-sow-buttons -->\r\n<\/div><\/div><\/div><\/div><\/div><\/div>","protected":false},"excerpt":{"rendered":"<p>Welcome to Primrose Browse Our Products Made for Any Creative Brands Learn More Showcase Your Products Elegantly See All Features Primrose is a minimal WordPress theme, suits for creative brands who want to showcase their products in the most creative way possible. Unique by Design Vivamus elementum semper nisi. Aenean vulputate eleifend tellus. Aenean leo [&hellip;]<\/p>\n","protected":false},"author":1,"featured_media":0,"parent":0,"menu_order":0,"comment_status":"closed","ping_status":"closed","template":"page-templates\/blank.php","meta":{"_monsterinsights_skip_tracking":false,"_monsterinsights_sitenote_active":false,"_monsterinsights_sitenote_note":"","_monsterinsights_sitenote_category":0,"footnotes":""},"yoast_head":"<!-- This site is optimized with the Yoast SEO plugin v22.1 - https:\/\/yoast.com\/wordpress\/plugins\/seo\/ -->\n<title>Montessori tr\u00e6leget\u00f8j - H\u00e5ndlavet l\u00e6ringsressourcer - Woodinout \u00a9<\/title>\n<meta name=\"description\" content=\"Tr\u00e6leget\u00f8j inspireret af Montessori til tidlig udvikling gennem v\u00e6rdifuld familietid. H\u00e5ndlavet af massivt tr\u00e6 af h\u00f8j kvalitet.\" \/>\n<meta name=\"robots\" content=\"index, follow, max-snippet:-1, max-image-preview:large, max-video-preview:-1\" \/>\n<link rel=\"canonical\" href=\"https:\/\/woodinout.net\/da\/hjem-billedskyder\/\" \/>\n<meta property=\"og:locale\" content=\"da_DK\" \/>\n<meta property=\"og:type\" content=\"article\" \/>\n<meta property=\"og:title\" content=\"Montessori tr\u00e6leget\u00f8j - H\u00e5ndlavet l\u00e6ringsressourcer - Woodinout \u00a9\" \/>\n<meta property=\"og:description\" content=\"Tr\u00e6leget\u00f8j inspireret af Montessori til tidlig udvikling gennem v\u00e6rdifuld familietid. H\u00e5ndlavet af massivt tr\u00e6 af h\u00f8j kvalitet.\" \/>\n<meta property=\"og:url\" content=\"https:\/\/woodinout.net\/da\/hjem-billedskyder\/\" \/>\n<meta property=\"og:site_name\" content=\"Woodinout \u00a9\" \/>\n<meta property=\"article:modified_time\" content=\"2022-03-12T15:15:39+00:00\" \/>\n<meta name=\"twitter:card\" content=\"summary_large_image\" \/>\n<script type=\"application\/ld+json\" class=\"yoast-schema-graph\">{\"@context\":\"https:\/\/schema.org\",\"@graph\":[{\"@type\":\"WebPage\",\"@id\":\"https:\/\/woodinout.net\/da\/hjem-billedskyder\/\",\"url\":\"https:\/\/woodinout.net\/da\/hjem-billedskyder\/\",\"name\":\"Montessori tr\u00e6leget\u00f8j - H\u00e5ndlavet l\u00e6ringsressourcer - Woodinout \u00a9\",\"isPartOf\":{\"@id\":\"https:\/\/woodinout.net\/da\/#website\"},\"datePublished\":\"2016-01-14T22:50:31+00:00\",\"dateModified\":\"2022-03-12T15:15:39+00:00\",\"description\":\"Tr\u00e6leget\u00f8j inspireret af Montessori til tidlig udvikling gennem v\u00e6rdifuld familietid. H\u00e5ndlavet af massivt tr\u00e6 af h\u00f8j kvalitet.\",\"breadcrumb\":{\"@id\":\"https:\/\/woodinout.net\/da\/hjem-billedskyder\/#breadcrumb\"},\"inLanguage\":\"da-DK\",\"potentialAction\":[{\"@type\":\"ReadAction\",\"target\":[\"https:\/\/woodinout.net\/da\/hjem-billedskyder\/\"]}]},{\"@type\":\"BreadcrumbList\",\"@id\":\"https:\/\/woodinout.net\/da\/hjem-billedskyder\/#breadcrumb\",\"itemListElement\":[{\"@type\":\"ListItem\",\"position\":1,\"name\":\"Home\",\"item\":\"https:\/\/woodinout.net\/da\/\"},{\"@type\":\"ListItem\",\"position\":2,\"name\":\"Hjem &#8211; Billedskyder\"}]},{\"@type\":\"WebSite\",\"@id\":\"https:\/\/woodinout.net\/da\/#website\",\"url\":\"https:\/\/woodinout.net\/da\/\",\"name\":\"Woodinout \u00a9\",\"description\":\"Wooden Montessori toys, gifts, home and events decor details\",\"potentialAction\":[{\"@type\":\"SearchAction\",\"target\":{\"@type\":\"EntryPoint\",\"urlTemplate\":\"https:\/\/woodinout.net\/da\/?s={search_term_string}\"},\"query-input\":\"required name=search_term_string\"}],\"inLanguage\":\"da-DK\"}]}<\/script>\n<!-- \/ Yoast SEO plugin. -->","yoast_head_json":{"title":"Montessori tr\u00e6leget\u00f8j - H\u00e5ndlavet l\u00e6ringsressourcer - Woodinout \u00a9","description":"Tr\u00e6leget\u00f8j inspireret af Montessori til tidlig udvikling gennem v\u00e6rdifuld familietid. H\u00e5ndlavet af massivt tr\u00e6 af h\u00f8j kvalitet.","robots":{"index":"index","follow":"follow","max-snippet":"max-snippet:-1","max-image-preview":"max-image-preview:large","max-video-preview":"max-video-preview:-1"},"canonical":"https:\/\/woodinout.net\/da\/hjem-billedskyder\/","og_locale":"da_DK","og_type":"article","og_title":"Montessori tr\u00e6leget\u00f8j - H\u00e5ndlavet l\u00e6ringsressourcer - Woodinout \u00a9","og_description":"Tr\u00e6leget\u00f8j inspireret af Montessori til tidlig udvikling gennem v\u00e6rdifuld familietid. H\u00e5ndlavet af massivt tr\u00e6 af h\u00f8j kvalitet.","og_url":"https:\/\/woodinout.net\/da\/hjem-billedskyder\/","og_site_name":"Woodinout \u00a9","article_modified_time":"2022-03-12T15:15:39+00:00","twitter_card":"summary_large_image","schema":{"@context":"https:\/\/schema.org","@graph":[{"@type":"WebPage","@id":"https:\/\/woodinout.net\/da\/hjem-billedskyder\/","url":"https:\/\/woodinout.net\/da\/hjem-billedskyder\/","name":"Montessori tr\u00e6leget\u00f8j - H\u00e5ndlavet l\u00e6ringsressourcer - Woodinout \u00a9","isPartOf":{"@id":"https:\/\/woodinout.net\/da\/#website"},"datePublished":"2016-01-14T22:50:31+00:00","dateModified":"2022-03-12T15:15:39+00:00","description":"Tr\u00e6leget\u00f8j inspireret af Montessori til tidlig udvikling gennem v\u00e6rdifuld familietid. H\u00e5ndlavet af massivt tr\u00e6 af h\u00f8j kvalitet.","breadcrumb":{"@id":"https:\/\/woodinout.net\/da\/hjem-billedskyder\/#breadcrumb"},"inLanguage":"da-DK","potentialAction":[{"@type":"ReadAction","target":["https:\/\/woodinout.net\/da\/hjem-billedskyder\/"]}]},{"@type":"BreadcrumbList","@id":"https:\/\/woodinout.net\/da\/hjem-billedskyder\/#breadcrumb","itemListElement":[{"@type":"ListItem","position":1,"name":"Home","item":"https:\/\/woodinout.net\/da\/"},{"@type":"ListItem","position":2,"name":"Hjem &#8211; Billedskyder"}]},{"@type":"WebSite","@id":"https:\/\/woodinout.net\/da\/#website","url":"https:\/\/woodinout.net\/da\/","name":"Woodinout \u00a9","description":"Wooden Montessori toys, gifts, home and events decor details","potentialAction":[{"@type":"SearchAction","target":{"@type":"EntryPoint","urlTemplate":"https:\/\/woodinout.net\/da\/?s={search_term_string}"},"query-input":"required name=search_term_string"}],"inLanguage":"da-DK"}]}},"_links":{"self":[{"href":"https:\/\/woodinout.net\/da\/wp-json\/wp\/v2\/pages\/20513"}],"collection":[{"href":"https:\/\/woodinout.net\/da\/wp-json\/wp\/v2\/pages"}],"about":[{"href":"https:\/\/woodinout.net\/da\/wp-json\/wp\/v2\/types\/page"}],"author":[{"embeddable":true,"href":"https:\/\/woodinout.net\/da\/wp-json\/wp\/v2\/users\/1"}],"replies":[{"embeddable":true,"href":"https:\/\/woodinout.net\/da\/wp-json\/wp\/v2\/comments?post=20513"}],"version-history":[{"count":2,"href":"https:\/\/woodinout.net\/da\/wp-json\/wp\/v2\/pages\/20513\/revisions"}],"predecessor-version":[{"id":20523,"href":"https:\/\/woodinout.net\/da\/wp-json\/wp\/v2\/pages\/20513\/revisions\/20523"}],"wp:attachment":[{"href":"https:\/\/woodinout.net\/da\/wp-json\/wp\/v2\/media?parent=20513"}],"curies":[{"name":"wp","href":"https:\/\/api.w.org\/{rel}","templated":true}]}}